{"id":2618,"date":"2023-09-29T11:31:15","date_gmt":"2023-09-29T09:31:15","guid":{"rendered":"https:\/\/grupoalcaniz.com\/avis-juridique\/"},"modified":"2023-09-29T11:31:16","modified_gmt":"2023-09-29T09:31:16","slug":"avis-juridique","status":"publish","type":"page","link":"https:\/\/grupoalcaniz.com\/fr\/avis-juridique\/","title":{"rendered":"Avis juridique"},"content":{"rendered":"<div class=\"fusion-fullwidth fullwidth-box nonhundred-percent-fullwidth non-hundred-percent-height-scrolling\"  style='background-color: #ffffff;background-position: center center;background-repeat: no-repeat;padding-top:0px;padding-right:0px;padding-bottom:0px;padding-left:0px;'><div class=\"fusion-builder-row fusion-row \"><div  class=\"fusion-layout-column fusion_builder_column fusion_builder_column_1_1  fusion-one-full fusion-column-first fusion-column-last 1_1\"  style='margin-top:0px;margin-bottom:0px;'>\n\t\t\t\t\t<div class=\"fusion-column-wrapper\" style=\"padding: 0px 0px 0px 0px;background-position:left top;background-repeat:no-repeat;-webkit-background-size:cover;-moz-background-size:cover;-o-background-size:cover;background-size:cover;\"  data-bg-url=\"\">\n\t\t\t\t\t\t<div class=\"fusion-text\"><p>Ce site Web a \u00e9t\u00e9 cr\u00e9\u00e9 par Agroganadera Germ\u00e1n S.L. (d\u00e9sormais GRUPOALCANIZ.COM) \u00e0 titre informatif et pour votre usage personnel.<\/p>\n<p>L&rsquo;acc\u00e8s \u00e0 ce site Web implique la connaissance et l&rsquo;acceptation des termes et conditions suivants et attribue la qualit\u00e9 d&rsquo;utilisateur du Portail et l&rsquo;acc\u00e8s \u00e0 celui-ci implique son acceptation sans r\u00e9serve.<\/p>\n<h3>1. Propri\u00e9t\u00e9 du site Internet.<\/h3>\n<p>Le nom de domaine WWW.GRUPOALCANIZ.COM est enregistr\u00e9 au profit d&rsquo;Agroganadera Germ\u00e1n S.L..<\/p>\n<p>Le si\u00e8ge social de GRUPOALCANIZ.COM est \u00e9tabli, aux fins du pr\u00e9sent avis l\u00e9gal, \u00e0 Calle torre binefar, s\/n, 22558 Albelda (Huesca).<\/p>\n<p>Vous pouvez nous contacter au num\u00e9ro de t\u00e9l\u00e9phone suivant :<\/p>\n<p>T\u00e9l\u00e9phone 974 420 539<\/p>\n<p>CIF B22249718<\/p>\n<h3>2. Conditions g\u00e9n\u00e9rales.<\/h3>\n<p>Les contenus et services inclus et propos\u00e9s sur ce site Web ne sont pas destin\u00e9s aux personnes r\u00e9sidant dans des juridictions o\u00f9 ils ne sont pas autoris\u00e9s. Seules les pages qui apparaissent dans le plan du site Web sont incluses dans ce site Web. L&rsquo;utilisateur acc\u00e8de volontairement \u00e0 ce site Internet. L&rsquo;acc\u00e8s et la navigation sur ce site impliquent l&rsquo;acceptation et la connaissance des mentions l\u00e9gales, des conditions et des conditions d&rsquo;utilisation qui y sont contenues. Le simple acc\u00e8s n\u2019implique l\u2019\u00e9tablissement d\u2019aucun type de relation commerciale entre GRUPOALCANIZ.COM et l\u2019utilisateur du Portail.<\/p>\n<p>Les mentions l\u00e9gales et\/ou les conditions de service de GRUPOALCANIZ.COM, \u00e9tablies pour les services fournis via ce site Web, peuvent subir des modifications de tout type, lorsque GRUPOALCANIZ.COM le jugera appropri\u00e9 ou dans le but de s&rsquo;adapter aux futures \u00e9volutions l\u00e9gislatives et technologiques. changements. Ces modifications seront d\u00fbment notifi\u00e9es et seront valables d\u00e8s leur publication sur ce site, sauf indication contraire. Par cons\u00e9quent, l&rsquo;Utilisateur doit lire attentivement le pr\u00e9sent Avis L\u00e9gal \u00e0 chaque fois qu&rsquo;il envisage d&rsquo;utiliser le Portail, car celui-ci peut subir des modifications.<\/p>\n<h3>3. Prestations.<\/h3>\n<p>GRUPOALCANIZ.COM, propose certains services aux utilisateurs, sous r\u00e9serve des termes et conditions indiqu\u00e9s sur ce site Web, et l&rsquo;utilisateur doit lire attentivement les conditions qui s&rsquo;appliquent \u00e0 chaque service, qui en aucun cas ne dispensent, sauf indication contraire expresse. , du respect des ce qui est exprim\u00e9 dans les mentions l\u00e9gales.<\/p>\n<h3>4. Contenu.<\/h3>\n<p>GRUPOALCANIZ.COM s&rsquo;efforce d&rsquo;\u00e9viter des erreurs dans le contenu publi\u00e9 sur le site Web. Tous les contenus propos\u00e9s \u00e0 travers le site Internet dont GRUPOALCANIZ.COM est propri\u00e9taire ou responsable sont mis \u00e0 jour et GRUPOALCANIZ.COM se r\u00e9serve le droit de les modifier \u00e0 tout moment.<\/p>\n<p>De m\u00eame, est interdite l&rsquo;inclusion et la communication de contenus, par les utilisateurs, faux ou inexacts et qui induisent ou peuvent induire en erreur le reste des utilisateurs ou le personnel de GRUPOALCANIZ.COM, en particulier les contenus prot\u00e9g\u00e9s par toute propri\u00e9t\u00e9 intellectuelle ou industrielle. les droits de propri\u00e9t\u00e9, appartenant \u00e0 des tiers, lorsqu&rsquo;ils n&rsquo;ont pas l&rsquo;autorisation du titulaire des droits, portent atteinte ou discr\u00e9ditent la renomm\u00e9e ou le cr\u00e9dit de GRUPOALCANIZ.COM, ou sont consid\u00e9r\u00e9s comme un cas de publicit\u00e9 illicite, trompeuse ou d\u00e9loyale.<\/p>\n<p>GRUPOALCANIZ.COM ne garantit pas la v\u00e9racit\u00e9, l&rsquo;exactitude, l&rsquo;exhaustivit\u00e9 et l&rsquo;actualit\u00e9 du contenu. GRUPOALCANIZ.COM exclut, dans toute la mesure permise par le syst\u00e8me juridique, toute responsabilit\u00e9 pour les dommages de toute nature qui pourraient \u00eatre dus au manque de v\u00e9racit\u00e9, d&rsquo;exactitude, d&rsquo;exhaustivit\u00e9 et\/ou d&rsquo;actualit\u00e9 du contenu.<\/p>\n<h3>5. Limitation de responsabilit\u00e9.<\/h3>\n<p>GRUPOALCANIZ.COM ne garantit pas l&rsquo;absence de virus ou d&rsquo;autres \u00e9l\u00e9ments qui pourraient causer des dommages aux syst\u00e8mes informatiques, aux documents \u00e9lectroniques ou aux fichiers des utilisateurs de ce site Web, il n&rsquo;est donc pas responsable des dommages qui pourraient survenir pour ces raisons.<\/p>\n<p>GRUPOALCANIZ.COM n&rsquo;est pas responsable de toute mauvaise utilisation que vous pourriez faire de ce site Web.<\/p>\n<p>Cet avis l\u00e9gal s&rsquo;applique uniquement aux informations collect\u00e9es via le site Web GRUPOALCANIZ.COM.<\/p>\n<p>GRUPOALCANIZ.COM n&rsquo;a aucune obligation de contr\u00f4ler et ne contr\u00f4le pas l&rsquo;utilisation que les Utilisateurs font du Portail et des Contenus. En particulier, GRUPOALCANIZ.COM ne garantit pas que les Utilisateurs utilisent le Portail et les Contenus conform\u00e9ment au pr\u00e9sent Avis L\u00e9gal, ni qu&rsquo;ils le font de mani\u00e8re diligente et prudente. GRUPOALCANIZ.COM n&rsquo;a \u00e9galement aucune obligation de v\u00e9rifier et ne v\u00e9rifie pas l&rsquo;identit\u00e9 des Utilisateurs, ni la v\u00e9racit\u00e9, la validit\u00e9, l&rsquo;exhaustivit\u00e9 et\/ou l&rsquo;authenticit\u00e9 des donn\u00e9es que les Utilisateurs fournissent sur eux-m\u00eames.<\/p>\n<h3>6. Propri\u00e9t\u00e9 intellectuelle et industrielle.<\/h3>\n<p>Ce site Internet et les contenus qu&rsquo;il h\u00e9berge sont prot\u00e9g\u00e9s par la l\u00e9gislation en vigueur sur la propri\u00e9t\u00e9 intellectuelle. La modification, copie, reproduction, t\u00e9l\u00e9chargement, transmission, distribution ou transformation du contenu du Portail est interdite, si vous n&rsquo;avez pas l&rsquo;autorisation du propri\u00e9taire des droits correspondants ou si elle est l\u00e9galement autoris\u00e9e. L&rsquo;acc\u00e8s au site Internet n&rsquo;implique en aucun cas l&rsquo;acquisition par les utilisateurs d&rsquo;un quelconque droit de propri\u00e9t\u00e9 sur le contenu qui y est contenu.<\/p>\n<p>Les r\u00e9f\u00e9rences \u00e0 des marques commerciales ou d\u00e9pos\u00e9es ou \u00e0 des signes distinctifs appartenant \u00e0 GRUPOALCANIZ.COM impliquent une interdiction de leur utilisation sans le consentement de GRUPOALCANIZ.COM. \u00c0 aucun moment, sauf indication expresse, l&rsquo;acc\u00e8s ou l&rsquo;utilisation du Portail et\/ou de son contenu ne conf\u00e8re \u00e0 l&rsquo;utilisateur un quelconque droit sur les marques, logos et\/ou signes distinctifs qui y sont inclus et prot\u00e9g\u00e9s par la loi.<\/p>\n<p>L&rsquo;Utilisateur s&rsquo;engage \u00e0 utiliser le contenu mis \u00e0 disposition des Utilisateurs sur le Portail, c&rsquo;est-\u00e0-dire, sans que cette liste soit limitative, les textes, photographies, graphiques, images, ic\u00f4nes, technologies et autres contenus audiovisuels ou sonores le cas \u00e9ch\u00e9ant, ainsi que leurs conception graphique et codes sources (ci-apr\u00e8s, le \u00ab Contenu \u00bb), conform\u00e9ment \u00e0 la loi, aux pr\u00e9sentes Mentions L\u00e9gales, et autres mentions, r\u00e8glements d&rsquo;utilisation et instructions port\u00e9es \u00e0 votre connaissance, ainsi qu&rsquo;\u00e0 la morale et aux bonnes coutumes g\u00e9n\u00e9ralement accept\u00e9es. l\u2019ordre public et s\u2019engage notamment \u00e0 s\u2019abstenir :<\/p>\n<p>&#8211; Reproduire, copier, distribuer, mettre \u00e0 disposition ou de toute autre mani\u00e8re communiquer publiquement, transformer ou modifier le Contenu, sauf si vous disposez de l&rsquo;autorisation du propri\u00e9taire des droits correspondants ou si cela est l\u00e9galement auto<\/p>\n<p>&#8211; Supprimer, manipuler ou alt\u00e9rer de quelque mani\u00e8re que ce soit le \u00ab droit d&rsquo;auteur \u00bb et autres donn\u00e9es d&rsquo;identification de la r\u00e9serve de droits de GRUPOALCANIZ.COM ou de ses propri\u00e9taires, les empreintes digitales ou tout autre moyen technique \u00e9tabli po<\/p>\n<p>L&rsquo;Utilisateur doit s&rsquo;abstenir d&rsquo;obtenir ou m\u00eame de tenter d&rsquo;obtenir les Contenus par des moyens ou des proc\u00e9dures autres que ceux qui, selon les cas, ont \u00e9t\u00e9 mis \u00e0 disposition \u00e0 cet effet ou ont \u00e9t\u00e9 indiqu\u00e9s \u00e0 cet effet sur les pages Web o\u00f9 ils sont fournis. trouver les Contenus ou, en g\u00e9n\u00e9ral, ceux qui sont couramment utilis\u00e9s sur Internet \u00e0 cet effet, \u00e0 condition qu&rsquo;ils n&rsquo;entra\u00eenent pas de risque d&rsquo;endommagement ou de d\u00e9sactivation du Portail, des Services et\/ou des Contenus.<\/p>\n<h3>7. Navigation et s\u00e9curit\u00e9.<\/h3>\n<p>GRUPOALCANIZ.COM met tout en \u0153uvre pour garantir que la navigation sur ce site s&rsquo;effectue dans les meilleures conditions. Pour une visualisation optimale de ce site Web, il serait conseill\u00e9 de disposer d&rsquo;une version mise \u00e0 jour de l&rsquo;un des navigateurs Microsoft Edge, Mozilla Firefox ou Google Chrome.<\/p>\n<p>GRUPOALCANIZ.COM ne garantit pas et n&rsquo;est pas responsable que l&rsquo;acc\u00e8s \u00e0 ce site Web sera ininterrompu ou sans erreur. En aucun cas GRUPOALCANIZ.COM ne sera responsable des dommages de toute nature r\u00e9sultant de l&rsquo;acc\u00e8s et de l&rsquo;utilisation de ce site Web.<\/p>\n<p>Cookies : il est parfois possible que l&rsquo;entreprise utilise une technologie appel\u00e9e \u00ab cookies \u00bb afin de fournir une s\u00e9rie de contenus et\/ou services de mani\u00e8re personnalis\u00e9e. Un \u00ab cookie \u00bb est un petit \u00e9l\u00e9ment de donn\u00e9es qu&rsquo;un site Web peut envoyer au navigateur Web d&rsquo;un utilisateur. \u00c0 son tour, cet \u00e9l\u00e9ment pourra \u00eatre stock\u00e9 sur le disque dur de l\u2019ordinateur de l\u2019utilisateur pour vous reconna\u00eetre lors de votre retour sur notre site Internet. Dans tous les cas, l&rsquo;utilisateur a toujours la possibilit\u00e9 de pr\u00e9ciser, dans les pr\u00e9f\u00e9rences de son programme de navigation, qu&rsquo;il souhaite recevoir un avertissement avant d&rsquo;accepter un quelconque \u00ab cookie \u00bb. Les donn\u00e9es qui seront stock\u00e9es dans chaque cookie sont la date et l&rsquo;heure de la derni\u00e8re fois que l&rsquo;utilisateur a visit\u00e9 notre site Web, la conception du contenu que l&rsquo;utilisateur a choisi lors de sa premi\u00e8re visite sur notre site Web et les \u00e9l\u00e9ments de s\u00e9curit\u00e9 impliqu\u00e9s dans le contr\u00f4le de l&rsquo;acc\u00e8s aux acc\u00e8s restreints. zones.<\/p>\n<h3>8. L\u00e9gislation et juridiction<\/h3>\n<p>Les parties s&rsquo;en remettent, \u00e0 leur choix, pour la r\u00e9solution des conflits et renoncent \u00e0 toute autre juridiction, aux cours et tribunaux du domicile de l&rsquo;utilisateur.<\/p>\n<\/div><div class=\"fusion-clearfix\"><\/div>\n\n\t\t\t\t\t<\/div>\n\t\t\t\t<\/div><\/div><\/div>\n","protected":false},"excerpt":{"rendered":"","protected":false},"author":2,"featured_media":0,"parent":0,"menu_order":0,"comment_status":"closed","ping_status":"closed","template":"","meta":{"inline_featured_image":false,"footnotes":""},"class_list":["post-2618","page","type-page","status-publish","hentry"],"yoast_head":"<!-- This site is optimized with the Yoast SEO plugin v26.0 - https:\/\/yoast.com\/wordpress\/plugins\/seo\/ -->\n<title>Avis juridique - Groupe Alca\u00f1iz<\/title>\n<meta name=\"description\" content=\"L&#039;acc\u00e8s \u00e0 ce site Web implique la connaissance et l&#039;acceptation des termes et conditions suivants et attribue la condition de...\" \/>\n<meta name=\"robots\" content=\"noindex, follow\" \/>\n<meta property=\"og:locale\" content=\"fr_FR\" \/>\n<meta property=\"og:type\" content=\"article\" \/>\n<meta property=\"og:title\" content=\"Avis juridique - Groupe Alca\u00f1iz\" \/>\n<meta property=\"og:description\" content=\"L&#039;acc\u00e8s \u00e0 ce site Web implique la connaissance et l&#039;acceptation des termes et conditions suivants et attribue la condition de...\" \/>\n<meta property=\"og:url\" content=\"https:\/\/grupoalcaniz.com\/fr\/avis-juridique\/\" \/>\n<meta property=\"og:site_name\" content=\"Groupe Alca\u00f1iz\" \/>\n<meta property=\"article:modified_time\" content=\"2023-09-29T09:31:16+00:00\" \/>\n<meta name=\"twitter:card\" content=\"summary_large_image\" \/>\n<meta name=\"twitter:label1\" content=\"Dur\u00e9e de lecture estim\u00e9e\" \/>\n\t<meta name=\"twitter:data1\" content=\"8 minutes\" \/>\n<script type=\"application\/ld+json\" class=\"yoast-schema-graph\">{\"@context\":\"https:\/\/schema.org\",\"@graph\":[{\"@type\":\"WebPage\",\"@id\":\"https:\/\/grupoalcaniz.com\/fr\/avis-juridique\/\",\"url\":\"https:\/\/grupoalcaniz.com\/fr\/avis-juridique\/\",\"name\":\"Avis juridique - Groupe Alca\u00f1iz\",\"isPartOf\":{\"@id\":\"https:\/\/grupoalcaniz.com\/es\/#website\"},\"datePublished\":\"2023-09-29T09:31:15+00:00\",\"dateModified\":\"2023-09-29T09:31:16+00:00\",\"description\":\"L'acc\u00e8s \u00e0 ce site Web implique la connaissance et l'acceptation des termes et conditions suivants et attribue la condition de...\",\"breadcrumb\":{\"@id\":\"https:\/\/grupoalcaniz.com\/fr\/avis-juridique\/#breadcrumb\"},\"inLanguage\":\"fr-FR\",\"potentialAction\":[{\"@type\":\"ReadAction\",\"target\":[\"https:\/\/grupoalcaniz.com\/fr\/avis-juridique\/\"]}]},{\"@type\":\"BreadcrumbList\",\"@id\":\"https:\/\/grupoalcaniz.com\/fr\/avis-juridique\/#breadcrumb\",\"itemListElement\":[{\"@type\":\"ListItem\",\"position\":1,\"name\":\"Portada\",\"item\":\"https:\/\/grupoalcaniz.com\/fr\/\"},{\"@type\":\"ListItem\",\"position\":2,\"name\":\"Avis juridique\"}]},{\"@type\":\"WebSite\",\"@id\":\"https:\/\/grupoalcaniz.com\/es\/#website\",\"url\":\"https:\/\/grupoalcaniz.com\/es\/\",\"name\":\"Groupe Alca\u00f1iz\",\"description\":\"Agricultura, transporte y veterinaria para producir la carne de m\u00e1s alta calidad.\",\"publisher\":{\"@id\":\"https:\/\/grupoalcaniz.com\/es\/#organization\"},\"potentialAction\":[{\"@type\":\"SearchAction\",\"target\":{\"@type\":\"EntryPoint\",\"urlTemplate\":\"https:\/\/grupoalcaniz.com\/es\/?s={search_term_string}\"},\"query-input\":{\"@type\":\"PropertyValueSpecification\",\"valueRequired\":true,\"valueName\":\"search_term_string\"}}],\"inLanguage\":\"fr-FR\"},{\"@type\":\"Organization\",\"@id\":\"https:\/\/grupoalcaniz.com\/es\/#organization\",\"name\":\"Agroganadera Germ\u00e1n S.L.\",\"url\":\"https:\/\/grupoalcaniz.com\/es\/\",\"logo\":{\"@type\":\"ImageObject\",\"inLanguage\":\"fr-FR\",\"@id\":\"https:\/\/grupoalcaniz.com\/es\/#\/schema\/logo\/image\/\",\"url\":\"https:\/\/grupoalcaniz.com\/wp-content\/uploads\/2018\/07\/logo-grupo-alca\u00a4iz.png\",\"contentUrl\":\"https:\/\/grupoalcaniz.com\/wp-content\/uploads\/2018\/07\/logo-grupo-alca\u00a4iz.png\",\"width\":232,\"height\":231,\"caption\":\"Agroganadera Germ\u00e1n S.L.\"},\"image\":{\"@id\":\"https:\/\/grupoalcaniz.com\/es\/#\/schema\/logo\/image\/\"}}]}<\/script>\n<!-- \/ Yoast SEO plugin. -->","yoast_head_json":{"title":"Avis juridique - Groupe Alca\u00f1iz","description":"L'acc\u00e8s \u00e0 ce site Web implique la connaissance et l'acceptation des termes et conditions suivants et attribue la condition de...","robots":{"index":"noindex","follow":"follow"},"og_locale":"fr_FR","og_type":"article","og_title":"Avis juridique - Groupe Alca\u00f1iz","og_description":"L'acc\u00e8s \u00e0 ce site Web implique la connaissance et l'acceptation des termes et conditions suivants et attribue la condition de...","og_url":"https:\/\/grupoalcaniz.com\/fr\/avis-juridique\/","og_site_name":"Groupe Alca\u00f1iz","article_modified_time":"2023-09-29T09:31:16+00:00","twitter_card":"summary_large_image","twitter_misc":{"Dur\u00e9e de lecture estim\u00e9e":"8 minutes"},"schema":{"@context":"https:\/\/schema.org","@graph":[{"@type":"WebPage","@id":"https:\/\/grupoalcaniz.com\/fr\/avis-juridique\/","url":"https:\/\/grupoalcaniz.com\/fr\/avis-juridique\/","name":"Avis juridique - Groupe Alca\u00f1iz","isPartOf":{"@id":"https:\/\/grupoalcaniz.com\/es\/#website"},"datePublished":"2023-09-29T09:31:15+00:00","dateModified":"2023-09-29T09:31:16+00:00","description":"L'acc\u00e8s \u00e0 ce site Web implique la connaissance et l'acceptation des termes et conditions suivants et attribue la condition de...","breadcrumb":{"@id":"https:\/\/grupoalcaniz.com\/fr\/avis-juridique\/#breadcrumb"},"inLanguage":"fr-FR","potentialAction":[{"@type":"ReadAction","target":["https:\/\/grupoalcaniz.com\/fr\/avis-juridique\/"]}]},{"@type":"BreadcrumbList","@id":"https:\/\/grupoalcaniz.com\/fr\/avis-juridique\/#breadcrumb","itemListElement":[{"@type":"ListItem","position":1,"name":"Portada","item":"https:\/\/grupoalcaniz.com\/fr\/"},{"@type":"ListItem","position":2,"name":"Avis juridique"}]},{"@type":"WebSite","@id":"https:\/\/grupoalcaniz.com\/es\/#website","url":"https:\/\/grupoalcaniz.com\/es\/","name":"Groupe Alca\u00f1iz","description":"Agricultura, transporte y veterinaria para producir la carne de m\u00e1s alta calidad.","publisher":{"@id":"https:\/\/grupoalcaniz.com\/es\/#organization"},"potentialAction":[{"@type":"SearchAction","target":{"@type":"EntryPoint","urlTemplate":"https:\/\/grupoalcaniz.com\/es\/?s={search_term_string}"},"query-input":{"@type":"PropertyValueSpecification","valueRequired":true,"valueName":"search_term_string"}}],"inLanguage":"fr-FR"},{"@type":"Organization","@id":"https:\/\/grupoalcaniz.com\/es\/#organization","name":"Agroganadera Germ\u00e1n S.L.","url":"https:\/\/grupoalcaniz.com\/es\/","logo":{"@type":"ImageObject","inLanguage":"fr-FR","@id":"https:\/\/grupoalcaniz.com\/es\/#\/schema\/logo\/image\/","url":"https:\/\/grupoalcaniz.com\/wp-content\/uploads\/2018\/07\/logo-grupo-alca\u00a4iz.png","contentUrl":"https:\/\/grupoalcaniz.com\/wp-content\/uploads\/2018\/07\/logo-grupo-alca\u00a4iz.png","width":232,"height":231,"caption":"Agroganadera Germ\u00e1n S.L."},"image":{"@id":"https:\/\/grupoalcaniz.com\/es\/#\/schema\/logo\/image\/"}}]}},"_links":{"self":[{"href":"https:\/\/grupoalcaniz.com\/fr\/wp-json\/wp\/v2\/pages\/2618","targetHints":{"allow":["GET"]}}],"collection":[{"href":"https:\/\/grupoalcaniz.com\/fr\/wp-json\/wp\/v2\/pages"}],"about":[{"href":"https:\/\/grupoalcaniz.com\/fr\/wp-json\/wp\/v2\/types\/page"}],"author":[{"embeddable":true,"href":"https:\/\/grupoalcaniz.com\/fr\/wp-json\/wp\/v2\/users\/2"}],"replies":[{"embeddable":true,"href":"https:\/\/grupoalcaniz.com\/fr\/wp-json\/wp\/v2\/comments?post=2618"}],"version-history":[{"count":2,"href":"https:\/\/grupoalcaniz.com\/fr\/wp-json\/wp\/v2\/pages\/2618\/revisions"}],"predecessor-version":[{"id":2620,"href":"https:\/\/grupoalcaniz.com\/fr\/wp-json\/wp\/v2\/pages\/2618\/revisions\/2620"}],"wp:attachment":[{"href":"https:\/\/grupoalcaniz.com\/fr\/wp-json\/wp\/v2\/media?parent=2618"}],"curies":[{"name":"wp","href":"https:\/\/api.w.org\/{rel}","templated":true}]}}