{"id":2599,"date":"2023-09-28T16:57:16","date_gmt":"2023-09-28T14:57:16","guid":{"rendered":"https:\/\/grupoalcaniz.com\/cookies\/"},"modified":"2023-09-28T16:57:16","modified_gmt":"2023-09-28T14:57:16","slug":"cookies","status":"publish","type":"page","link":"https:\/\/grupoalcaniz.com\/fr\/cookies\/","title":{"rendered":"Cookies"},"content":{"rendered":"<div class=\"fusion-fullwidth fullwidth-box nonhundred-percent-fullwidth non-hundred-percent-height-scrolling\"  style='background-color: #ffffff;background-position: center center;background-repeat: no-repeat;padding-top:0px;padding-right:0px;padding-bottom:0px;padding-left:0px;'><div class=\"fusion-builder-row fusion-row \"><div  class=\"fusion-layout-column fusion_builder_column fusion_builder_column_1_1  fusion-one-full fusion-column-first fusion-column-last 1_1\"  style='margin-top:0px;margin-bottom:0px;'>\n\t\t\t\t\t<div class=\"fusion-column-wrapper\" style=\"padding: 0px 0px 0px 0px;background-position:left top;background-repeat:no-repeat;-webkit-background-size:cover;-moz-background-size:cover;-o-background-size:cover;background-size:cover;\"  data-bg-url=\"\">\n\t\t\t\t\t\t<div class=\"fusion-text\"><p>Grupo Alca\u00f1iz a d\u00e9velopp\u00e9 cette politique pour vous informer de ce qu&rsquo;est un cookie, lesquels nous utilisons sur ce site Web et pour vous aider \u00e0 les g\u00e9rer en fonction de vos int\u00e9r\u00eats.<\/p>\n<p>Lors de votre premi\u00e8re visite sur notre site Internet, vous \u00eates inform\u00e9 de l&rsquo;existence de cookies et de cette politique en mati\u00e8re de cookies. En vous inscrivant sur le site et\/ou simplement en naviguant, vous consentez \u00e0 l&rsquo;installation des cookies signal\u00e9s (sauf si vous avez modifi\u00e9 les param\u00e8tres de votre navigateur pour refuser les cookies).<\/p>\n<p>Un \u00ab Cookie \u00bb est un petit fichier texte qu&rsquo;un site Web stocke dans le navigateur de l&rsquo;utilisateur. Les cookies facilitent l&rsquo;utilisation et la navigation d&rsquo;un site Web et sont essentiels au fonctionnement d&rsquo;Internet, offrant d&rsquo;innombrables avantages dans la fourniture de services interactifs.<\/p>\n<p>Les cookies sont utilis\u00e9s, par exemple, pour g\u00e9rer la session de l&rsquo;utilisateur (en r\u00e9duisant le nombre de fois qu&rsquo;il doit saisir son mot de passe) ou pour adapter le contenu d&rsquo;une page Web \u00e0 ses pr\u00e9f\u00e9rences. Les cookies peuvent \u00eatre \u00ab de session \u00bb, c&rsquo;est-\u00e0-dire qu&rsquo;ils seront supprim\u00e9s une fois que l&rsquo;utilisateur quitte le site Web qui les a g\u00e9n\u00e9r\u00e9s, ou \u00ab persistants \u00bb, qui restent sur votre ordinateur jusqu&rsquo;\u00e0 une certaine date.<\/p>\n<p>Ce document \u00ab Utilisation des Cookies \u00bb a \u00e9t\u00e9 \u00e9labor\u00e9 sur la base d\u2019un audit technique externe et fait donc l\u2019objet de mises \u00e0 jour p\u00e9riodiques. Son objectif est de vous aider \u00e0 comprendre l&rsquo;utilisation que ce site fait des cookies, la finalit\u00e9 des cookies utilis\u00e9s, ainsi que les options dont dispose l&rsquo;utilisateur pour les g\u00e9rer.<\/p>\n<p>L&rsquo;utilisation de ce site Web avec la fonctionnalit\u00e9 de navigateur activ\u00e9e pour accepter les cookies implique l&rsquo;acceptation par l&rsquo;utilisateur de la technologie des cookies utilis\u00e9e par ledit site Web. Exemples de types de cookies :<\/p>\n<h3>Cookies analytiques<\/h3>\n<p>Ce site Web utilise des cookies analytiques pour collecter des statistiques sur l&rsquo;activit\u00e9 des utilisateurs sur le site Web et son activit\u00e9 g\u00e9n\u00e9rale. Les informations collect\u00e9es sont anonymes et nous permettent d&rsquo;optimiser la navigation sur notre site Internet et de garantir le meilleur service \u00e0 l&rsquo;utilisateur. L&rsquo;utilisateur peut exclure son activit\u00e9 \u00e0 l&rsquo;aide des syst\u00e8mes d&rsquo;exclusion fournis par les outils analytiques.<\/p>\n<h3>Cookies tiers pour la gestion des espaces publicitaires.<\/h3>\n<p>Il s&rsquo;agit de cookies stock\u00e9s par des tiers qui g\u00e8rent les espaces publicitaires que les utilisateurs voient lorsqu&rsquo;ils acc\u00e8dent \u00e0 ce site Internet. Ces cookies nous permettent de mesurer l&rsquo;efficacit\u00e9 de nos campagnes en ligne, de fournir \u00e0 l&rsquo;utilisateur des informations qui l&rsquo;int\u00e9ressent et de lui proposer le contenu publicitaire de son choix. Conform\u00e9ment \u00e0 leurs propres politiques, certains gestionnaires de publicit\u00e9 peuvent utiliser des cookies anonymes pour afficher des publicit\u00e9s susceptibles de vous int\u00e9resser lorsque vous visitez d&rsquo;autres sites Web. Toutefois, les utilisateurs peuvent contr\u00f4ler s&rsquo;ils acceptent ou non ces cookies en configurant leur navigateur.<\/p>\n<h3>Garanties et options concernant les cookies<\/h3>\n<p>Lors de l&rsquo;installation ou de la mise \u00e0 jour du navigateur, l&rsquo;utilisateur a la possibilit\u00e9 d&rsquo;accepter ou de refuser l&rsquo;installation de cookies, ou de refuser l&rsquo;installation d&rsquo;un certain type de cookies, tels que les cookies publicitaires et tiers. De plus, apr\u00e8s chaque session, vous pouvez supprimer tout ou partie des cookies stock\u00e9s.<\/p>\n<p>De m\u00eame, l&rsquo;utilisateur peut activer :<br \/>\n&#8211; la navigation priv\u00e9e, dans laquelle votre navigateur cesse d&rsquo;enregistrer votre historique de navigation, les mots de passe de sites Web, les cookies et autres informations sur les pages que vous visitez, ou<br \/>\n&#8211; la fonction Do Not Track, par laquelle le navigateur demande aux sites Web que vous visitez de ne pas suivre vos habitudes de navigation, par exemple pour vous proposer des publicit\u00e9s int\u00e9ressantes sur les sites que vous visitez.<\/p>\n<p>Nous vous recommandons de consulter l&rsquo;aide de votre navigateur pour conna\u00eetre les diff\u00e9rentes options de gestion des cookies. Veuillez noter que le blocage des cookies peut affecter tout ou partie des fonctionnalit\u00e9s de notre site Web.<\/p>\n<h3>Cookies utilis\u00e9s sur ce site Web :<\/h3>\n<h3>De tiers :<\/h3>\n<h4>Google Analytics:<\/h4>\n<p><strong>Nom du cookie Objectif<\/strong><br \/>\n_utma<br \/>\n_utmb<br \/>\n_utmc<br \/>\n_utmz<br \/>\n_utmv<br \/>\nCookies g\u00e9n\u00e9r\u00e9s \u00e0 partir du domaine www.grupoalcaniz.com avec l&rsquo;outil Google Analytics.<\/p>\n<p>Objectifs : g\u00e9n\u00e8re un identifiant d&rsquo;utilisateur unique qui est utilis\u00e9 pour compter le nombre de fois qu&rsquo;un utilisateur a visit\u00e9 le site Web, calculer la fin de la session, enregistrer l&rsquo;origine de l&rsquo;utilisateur et segmenter les donn\u00e9es d\u00e9mographiques telles que l&rsquo;\u00e2ge du visiteur \u00e0 partir des donn\u00e9es d&rsquo;enregistrement. .<\/p>\n<h4>Google AdWords:<\/h4>\n<p><strong>Nom du cookie Objectif<\/strong><br \/>\nConversion<br \/>\nPREF<br \/>\nCookies g\u00e9n\u00e9r\u00e9s \u00e0 partir du domaine www.grupoalcaniz.com avec l&rsquo;outil Google AdWords.<\/p>\n<p>Nous nous enregistrons avec un cookie de conversion si un utilisateur provient d&rsquo;une de nos annonces Google AdWords et nous contacte via l&rsquo;un de nos formulaires. Ces informations nous aident \u00e0 comprendre quelles annonces sont les plus performantes.<\/p>\n<p>Google analytics y Googleadservices, Google Adwords. Ce service nous est fourni par Google.<br \/>\nR\u00e9seaux sociaux:<\/p>\n<p>Cookies issus de compl\u00e9ments de contenus externes et Cookies utilis\u00e9s par les r\u00e9seaux sociaux :<\/p>\n<p>Sur d&rsquo;autres sites de www.grupoalcaniz.com, des cookies tiers sont install\u00e9s pour tous les visiteurs, m\u00eame s&rsquo;ils ne sont pas des utilisateurs enregistr\u00e9s sur les plateformes correspondantes :<\/p>\n<p>\u2022 www.grupoalcaniz.com en Facebook. Cookies: datr, reg_fb_gate, reg_fb_ref, highContrast y wd. Leurs finalit\u00e9s sont d\u00e9crites sur la page Facebook Cookies.<\/p>\n<p>\u2022 www.grupoalcaniz.com en Twitter. Cookies: guest_id, __utma, __utmb, __utmc, __utmz, original_referer y _twitter_sess. Ses finalit\u00e9s sont d\u00e9crites sur la page de confidentialit\u00e9 de Twitter.<\/p>\n<p>\u2022 www.grupoalcaniz.com en Google+, maps y local. Cookies: test_cookie, NID, OTZ, PREF. Leurs finalit\u00e9s sont d\u00e9crites sur la Page Google Cookies.<\/p>\n<p>Nous utilisons ces informations pour am\u00e9liorer notre page, d\u00e9tecter de nouveaux besoins et \u00e9valuer les am\u00e9liorations \u00e0 introduire afin de fournir un meilleur service aux utilisateurs qui nous visitent.<\/p>\n<p>Pour autoriser, conna\u00eetre, bloquer ou supprimer les cookies install\u00e9s sur votre ordinateur, vous pouvez le faire en configurant les options du navigateur install\u00e9 sur votre ordinateur.<\/p>\n<p>Par exemple, vous pouvez trouver des informations sur la fa\u00e7on de proc\u00e9der si vous l&rsquo;utilisez comme navigateur :<\/p>\n<p>Firefox \u00e0 partir d&rsquo;ici: <a href=\"http:\/\/support.mozilla.org\/es\/kb\/habilitar-y-deshabilitar-cookies-que-los-sitios-we\" target=\"_blank\" rel=\"noopener noreferrer\">http:\/\/support.mozilla.org\/es\/kb\/habilitar-y-deshabilitar-cookies-que-los-sitios-we<\/a><br \/>\nChrome \u00e0 partir d&rsquo;ici: <a href=\"http:\/\/support.google.com\/chrome\/bin\/answer.py?hl=es&amp;answer=95647\" target=\"_blank\" rel=\"noopener noreferrer\">http:\/\/support.google.com\/chrome\/bin\/answer.py?hl=es&amp;answer=95647<\/a><br \/>\nMicrosoft Edge \u00e0 partir d&rsquo;ici: <a href=\"https:\/\/privacy.microsoft.com\/es-es\/windows-10-microsoft-edge-and-privacy\" target=\"_blank\" rel=\"noopener noreferrer\">https:\/\/privacy.microsoft.com\/es-es\/windows-10-microsoft-edge-and-privacy<\/a><br \/>\nSafari \u00e0 partir d&rsquo;ici: <a href=\"https:\/\/support.apple.com\/kb\/ph21411?locale=es_ES\" target=\"_blank\" rel=\"noopener noreferrer\">https:\/\/support.apple.com\/kb\/ph21411?locale=es_ES<\/a><br \/>\nOpera \u00e0 partir d&rsquo;ici: <a href=\"http:\/\/help.opera.com\/Windows\/11.50\/es-ES\/cookies.html\" target=\"_blank\" rel=\"noopener noreferrer\">http:\/\/help.opera.com\/Windows\/11.50\/es-ES\/cookies.html<\/a><\/p>\n<\/div><div class=\"fusion-clearfix\"><\/div>\n\n\t\t\t\t\t<\/div>\n\t\t\t\t<\/div><\/div><\/div>\n","protected":false},"excerpt":{"rendered":"","protected":false},"author":2,"featured_media":0,"parent":0,"menu_order":0,"comment_status":"closed","ping_status":"closed","template":"","meta":{"inline_featured_image":false,"footnotes":""},"class_list":["post-2599","page","type-page","status-publish","hentry"],"yoast_head":"<!-- This site is optimized with the Yoast SEO plugin v26.0 - https:\/\/yoast.com\/wordpress\/plugins\/seo\/ -->\n<title>Cookies - Groupe Alca\u00f1iz<\/title>\n<meta name=\"description\" content=\"GRUPOALCANIZ a d\u00e9velopp\u00e9 cette politique pour vous informer de ce qu&#039;est un cookie, lesquels nous utilisons sur ce site et pour vous aider \u00e0 les g\u00e9rer de mani\u00e8re appropri\u00e9e...\" \/>\n<meta name=\"robots\" content=\"noindex, follow\" \/>\n<meta property=\"og:locale\" content=\"fr_FR\" \/>\n<meta property=\"og:type\" content=\"article\" \/>\n<meta property=\"og:title\" content=\"Cookies - Groupe Alca\u00f1iz\" \/>\n<meta property=\"og:description\" content=\"GRUPOALCANIZ a d\u00e9velopp\u00e9 cette politique pour vous informer de ce qu&#039;est un cookie, lesquels nous utilisons sur ce site et pour vous aider \u00e0 les g\u00e9rer de mani\u00e8re appropri\u00e9e...\" \/>\n<meta property=\"og:url\" content=\"https:\/\/grupoalcaniz.com\/fr\/cookies\/\" \/>\n<meta property=\"og:site_name\" content=\"Groupe Alca\u00f1iz\" \/>\n<meta name=\"twitter:card\" content=\"summary_large_image\" \/>\n<meta name=\"twitter:label1\" content=\"Dur\u00e9e de lecture estim\u00e9e\" \/>\n\t<meta name=\"twitter:data1\" content=\"6 minutes\" \/>\n<script type=\"application\/ld+json\" class=\"yoast-schema-graph\">{\"@context\":\"https:\/\/schema.org\",\"@graph\":[{\"@type\":\"WebPage\",\"@id\":\"https:\/\/grupoalcaniz.com\/fr\/cookies\/\",\"url\":\"https:\/\/grupoalcaniz.com\/fr\/cookies\/\",\"name\":\"Cookies - Groupe Alca\u00f1iz\",\"isPartOf\":{\"@id\":\"https:\/\/grupoalcaniz.com\/es\/#website\"},\"datePublished\":\"2023-09-28T14:57:16+00:00\",\"description\":\"GRUPOALCANIZ a d\u00e9velopp\u00e9 cette politique pour vous informer de ce qu'est un cookie, lesquels nous utilisons sur ce site et pour vous aider \u00e0 les g\u00e9rer de mani\u00e8re appropri\u00e9e...\",\"breadcrumb\":{\"@id\":\"https:\/\/grupoalcaniz.com\/fr\/cookies\/#breadcrumb\"},\"inLanguage\":\"fr-FR\",\"potentialAction\":[{\"@type\":\"ReadAction\",\"target\":[\"https:\/\/grupoalcaniz.com\/fr\/cookies\/\"]}]},{\"@type\":\"BreadcrumbList\",\"@id\":\"https:\/\/grupoalcaniz.com\/fr\/cookies\/#breadcrumb\",\"itemListElement\":[{\"@type\":\"ListItem\",\"position\":1,\"name\":\"Portada\",\"item\":\"https:\/\/grupoalcaniz.com\/fr\/\"},{\"@type\":\"ListItem\",\"position\":2,\"name\":\"Cookies\"}]},{\"@type\":\"WebSite\",\"@id\":\"https:\/\/grupoalcaniz.com\/es\/#website\",\"url\":\"https:\/\/grupoalcaniz.com\/es\/\",\"name\":\"Groupe Alca\u00f1iz\",\"description\":\"Agricultura, transporte y veterinaria para producir la carne de m\u00e1s alta calidad.\",\"publisher\":{\"@id\":\"https:\/\/grupoalcaniz.com\/es\/#organization\"},\"potentialAction\":[{\"@type\":\"SearchAction\",\"target\":{\"@type\":\"EntryPoint\",\"urlTemplate\":\"https:\/\/grupoalcaniz.com\/es\/?s={search_term_string}\"},\"query-input\":{\"@type\":\"PropertyValueSpecification\",\"valueRequired\":true,\"valueName\":\"search_term_string\"}}],\"inLanguage\":\"fr-FR\"},{\"@type\":\"Organization\",\"@id\":\"https:\/\/grupoalcaniz.com\/es\/#organization\",\"name\":\"Agroganadera Germ\u00e1n S.L.\",\"url\":\"https:\/\/grupoalcaniz.com\/es\/\",\"logo\":{\"@type\":\"ImageObject\",\"inLanguage\":\"fr-FR\",\"@id\":\"https:\/\/grupoalcaniz.com\/es\/#\/schema\/logo\/image\/\",\"url\":\"https:\/\/grupoalcaniz.com\/wp-content\/uploads\/2018\/07\/logo-grupo-alca\u00a4iz.png\",\"contentUrl\":\"https:\/\/grupoalcaniz.com\/wp-content\/uploads\/2018\/07\/logo-grupo-alca\u00a4iz.png\",\"width\":232,\"height\":231,\"caption\":\"Agroganadera Germ\u00e1n S.L.\"},\"image\":{\"@id\":\"https:\/\/grupoalcaniz.com\/es\/#\/schema\/logo\/image\/\"}}]}<\/script>\n<!-- \/ Yoast SEO plugin. -->","yoast_head_json":{"title":"Cookies - Groupe Alca\u00f1iz","description":"GRUPOALCANIZ a d\u00e9velopp\u00e9 cette politique pour vous informer de ce qu'est un cookie, lesquels nous utilisons sur ce site et pour vous aider \u00e0 les g\u00e9rer de mani\u00e8re appropri\u00e9e...","robots":{"index":"noindex","follow":"follow"},"og_locale":"fr_FR","og_type":"article","og_title":"Cookies - Groupe Alca\u00f1iz","og_description":"GRUPOALCANIZ a d\u00e9velopp\u00e9 cette politique pour vous informer de ce qu'est un cookie, lesquels nous utilisons sur ce site et pour vous aider \u00e0 les g\u00e9rer de mani\u00e8re appropri\u00e9e...","og_url":"https:\/\/grupoalcaniz.com\/fr\/cookies\/","og_site_name":"Groupe Alca\u00f1iz","twitter_card":"summary_large_image","twitter_misc":{"Dur\u00e9e de lecture estim\u00e9e":"6 minutes"},"schema":{"@context":"https:\/\/schema.org","@graph":[{"@type":"WebPage","@id":"https:\/\/grupoalcaniz.com\/fr\/cookies\/","url":"https:\/\/grupoalcaniz.com\/fr\/cookies\/","name":"Cookies - Groupe Alca\u00f1iz","isPartOf":{"@id":"https:\/\/grupoalcaniz.com\/es\/#website"},"datePublished":"2023-09-28T14:57:16+00:00","description":"GRUPOALCANIZ a d\u00e9velopp\u00e9 cette politique pour vous informer de ce qu'est un cookie, lesquels nous utilisons sur ce site et pour vous aider \u00e0 les g\u00e9rer de mani\u00e8re appropri\u00e9e...","breadcrumb":{"@id":"https:\/\/grupoalcaniz.com\/fr\/cookies\/#breadcrumb"},"inLanguage":"fr-FR","potentialAction":[{"@type":"ReadAction","target":["https:\/\/grupoalcaniz.com\/fr\/cookies\/"]}]},{"@type":"BreadcrumbList","@id":"https:\/\/grupoalcaniz.com\/fr\/cookies\/#breadcrumb","itemListElement":[{"@type":"ListItem","position":1,"name":"Portada","item":"https:\/\/grupoalcaniz.com\/fr\/"},{"@type":"ListItem","position":2,"name":"Cookies"}]},{"@type":"WebSite","@id":"https:\/\/grupoalcaniz.com\/es\/#website","url":"https:\/\/grupoalcaniz.com\/es\/","name":"Groupe Alca\u00f1iz","description":"Agricultura, transporte y veterinaria para producir la carne de m\u00e1s alta calidad.","publisher":{"@id":"https:\/\/grupoalcaniz.com\/es\/#organization"},"potentialAction":[{"@type":"SearchAction","target":{"@type":"EntryPoint","urlTemplate":"https:\/\/grupoalcaniz.com\/es\/?s={search_term_string}"},"query-input":{"@type":"PropertyValueSpecification","valueRequired":true,"valueName":"search_term_string"}}],"inLanguage":"fr-FR"},{"@type":"Organization","@id":"https:\/\/grupoalcaniz.com\/es\/#organization","name":"Agroganadera Germ\u00e1n S.L.","url":"https:\/\/grupoalcaniz.com\/es\/","logo":{"@type":"ImageObject","inLanguage":"fr-FR","@id":"https:\/\/grupoalcaniz.com\/es\/#\/schema\/logo\/image\/","url":"https:\/\/grupoalcaniz.com\/wp-content\/uploads\/2018\/07\/logo-grupo-alca\u00a4iz.png","contentUrl":"https:\/\/grupoalcaniz.com\/wp-content\/uploads\/2018\/07\/logo-grupo-alca\u00a4iz.png","width":232,"height":231,"caption":"Agroganadera Germ\u00e1n S.L."},"image":{"@id":"https:\/\/grupoalcaniz.com\/es\/#\/schema\/logo\/image\/"}}]}},"_links":{"self":[{"href":"https:\/\/grupoalcaniz.com\/fr\/wp-json\/wp\/v2\/pages\/2599","targetHints":{"allow":["GET"]}}],"collection":[{"href":"https:\/\/grupoalcaniz.com\/fr\/wp-json\/wp\/v2\/pages"}],"about":[{"href":"https:\/\/grupoalcaniz.com\/fr\/wp-json\/wp\/v2\/types\/page"}],"author":[{"embeddable":true,"href":"https:\/\/grupoalcaniz.com\/fr\/wp-json\/wp\/v2\/users\/2"}],"replies":[{"embeddable":true,"href":"https:\/\/grupoalcaniz.com\/fr\/wp-json\/wp\/v2\/comments?post=2599"}],"version-history":[{"count":1,"href":"https:\/\/grupoalcaniz.com\/fr\/wp-json\/wp\/v2\/pages\/2599\/revisions"}],"predecessor-version":[{"id":2602,"href":"https:\/\/grupoalcaniz.com\/fr\/wp-json\/wp\/v2\/pages\/2599\/revisions\/2602"}],"wp:attachment":[{"href":"https:\/\/grupoalcaniz.com\/fr\/wp-json\/wp\/v2\/media?parent=2599"}],"curies":[{"name":"wp","href":"https:\/\/api.w.org\/{rel}","templated":true}]}}