{"id":2547,"date":"2023-09-28T15:41:42","date_gmt":"2023-09-28T13:41:42","guid":{"rendered":"https:\/\/grupoalcaniz.com\/data-protectionprotection-de-donnees\/"},"modified":"2023-09-28T17:08:03","modified_gmt":"2023-09-28T15:08:03","slug":"data-protectionprotection-de-donnees","status":"publish","type":"page","link":"https:\/\/grupoalcaniz.com\/fr\/data-protectionprotection-de-donnees\/","title":{"rendered":"Protection de donn\u00e9es"},"content":{"rendered":"<div class=\"fusion-fullwidth fullwidth-box nonhundred-percent-fullwidth non-hundred-percent-height-scrolling\"  style='background-color: #ffffff;background-position: center center;background-repeat: no-repeat;padding-top:0px;padding-right:0px;padding-bottom:0px;padding-left:0px;'><div class=\"fusion-builder-row fusion-row \"><div  class=\"fusion-layout-column fusion_builder_column fusion_builder_column_1_1  fusion-one-full fusion-column-first fusion-column-last 1_1\"  style='margin-top:0px;margin-bottom:0px;'>\n\t\t\t\t\t<div class=\"fusion-column-wrapper\" style=\"padding: 0px 0px 0px 0px;background-position:left top;background-repeat:no-repeat;-webkit-background-size:cover;-moz-background-size:cover;-o-background-size:cover;background-size:cover;\"  data-bg-url=\"\">\n\t\t\t\t\t\t<div class=\"fusion-text\"><p>Conform\u00e9ment aux dispositions de la loi organique 15\/1999 du 13 d\u00e9cembre sur la protection des donn\u00e9es personnelles (ci-apr\u00e8s, LOPD), Agroganadera Germ\u00e1n S.L. avec CIF B22249718, informe les utilisateurs du portail www.grupoalcaniz.com, les informations suivantes<\/p>\n<p>Les donn\u00e9es que les utilisateurs fournissent \u00e0 la suite de l&rsquo;utilisation et de la demande des diff\u00e9rents services propos\u00e9s via le site Web accessible, entre autres, via l&rsquo;adresse principale www.grupoalcaniz.com, feront l&rsquo;objet d&rsquo;un traitement automatis\u00e9 et seront incorpor\u00e9es dans les fichiers correspondants. dont le \u00ab responsable \u00bb est la soci\u00e9t\u00e9 Agroganadera Germ\u00e1n S.L. avec adresse \u00e0 Calle torre binefar, s\/n, 22558 Albelda (Huesca).<\/p>\n<p>Lorsqu&rsquo;il est n\u00e9cessaire de fournir des donn\u00e9es personnelles pour utiliser ou demander un service, les utilisateurs en garantiront la v\u00e9racit\u00e9, l&rsquo;exactitude, l&rsquo;authenticit\u00e9 et la validit\u00e9. En ce sens, il sera de l\u2019obligation des utilisateurs de maintenir les donn\u00e9es \u00e0 jour afin qu\u2019elles correspondent \u00e0 tout moment \u00e0 la r\u00e9alit\u00e9.<\/p>\n<p>En fournissant des donn\u00e9es personnelles en demandant les services offerts via ce site Web ou en les envoyant par tout autre moyen, l&rsquo;utilisateur accepte l&rsquo;incorporation des donn\u00e9es fournies dans les fichiers automatis\u00e9s d&rsquo;Agroganadera Germ\u00e1n S.L.<\/p>\n<p>Les utilisateurs peuvent exercer, \u00e0 tout moment, les droits d&rsquo;acc\u00e8s, de rectification, annulation et opposition de leurs donn\u00e9es collect\u00e9es et archiv\u00e9es. L&rsquo;exercice de ces droits peut \u00eatre effectu\u00e9 en envoyant un e-mail \u00e0 grupoalcaniz@grupoalcaniz.com ou par communication \u00e9crite adress\u00e9e \u00e0 Agroganadera Germ\u00e1n S.L. avec adresse \u00e0 Calle torre binefar, s\/n, 22558 Albelda (Huesca), en indiquant \u00ab\u00a0donn\u00e9es personnelles\u00a0\u00bb comme r\u00e9f\u00e9rence.<\/p>\n<p>Les donn\u00e9es enregistr\u00e9es seront utilis\u00e9es uniquement dans le but de permettre le d\u00e9veloppement normal des services et des informations demand\u00e9es par l&rsquo;utilisateur, de r\u00e9aliser des statistiques, d&rsquo;envoyer des informations \u00e0 caract\u00e8re culturel, scientifique, commercial et \u00e0 d&rsquo;autres fins d\u00e9riv\u00e9es des activit\u00e9s et des services de l&rsquo;utilisateur. responsable des dossiers.<\/p>\n<p>L&rsquo;adresse e-mail fournie par les utilisateurs lors du processus d&rsquo;abonnement \u00e0 tout service propos\u00e9 par le portail www.grupoalcaniz.com pourra \u00eatre utilis\u00e9e pour communiquer les newsletters d&rsquo;Agroganadera Germ\u00e1n S.L.. ainsi que les nouveaux services et\/ou activit\u00e9s de l&rsquo;entreprise. L&rsquo;utilisateur peut \u00e0 tout moment r\u00e9voquer son consentement en envoyant un e-mail \u00e0 grupoalcaniz@grupoalcaniz.com.<\/p>\n<p>Agroganadera Germ\u00e1n S.L. s&rsquo;engage \u00e0 ne pas collecter d&rsquo;informations inutiles sur ses utilisateurs, en indiquant \u00e0 tout moment le caract\u00e8re obligatoire ou facultatif des r\u00e9ponses aux questions qui leur sont pos\u00e9es, \u00e0 traiter avec une extr\u00eame diligence les informations personnelles qu&rsquo;ils pourraient fournir, et \u00e0 se conformer \u00e0 tout moment de la traitement avec l\u2019obligation de garder le secret sur les donn\u00e9es fournies par les utilisateurs.<br \/>\nDe m\u00eame, elle s&rsquo;engage \u00e0 adopter \u00e0 tout moment les mesures techniques et organisationnelles l\u00e9galement requises pour \u00e9viter la perte, l&rsquo;alt\u00e9ration ou l&rsquo;acc\u00e8s non autoris\u00e9, en mettant en \u0153uvre \u00e0 cet effet tous les moyens et syst\u00e8mes techniques \u00e0 sa disposition, en tenant compte de l&rsquo;\u00e9tat de la technologie, de la nature des donn\u00e9es stock\u00e9es et les risques auxquels elles sont expos\u00e9es, qu\u2019ils proviennent de l\u2019action humaine ou de l\u2019environnement physique ou naturel.<\/p>\n<p>Agroganadera Germ\u00e1n S.L. se r\u00e9serve le droit de modifier la politique de traitement et de s\u00e9curit\u00e9 des donn\u00e9es personnelles, toujours dans les termes permis par la l\u00e9gislation en vigueur et en communication pr\u00e9alable aux int\u00e9ress\u00e9s, soit par publication sur cette page ou ailleurs sur le Web, soit par tout autre moyen de communication ou diffusion jug\u00e9e appropri\u00e9e.<\/p>\n<\/div><div class=\"fusion-clearfix\"><\/div>\n\n\t\t\t\t\t<\/div>\n\t\t\t\t<\/div><\/div><\/div>\n","protected":false},"excerpt":{"rendered":"","protected":false},"author":2,"featured_media":0,"parent":0,"menu_order":0,"comment_status":"closed","ping_status":"closed","template":"","meta":{"inline_featured_image":false,"footnotes":""},"class_list":["post-2547","page","type-page","status-publish","hentry"],"yoast_head":"<!-- This site is optimized with the Yoast SEO plugin v26.0 - https:\/\/yoast.com\/wordpress\/plugins\/seo\/ -->\n<title>Protection de donn\u00e9es - Groupe Alca\u00f1iz<\/title>\n<meta name=\"robots\" content=\"noindex, follow\" \/>\n<meta property=\"og:locale\" content=\"fr_FR\" \/>\n<meta property=\"og:type\" content=\"article\" \/>\n<meta property=\"og:title\" content=\"Protection de donn\u00e9es - Groupe Alca\u00f1iz\" \/>\n<meta property=\"og:url\" content=\"https:\/\/grupoalcaniz.com\/fr\/data-protectionprotection-de-donnees\/\" \/>\n<meta property=\"og:site_name\" content=\"Groupe Alca\u00f1iz\" \/>\n<meta property=\"article:modified_time\" content=\"2023-09-28T15:08:03+00:00\" \/>\n<meta name=\"twitter:card\" content=\"summary_large_image\" \/>\n<meta name=\"twitter:label1\" content=\"Dur\u00e9e de lecture estim\u00e9e\" \/>\n\t<meta name=\"twitter:data1\" content=\"4 minutes\" \/>\n<script type=\"application\/ld+json\" class=\"yoast-schema-graph\">{\"@context\":\"https:\/\/schema.org\",\"@graph\":[{\"@type\":\"WebPage\",\"@id\":\"https:\/\/grupoalcaniz.com\/fr\/data-protectionprotection-de-donnees\/\",\"url\":\"https:\/\/grupoalcaniz.com\/fr\/data-protectionprotection-de-donnees\/\",\"name\":\"Protection de donn\u00e9es - Groupe Alca\u00f1iz\",\"isPartOf\":{\"@id\":\"https:\/\/grupoalcaniz.com\/es\/#website\"},\"datePublished\":\"2023-09-28T13:41:42+00:00\",\"dateModified\":\"2023-09-28T15:08:03+00:00\",\"breadcrumb\":{\"@id\":\"https:\/\/grupoalcaniz.com\/fr\/data-protectionprotection-de-donnees\/#breadcrumb\"},\"inLanguage\":\"fr-FR\",\"potentialAction\":[{\"@type\":\"ReadAction\",\"target\":[\"https:\/\/grupoalcaniz.com\/fr\/data-protectionprotection-de-donnees\/\"]}]},{\"@type\":\"BreadcrumbList\",\"@id\":\"https:\/\/grupoalcaniz.com\/fr\/data-protectionprotection-de-donnees\/#breadcrumb\",\"itemListElement\":[{\"@type\":\"ListItem\",\"position\":1,\"name\":\"Portada\",\"item\":\"https:\/\/grupoalcaniz.com\/fr\/\"},{\"@type\":\"ListItem\",\"position\":2,\"name\":\"Protection de donn\u00e9es\"}]},{\"@type\":\"WebSite\",\"@id\":\"https:\/\/grupoalcaniz.com\/es\/#website\",\"url\":\"https:\/\/grupoalcaniz.com\/es\/\",\"name\":\"Groupe Alca\u00f1iz\",\"description\":\"Agricultura, transporte y veterinaria para producir la carne de m\u00e1s alta calidad.\",\"publisher\":{\"@id\":\"https:\/\/grupoalcaniz.com\/es\/#organization\"},\"potentialAction\":[{\"@type\":\"SearchAction\",\"target\":{\"@type\":\"EntryPoint\",\"urlTemplate\":\"https:\/\/grupoalcaniz.com\/es\/?s={search_term_string}\"},\"query-input\":{\"@type\":\"PropertyValueSpecification\",\"valueRequired\":true,\"valueName\":\"search_term_string\"}}],\"inLanguage\":\"fr-FR\"},{\"@type\":\"Organization\",\"@id\":\"https:\/\/grupoalcaniz.com\/es\/#organization\",\"name\":\"Agroganadera Germ\u00e1n S.L.\",\"url\":\"https:\/\/grupoalcaniz.com\/es\/\",\"logo\":{\"@type\":\"ImageObject\",\"inLanguage\":\"fr-FR\",\"@id\":\"https:\/\/grupoalcaniz.com\/es\/#\/schema\/logo\/image\/\",\"url\":\"https:\/\/grupoalcaniz.com\/wp-content\/uploads\/2018\/07\/logo-grupo-alca\u00a4iz.png\",\"contentUrl\":\"https:\/\/grupoalcaniz.com\/wp-content\/uploads\/2018\/07\/logo-grupo-alca\u00a4iz.png\",\"width\":232,\"height\":231,\"caption\":\"Agroganadera Germ\u00e1n S.L.\"},\"image\":{\"@id\":\"https:\/\/grupoalcaniz.com\/es\/#\/schema\/logo\/image\/\"}}]}<\/script>\n<!-- \/ Yoast SEO plugin. -->","yoast_head_json":{"title":"Protection de donn\u00e9es - Groupe Alca\u00f1iz","robots":{"index":"noindex","follow":"follow"},"og_locale":"fr_FR","og_type":"article","og_title":"Protection de donn\u00e9es - Groupe Alca\u00f1iz","og_url":"https:\/\/grupoalcaniz.com\/fr\/data-protectionprotection-de-donnees\/","og_site_name":"Groupe Alca\u00f1iz","article_modified_time":"2023-09-28T15:08:03+00:00","twitter_card":"summary_large_image","twitter_misc":{"Dur\u00e9e de lecture estim\u00e9e":"4 minutes"},"schema":{"@context":"https:\/\/schema.org","@graph":[{"@type":"WebPage","@id":"https:\/\/grupoalcaniz.com\/fr\/data-protectionprotection-de-donnees\/","url":"https:\/\/grupoalcaniz.com\/fr\/data-protectionprotection-de-donnees\/","name":"Protection de donn\u00e9es - Groupe Alca\u00f1iz","isPartOf":{"@id":"https:\/\/grupoalcaniz.com\/es\/#website"},"datePublished":"2023-09-28T13:41:42+00:00","dateModified":"2023-09-28T15:08:03+00:00","breadcrumb":{"@id":"https:\/\/grupoalcaniz.com\/fr\/data-protectionprotection-de-donnees\/#breadcrumb"},"inLanguage":"fr-FR","potentialAction":[{"@type":"ReadAction","target":["https:\/\/grupoalcaniz.com\/fr\/data-protectionprotection-de-donnees\/"]}]},{"@type":"BreadcrumbList","@id":"https:\/\/grupoalcaniz.com\/fr\/data-protectionprotection-de-donnees\/#breadcrumb","itemListElement":[{"@type":"ListItem","position":1,"name":"Portada","item":"https:\/\/grupoalcaniz.com\/fr\/"},{"@type":"ListItem","position":2,"name":"Protection de donn\u00e9es"}]},{"@type":"WebSite","@id":"https:\/\/grupoalcaniz.com\/es\/#website","url":"https:\/\/grupoalcaniz.com\/es\/","name":"Groupe Alca\u00f1iz","description":"Agricultura, transporte y veterinaria para producir la carne de m\u00e1s alta calidad.","publisher":{"@id":"https:\/\/grupoalcaniz.com\/es\/#organization"},"potentialAction":[{"@type":"SearchAction","target":{"@type":"EntryPoint","urlTemplate":"https:\/\/grupoalcaniz.com\/es\/?s={search_term_string}"},"query-input":{"@type":"PropertyValueSpecification","valueRequired":true,"valueName":"search_term_string"}}],"inLanguage":"fr-FR"},{"@type":"Organization","@id":"https:\/\/grupoalcaniz.com\/es\/#organization","name":"Agroganadera Germ\u00e1n S.L.","url":"https:\/\/grupoalcaniz.com\/es\/","logo":{"@type":"ImageObject","inLanguage":"fr-FR","@id":"https:\/\/grupoalcaniz.com\/es\/#\/schema\/logo\/image\/","url":"https:\/\/grupoalcaniz.com\/wp-content\/uploads\/2018\/07\/logo-grupo-alca\u00a4iz.png","contentUrl":"https:\/\/grupoalcaniz.com\/wp-content\/uploads\/2018\/07\/logo-grupo-alca\u00a4iz.png","width":232,"height":231,"caption":"Agroganadera Germ\u00e1n S.L."},"image":{"@id":"https:\/\/grupoalcaniz.com\/es\/#\/schema\/logo\/image\/"}}]}},"_links":{"self":[{"href":"https:\/\/grupoalcaniz.com\/fr\/wp-json\/wp\/v2\/pages\/2547","targetHints":{"allow":["GET"]}}],"collection":[{"href":"https:\/\/grupoalcaniz.com\/fr\/wp-json\/wp\/v2\/pages"}],"about":[{"href":"https:\/\/grupoalcaniz.com\/fr\/wp-json\/wp\/v2\/types\/page"}],"author":[{"embeddable":true,"href":"https:\/\/grupoalcaniz.com\/fr\/wp-json\/wp\/v2\/users\/2"}],"replies":[{"embeddable":true,"href":"https:\/\/grupoalcaniz.com\/fr\/wp-json\/wp\/v2\/comments?post=2547"}],"version-history":[{"count":8,"href":"https:\/\/grupoalcaniz.com\/fr\/wp-json\/wp\/v2\/pages\/2547\/revisions"}],"predecessor-version":[{"id":2612,"href":"https:\/\/grupoalcaniz.com\/fr\/wp-json\/wp\/v2\/pages\/2547\/revisions\/2612"}],"wp:attachment":[{"href":"https:\/\/grupoalcaniz.com\/fr\/wp-json\/wp\/v2\/media?parent=2547"}],"curies":[{"name":"wp","href":"https:\/\/api.w.org\/{rel}","templated":true}]}}