{"id":2544,"date":"2023-09-28T15:40:08","date_gmt":"2023-09-28T13:40:08","guid":{"rendered":"https:\/\/grupoalcaniz.com\/nouveautes\/"},"modified":"2023-09-28T15:40:08","modified_gmt":"2023-09-28T13:40:08","slug":"nouveautes","status":"publish","type":"page","link":"https:\/\/grupoalcaniz.com\/fr\/nouveautes\/","title":{"rendered":"Nouveautes"},"content":{"rendered":"<p><div class=\"fusion-fullwidth fullwidth-box nonhundred-percent-fullwidth non-hundred-percent-height-scrolling\"  style='background-color: #ffffff;background-position: center center;background-repeat: no-repeat;padding-top:50px;padding-right:0px;padding-bottom:0px;padding-left:0px;'><div class=\"fusion-builder-row fusion-row \"><div  class=\"fusion-layout-column fusion_builder_column fusion_builder_column_1_1  fusion-one-full fusion-column-first fusion-column-last 1_1\"  style='margin-top:0px;margin-bottom:20px;'>\n\t\t\t\t\t<div class=\"fusion-column-wrapper\" style=\"background-position:left top;background-repeat:no-repeat;-webkit-background-size:cover;-moz-background-size:cover;-o-background-size:cover;background-size:cover;\"  data-bg-url=\"\">\n\t\t\t\t\t\t<div class=\"fusion-title title fusion-sep-none fusion-title-center fusion-title-size-two\" style=\"margin-top:0px;margin-bottom:31px;\"><h2 class=\"title-heading-center\">Nouveautes<\/h2><\/div><div class=\"fusion-clearfix\"><\/div>\n\n\t\t\t\t\t<\/div>\n\t\t\t\t<\/div><\/div><\/div><div class=\"fusion-fullwidth fullwidth-box nonhundred-percent-fullwidth non-hundred-percent-height-scrolling\"  style='background-color: #ffffff;background-position: center center;background-repeat: no-repeat;padding-top:0px;padding-right:0px;padding-bottom:0px;padding-left:0px;'><div class=\"fusion-builder-row fusion-row \"><div  class=\"fusion-layout-column fusion_builder_column fusion_builder_column_1_1  fusion-one-full fusion-column-first fusion-column-last 1_1\"  style='margin-top:0px;margin-bottom:20px;'>\n\t\t\t\t\t<div class=\"fusion-column-wrapper\" style=\"padding: 0px 0px 0px 0px;background-position:left top;background-repeat:no-repeat;-webkit-background-size:cover;-moz-background-size:cover;-o-background-size:cover;background-size:cover;\"  data-bg-url=\"\">\n\t\t\t\t\t\t<div class=\"fusion-blog-shortcode fusion-blog-shortcode-1 fusion-blog-archive fusion-blog-layout-grid-wrapper fusion-blog-pagination\"><style type=\"text\/css\">.fusion-blog-shortcode-1 .fusion-blog-layout-grid .fusion-post-grid{padding:10px;}.fusion-blog-shortcode-1 .fusion-posts-container{margin-left: -10px !important; margin-right:-10px !important;}<\/style><div class=\"fusion-posts-container fusion-posts-container-pagination fusion-no-meta-info fusion-blog-rollover fusion-blog-layout-grid fusion-blog-layout-grid-3 isotope fusion-blog-equal-heights\" data-pages=\"1\" data-grid-col-space=\"20\" style=\"margin: -10px -10px 0;min-height:500px;\"><article id=\"blog-1-post-2543\" class=\"fusion-post-grid post-2543 post type-post status-publish format-standard has-post-thumbnail hentry category-nouveautes\">\n<div class=\"fusion-post-wrapper\" style=\"background-color:rgba(255,255,255,0);border:1px solid #ebeaea;border-bottom-width:3px;\">\n\n\t\t\t<div class=\"fusion-flexslider flexslider fusion-flexslider-loading fusion-post-slideshow\" style=&quot;border-color:#ebeaea&quot;>\n\t\t<ul class=\"slides\">\n\t\t\t\n\t\t\t\t\t\t\t\t\t\t\t\t\t\t<li>\n\n<div  class=\"fusion-image-wrapper\" aria-haspopup=\"true\">\n\t\n\t\n\t\t\n\t\t\t\t\t<img loading=\"lazy\" decoding=\"async\" width=\"1920\" height=\"1000\" src=\"https:\/\/grupoalcaniz.com\/wp-content\/uploads\/2018\/10\/alca\u00f1iz-noticia-web-600x313.jpeg\" class=\"attachment-full size-full wp-post-image\" alt=\"\" srcset=\"https:\/\/grupoalcaniz.com\/wp-content\/uploads\/2018\/10\/alca\u00f1iz-noticia-web-200x104.jpeg 200w, https:\/\/grupoalcaniz.com\/wp-content\/uploads\/2018\/10\/alca\u00f1iz-noticia-web-400x208.jpeg 400w, https:\/\/grupoalcaniz.com\/wp-content\/uploads\/2018\/10\/alca\u00f1iz-noticia-web-600x313.jpeg 600w, https:\/\/grupoalcaniz.com\/wp-content\/uploads\/2018\/10\/alca\u00f1iz-noticia-web-800x417.jpeg 800w, https:\/\/grupoalcaniz.com\/wp-content\/uploads\/2018\/10\/alca\u00f1iz-noticia-web-1200x625.jpeg 1200w, https:\/\/grupoalcaniz.com\/wp-content\/uploads\/2018\/10\/alca\u00f1iz-noticia-web.jpeg 1920w\" sizes=\"auto, (min-width: 2200px) 100vw, (min-width: 784px) 627px, (min-width: 712px) 784px, (min-width: 640px) 712px, \" \/>\n\t\n\n\t\t<div class=\"fusion-rollover\">\n\t<div class=\"fusion-rollover-content\">\n\n\t\t\t\t\n\t\t\t\t\n\t\t\t\t\t\t\t\t\t\t\t\t<h4 class=\"fusion-rollover-title\">\n\t\t\t\t\t<a href=\"https:\/\/grupoalcaniz.com\/fr\/nous-lancons-notre-site-internet\/\">\n\t\t\t\t\t\tNous lan\u00e7ons notre site Internet\t\t\t\t\t<\/a>\n\t\t\t\t<\/h4>\n\t\t\t\n\t\t\t\t\t\t\t\t\n\t\t\n\t\t\t\t<a class=\"fusion-link-wrapper\" href=\"https:\/\/grupoalcaniz.com\/fr\/nous-lancons-notre-site-internet\/\" aria-label=\"Nous lan\u00e7ons notre site Internet\"><\/a>\n\t<\/div>\n<\/div>\n\n\t\n<\/div>\n<\/li>\n\t\t\t\n\t\t\t\n\t\t\t\t\t\t\t\t\t\t\t\t\t\t\t\t\t\t\t\t\t\t\t\t\t\t\t\t\t\t\t\t\t\t\t\t\t\t\t\t\t\t\t\t\t\t\t\t\t\t\t\t\t\t\t\t\t\t\t\t\t\t\t\t\t\t\t\t<\/ul>\n\t<\/div>\n\t<div class=\"fusion-post-content-wrapper\" style=\"padding:30px 25px 20px 25px;\"><div class=\"fusion-post-content post-content\"><h2 class=\"blog-shortcode-post-title entry-title\"><a href=\"https:\/\/grupoalcaniz.com\/fr\/nous-lancons-notre-site-internet\/\">Nous lan\u00e7ons notre site Internet<\/a><\/h2><div class=\"fusion-post-content-container\"><p>Apr\u00e8s 50 ans d'exp\u00e9rience dans le secteur primaire, le moment est venu de donner de la visibilit\u00e9 \u00e0 notre travail.<\/p><\/div><\/div><\/div><div class=\"fusion-clearfix\"><\/div><\/div>\n<\/article>\n<article id=\"blog-1-post-2542\" class=\"fusion-post-grid post-2542 post type-post status-publish format-standard has-post-thumbnail hentry category-non-classifiee\">\n<div class=\"fusion-post-wrapper\" style=\"background-color:rgba(255,255,255,0);border:1px solid #ebeaea;border-bottom-width:3px;\">\n\n\t\t\t<div class=\"fusion-flexslider flexslider fusion-flexslider-loading fusion-post-slideshow\" style=&quot;border-color:#ebeaea&quot;>\n\t\t<ul class=\"slides\">\n\t\t\t\n\t\t\t\t\t\t\t\t\t\t\t\t\t\t<li>\n\n<div  class=\"fusion-image-wrapper\" aria-haspopup=\"true\">\n\t\n\t\n\t\t\n\t\t\t\t\t<img loading=\"lazy\" decoding=\"async\" width=\"1280\" height=\"1271\" src=\"https:\/\/grupoalcaniz.com\/wp-content\/uploads\/2021\/04\/stars-38740_1280-600x596.png\" class=\"attachment-full size-full wp-post-image\" alt=\"\" srcset=\"https:\/\/grupoalcaniz.com\/wp-content\/uploads\/2021\/04\/stars-38740_1280-200x199.png 200w, https:\/\/grupoalcaniz.com\/wp-content\/uploads\/2021\/04\/stars-38740_1280-400x397.png 400w, https:\/\/grupoalcaniz.com\/wp-content\/uploads\/2021\/04\/stars-38740_1280-600x596.png 600w, https:\/\/grupoalcaniz.com\/wp-content\/uploads\/2021\/04\/stars-38740_1280-800x794.png 800w, https:\/\/grupoalcaniz.com\/wp-content\/uploads\/2021\/04\/stars-38740_1280-1200x1192.png 1200w, https:\/\/grupoalcaniz.com\/wp-content\/uploads\/2021\/04\/stars-38740_1280.png 1280w\" sizes=\"auto, (min-width: 2200px) 100vw, (min-width: 784px) 627px, (min-width: 712px) 784px, (min-width: 640px) 712px, \" \/>\n\t\n\n\t\t<div class=\"fusion-rollover\">\n\t<div class=\"fusion-rollover-content\">\n\n\t\t\t\t\n\t\t\t\t\n\t\t\t\t\t\t\t\t\t\t\t\t<h4 class=\"fusion-rollover-title\">\n\t\t\t\t\t<a href=\"https:\/\/grupoalcaniz.com\/fr\/programme-paip\/\">\n\t\t\t\t\t\tprogramme \u00ab PAIP \u00bb\t\t\t\t\t<\/a>\n\t\t\t\t<\/h4>\n\t\t\t\n\t\t\t\t\t\t\t\t\n\t\t\n\t\t\t\t<a class=\"fusion-link-wrapper\" href=\"https:\/\/grupoalcaniz.com\/fr\/programme-paip\/\" aria-label=\"programme \u00ab PAIP \u00bb\"><\/a>\n\t<\/div>\n<\/div>\n\n\t\n<\/div>\n<\/li>\n\t\t\t\n\t\t\t\n\t\t\t\t\t\t\t\t\t\t\t\t\t\t\t\t\t\t\t\t\t\t\t\t\t\t\t\t\t\t\t\t\t\t\t\t\t\t\t\t\t\t\t\t\t\t\t\t\t\t\t\t\t\t\t\t\t\t\t\t\t\t\t\t\t\t\t\t<\/ul>\n\t<\/div>\n\t<div class=\"fusion-post-content-wrapper\" style=\"padding:30px 25px 20px 25px;\"><div class=\"fusion-post-content post-content\"><h2 class=\"blog-shortcode-post-title entry-title\"><a href=\"https:\/\/grupoalcaniz.com\/fr\/programme-paip\/\">programme \u00ab PAIP \u00bb<\/a><\/h2><div class=\"fusion-post-content-container\"><p>Participation au programme \u00ab PAIP \u00bb<\/p><\/div><\/div><\/div><div class=\"fusion-clearfix\"><\/div><\/div>\n<\/article>\n<article id=\"blog-1-post-2541\" class=\"fusion-post-grid post-2541 post type-post status-publish format-standard has-post-thumbnail hentry category-non-classifiee\">\n<div class=\"fusion-post-wrapper\" style=\"background-color:rgba(255,255,255,0);border:1px solid #ebeaea;border-bottom-width:3px;\">\n\n\t\t\t<div class=\"fusion-flexslider flexslider fusion-flexslider-loading fusion-post-slideshow\" style=&quot;border-color:#ebeaea&quot;>\n\t\t<ul class=\"slides\">\n\t\t\t\n\t\t\t\t\t\t\t\t\t\t\t\t\t\t<li>\n\n<div  class=\"fusion-image-wrapper\" aria-haspopup=\"true\">\n\t\n\t\n\t\t\n\t\t\t\t\t<img loading=\"lazy\" decoding=\"async\" width=\"1280\" height=\"1271\" src=\"https:\/\/grupoalcaniz.com\/wp-content\/uploads\/2021\/04\/stars-38740_1280-600x596.png\" class=\"attachment-full size-full wp-post-image\" alt=\"\" srcset=\"https:\/\/grupoalcaniz.com\/wp-content\/uploads\/2021\/04\/stars-38740_1280-200x199.png 200w, https:\/\/grupoalcaniz.com\/wp-content\/uploads\/2021\/04\/stars-38740_1280-400x397.png 400w, https:\/\/grupoalcaniz.com\/wp-content\/uploads\/2021\/04\/stars-38740_1280-600x596.png 600w, https:\/\/grupoalcaniz.com\/wp-content\/uploads\/2021\/04\/stars-38740_1280-800x794.png 800w, https:\/\/grupoalcaniz.com\/wp-content\/uploads\/2021\/04\/stars-38740_1280-1200x1192.png 1200w, https:\/\/grupoalcaniz.com\/wp-content\/uploads\/2021\/04\/stars-38740_1280.png 1280w\" sizes=\"auto, (min-width: 2200px) 100vw, (min-width: 784px) 627px, (min-width: 712px) 784px, (min-width: 640px) 712px, \" \/>\n\t\n\n\t\t<div class=\"fusion-rollover\">\n\t<div class=\"fusion-rollover-content\">\n\n\t\t\t\t\n\t\t\t\t\n\t\t\t\t\t\t\t\t\t\t\t\t<h4 class=\"fusion-rollover-title\">\n\t\t\t\t\t<a href=\"https:\/\/grupoalcaniz.com\/fr\/idis-react-2022\/\">\n\t\t\t\t\t\tIDIS REACT 2022\t\t\t\t\t<\/a>\n\t\t\t\t<\/h4>\n\t\t\t\n\t\t\t\t\t\t\t\t\n\t\t\n\t\t\t\t<a class=\"fusion-link-wrapper\" href=\"https:\/\/grupoalcaniz.com\/fr\/idis-react-2022\/\" aria-label=\"IDIS REACT 2022\"><\/a>\n\t<\/div>\n<\/div>\n\n\t\n<\/div>\n<\/li>\n\t\t\t\n\t\t\t\n\t\t\t\t\t\t\t\t\t\t\t\t\t\t\t\t\t\t\t\t\t\t\t\t\t\t\t\t\t\t\t\t\t\t\t\t\t\t\t\t\t\t\t\t\t\t\t\t\t\t\t\t\t\t\t\t\t\t\t\t\t\t\t\t\t\t\t\t<\/ul>\n\t<\/div>\n\t<div class=\"fusion-post-content-wrapper\" style=\"padding:30px 25px 20px 25px;\"><div class=\"fusion-post-content post-content\"><h2 class=\"blog-shortcode-post-title entry-title\"><a href=\"https:\/\/grupoalcaniz.com\/fr\/idis-react-2022\/\">IDIS REACT 2022<\/a><\/h2><div class=\"fusion-post-content-container\"><p>Participation au programme \u00ab IDIS REACT 2022 \u00bb<\/p><\/div><\/div><\/div><div class=\"fusion-clearfix\"><\/div><\/div>\n<\/article>\n<div class=\"fusion-clearfix\"><\/div><\/div><\/div><div class=\"fusion-clearfix\"><\/div>\n\n\t\t\t\t\t<\/div>\n\t\t\t\t<\/div><\/div><\/div><\/p>\n","protected":false},"excerpt":{"rendered":"","protected":false},"author":2,"featured_media":0,"parent":0,"menu_order":0,"comment_status":"closed","ping_status":"closed","template":"","meta":{"inline_featured_image":false,"footnotes":""},"class_list":["post-2544","page","type-page","status-publish","hentry"],"yoast_head":"<!-- This site is optimized with the Yoast SEO plugin v26.0 - https:\/\/yoast.com\/wordpress\/plugins\/seo\/ -->\n<title>Nouveautes - Groupe Alca\u00f1iz<\/title>\n<meta name=\"robots\" content=\"index, follow, max-snippet:-1, max-image-preview:large, max-video-preview:-1\" \/>\n<link rel=\"canonical\" href=\"https:\/\/grupoalcaniz.com\/fr\/nouveautes\/\" \/>\n<meta property=\"og:locale\" content=\"fr_FR\" \/>\n<meta property=\"og:type\" content=\"article\" \/>\n<meta property=\"og:title\" content=\"Nouveautes - Groupe Alca\u00f1iz\" \/>\n<meta property=\"og:url\" content=\"https:\/\/grupoalcaniz.com\/fr\/nouveautes\/\" \/>\n<meta property=\"og:site_name\" content=\"Groupe Alca\u00f1iz\" \/>\n<meta name=\"twitter:card\" content=\"summary_large_image\" \/>\n<meta name=\"twitter:label1\" content=\"Dur\u00e9e de lecture estim\u00e9e\" \/>\n\t<meta name=\"twitter:data1\" content=\"2 minutes\" \/>\n<script type=\"application\/ld+json\" class=\"yoast-schema-graph\">{\"@context\":\"https:\/\/schema.org\",\"@graph\":[{\"@type\":\"WebPage\",\"@id\":\"https:\/\/grupoalcaniz.com\/fr\/nouveautes\/\",\"url\":\"https:\/\/grupoalcaniz.com\/fr\/nouveautes\/\",\"name\":\"Nouveautes - Groupe Alca\u00f1iz\",\"isPartOf\":{\"@id\":\"https:\/\/grupoalcaniz.com\/es\/#website\"},\"datePublished\":\"2023-09-28T13:40:08+00:00\",\"breadcrumb\":{\"@id\":\"https:\/\/grupoalcaniz.com\/fr\/nouveautes\/#breadcrumb\"},\"inLanguage\":\"fr-FR\",\"potentialAction\":[{\"@type\":\"ReadAction\",\"target\":[\"https:\/\/grupoalcaniz.com\/fr\/nouveautes\/\"]}]},{\"@type\":\"BreadcrumbList\",\"@id\":\"https:\/\/grupoalcaniz.com\/fr\/nouveautes\/#breadcrumb\",\"itemListElement\":[{\"@type\":\"ListItem\",\"position\":1,\"name\":\"Portada\",\"item\":\"https:\/\/grupoalcaniz.com\/fr\/\"},{\"@type\":\"ListItem\",\"position\":2,\"name\":\"Nouveautes\"}]},{\"@type\":\"WebSite\",\"@id\":\"https:\/\/grupoalcaniz.com\/es\/#website\",\"url\":\"https:\/\/grupoalcaniz.com\/es\/\",\"name\":\"Groupe Alca\u00f1iz\",\"description\":\"Agricultura, transporte y veterinaria para producir la carne de m\u00e1s alta calidad.\",\"publisher\":{\"@id\":\"https:\/\/grupoalcaniz.com\/es\/#organization\"},\"potentialAction\":[{\"@type\":\"SearchAction\",\"target\":{\"@type\":\"EntryPoint\",\"urlTemplate\":\"https:\/\/grupoalcaniz.com\/es\/?s={search_term_string}\"},\"query-input\":{\"@type\":\"PropertyValueSpecification\",\"valueRequired\":true,\"valueName\":\"search_term_string\"}}],\"inLanguage\":\"fr-FR\"},{\"@type\":\"Organization\",\"@id\":\"https:\/\/grupoalcaniz.com\/es\/#organization\",\"name\":\"Agroganadera Germ\u00e1n S.L.\",\"url\":\"https:\/\/grupoalcaniz.com\/es\/\",\"logo\":{\"@type\":\"ImageObject\",\"inLanguage\":\"fr-FR\",\"@id\":\"https:\/\/grupoalcaniz.com\/es\/#\/schema\/logo\/image\/\",\"url\":\"https:\/\/grupoalcaniz.com\/wp-content\/uploads\/2018\/07\/logo-grupo-alca\u00a4iz.png\",\"contentUrl\":\"https:\/\/grupoalcaniz.com\/wp-content\/uploads\/2018\/07\/logo-grupo-alca\u00a4iz.png\",\"width\":232,\"height\":231,\"caption\":\"Agroganadera Germ\u00e1n S.L.\"},\"image\":{\"@id\":\"https:\/\/grupoalcaniz.com\/es\/#\/schema\/logo\/image\/\"}}]}<\/script>\n<!-- \/ Yoast SEO plugin. -->","yoast_head_json":{"title":"Nouveautes - Groupe Alca\u00f1iz","robots":{"index":"index","follow":"follow","max-snippet":"max-snippet:-1","max-image-preview":"max-image-preview:large","max-video-preview":"max-video-preview:-1"},"canonical":"https:\/\/grupoalcaniz.com\/fr\/nouveautes\/","og_locale":"fr_FR","og_type":"article","og_title":"Nouveautes - Groupe Alca\u00f1iz","og_url":"https:\/\/grupoalcaniz.com\/fr\/nouveautes\/","og_site_name":"Groupe Alca\u00f1iz","twitter_card":"summary_large_image","twitter_misc":{"Dur\u00e9e de lecture estim\u00e9e":"2 minutes"},"schema":{"@context":"https:\/\/schema.org","@graph":[{"@type":"WebPage","@id":"https:\/\/grupoalcaniz.com\/fr\/nouveautes\/","url":"https:\/\/grupoalcaniz.com\/fr\/nouveautes\/","name":"Nouveautes - Groupe Alca\u00f1iz","isPartOf":{"@id":"https:\/\/grupoalcaniz.com\/es\/#website"},"datePublished":"2023-09-28T13:40:08+00:00","breadcrumb":{"@id":"https:\/\/grupoalcaniz.com\/fr\/nouveautes\/#breadcrumb"},"inLanguage":"fr-FR","potentialAction":[{"@type":"ReadAction","target":["https:\/\/grupoalcaniz.com\/fr\/nouveautes\/"]}]},{"@type":"BreadcrumbList","@id":"https:\/\/grupoalcaniz.com\/fr\/nouveautes\/#breadcrumb","itemListElement":[{"@type":"ListItem","position":1,"name":"Portada","item":"https:\/\/grupoalcaniz.com\/fr\/"},{"@type":"ListItem","position":2,"name":"Nouveautes"}]},{"@type":"WebSite","@id":"https:\/\/grupoalcaniz.com\/es\/#website","url":"https:\/\/grupoalcaniz.com\/es\/","name":"Groupe Alca\u00f1iz","description":"Agricultura, transporte y veterinaria para producir la carne de m\u00e1s alta calidad.","publisher":{"@id":"https:\/\/grupoalcaniz.com\/es\/#organization"},"potentialAction":[{"@type":"SearchAction","target":{"@type":"EntryPoint","urlTemplate":"https:\/\/grupoalcaniz.com\/es\/?s={search_term_string}"},"query-input":{"@type":"PropertyValueSpecification","valueRequired":true,"valueName":"search_term_string"}}],"inLanguage":"fr-FR"},{"@type":"Organization","@id":"https:\/\/grupoalcaniz.com\/es\/#organization","name":"Agroganadera Germ\u00e1n S.L.","url":"https:\/\/grupoalcaniz.com\/es\/","logo":{"@type":"ImageObject","inLanguage":"fr-FR","@id":"https:\/\/grupoalcaniz.com\/es\/#\/schema\/logo\/image\/","url":"https:\/\/grupoalcaniz.com\/wp-content\/uploads\/2018\/07\/logo-grupo-alca\u00a4iz.png","contentUrl":"https:\/\/grupoalcaniz.com\/wp-content\/uploads\/2018\/07\/logo-grupo-alca\u00a4iz.png","width":232,"height":231,"caption":"Agroganadera Germ\u00e1n S.L."},"image":{"@id":"https:\/\/grupoalcaniz.com\/es\/#\/schema\/logo\/image\/"}}]}},"_links":{"self":[{"href":"https:\/\/grupoalcaniz.com\/fr\/wp-json\/wp\/v2\/pages\/2544","targetHints":{"allow":["GET"]}}],"collection":[{"href":"https:\/\/grupoalcaniz.com\/fr\/wp-json\/wp\/v2\/pages"}],"about":[{"href":"https:\/\/grupoalcaniz.com\/fr\/wp-json\/wp\/v2\/types\/page"}],"author":[{"embeddable":true,"href":"https:\/\/grupoalcaniz.com\/fr\/wp-json\/wp\/v2\/users\/2"}],"replies":[{"embeddable":true,"href":"https:\/\/grupoalcaniz.com\/fr\/wp-json\/wp\/v2\/comments?post=2544"}],"version-history":[{"count":2,"href":"https:\/\/grupoalcaniz.com\/fr\/wp-json\/wp\/v2\/pages\/2544\/revisions"}],"predecessor-version":[{"id":2546,"href":"https:\/\/grupoalcaniz.com\/fr\/wp-json\/wp\/v2\/pages\/2544\/revisions\/2546"}],"wp:attachment":[{"href":"https:\/\/grupoalcaniz.com\/fr\/wp-json\/wp\/v2\/media?parent=2544"}],"curies":[{"name":"wp","href":"https:\/\/api.w.org\/{rel}","templated":true}]}}