{"id":2538,"date":"2023-09-28T15:37:09","date_gmt":"2023-09-28T13:37:09","guid":{"rendered":"https:\/\/grupoalcaniz.com\/usine-daliments-composes\/"},"modified":"2023-09-28T15:37:09","modified_gmt":"2023-09-28T13:37:09","slug":"usine-daliments-composes","status":"publish","type":"page","link":"https:\/\/grupoalcaniz.com\/fr\/usine-daliments-composes\/","title":{"rendered":"Usine d\u2019aliments compos\u00e9s"},"content":{"rendered":"<p><div id=\"primer-bloque\" class=\"fusion-fullwidth fullwidth-box bg-contain nonhundred-percent-fullwidth non-hundred-percent-height-scrolling\"  style='background-color: #efdeb3;background-position: right top;background-repeat: no-repeat;padding-top:100px;padding-right:10%;padding-bottom:70px;padding-left:10%;border-top-width:0px;border-bottom-width:0px;border-color:1e1f22;border-top-style:solid;border-bottom-style:solid;'><div class=\"fusion-builder-row fusion-row \"><div  class=\"fusion-layout-column fusion_builder_column fusion_builder_column_1_4  fusion-one-fourth fusion-column-first fusion-no-small-visibility 1_4\"  style='margin-top:0px;margin-bottom:20px;width:22%; margin-right: 4%;'>\n\t\t\t\t\t<div class=\"fusion-column-wrapper\" style=\"padding: 0px 0px 0px 0px;background-position:left top;background-repeat:no-repeat;-webkit-background-size:cover;-moz-background-size:cover;-o-background-size:cover;background-size:cover;\"  data-bg-url=\"\">\n\t\t\t\t\t\t<div class=\"fusion-clearfix\"><\/div>\n\n\t\t\t\t\t<\/div>\n\t\t\t\t<\/div><div  class=\"fusion-layout-column fusion_builder_column fusion_builder_column_1_2  fusion-one-half 1_2\"  style='margin-top:0px;margin-bottom:20px;width:48%; margin-right: 4%;'>\n\t\t\t\t\t<div class=\"fusion-column-wrapper\" style=\"padding: 0px 0px 0px 0px;background-position:left top;background-repeat:no-repeat;-webkit-background-size:cover;-moz-background-size:cover;-o-background-size:cover;background-size:cover;\"  data-bg-url=\"\">\n\t\t\t\t\t\t<div class=\"fusion-title title fusion-sep-none fusion-title-size-two\" style=\"margin-top:0px;margin-bottom:31px;\"><h2 class=\"title-heading-left\">Usine d\u2019aliments compos\u00e9s<\/h2><\/div><div class=\"fusion-sep-clear\"><\/div><div class=\"fusion-separator sep-none\" style=\"margin-left: auto;margin-right: auto;margin-top:;margin-bottom:20px;width:100%;max-width:300px;\"><\/div><div class=\"fusion-text\"><p>Notre objectif principal est la conception et la fabrication d&rsquo;aliments sains, \u00e9labor\u00e9s avec des mati\u00e8res premi\u00e8res de premi\u00e8re qualit\u00e9 et des suppl\u00e9ments naturels qui nous aident \u00e0 am\u00e9liorer le syst\u00e8me immunitaire des animaux et ainsi \u00e0 pr\u00e9venir l&rsquo;apparition de maladies.<\/p>\n<p style=\"text-align: center;\">Agropecuaria Alca\u00f1iz Abad\u00eda, SC : ESP22009002<\/p>\n<p style=\"text-align: center;\">Agroganadera Germ\u00e1n, SL : ESP22009007<\/p>\n<\/div><div class=\"fusion-clearfix\"><\/div>\n\n\t\t\t\t\t<\/div>\n\t\t\t\t<\/div><div  class=\"fusion-layout-column fusion_builder_column fusion_builder_column_1_4  fusion-one-fourth fusion-column-last fusion-no-small-visibility 1_4\"  style='margin-top:0px;margin-bottom:20px;width:22%'>\n\t\t\t\t\t<div class=\"fusion-column-wrapper\" style=\"padding: 0px 0px 0px 0px;background-position:left top;background-repeat:no-repeat;-webkit-background-size:cover;-moz-background-size:cover;-o-background-size:cover;background-size:cover;\"  data-bg-url=\"\">\n\t\t\t\t\t\t<div class=\"fusion-clearfix\"><\/div>\n\n\t\t\t\t\t<\/div>\n\t\t\t\t<\/div><\/div><\/div><div class=\"fusion-fullwidth fullwidth-box hundred-percent-fullwidth non-hundred-percent-height-scrolling fusion-equal-height-columns\"  style='background-color: #FFFFFF;background-position: left top;background-repeat: no-repeat;padding-top:0px;padding-right:0px;padding-bottom:0px;padding-left:0px;border-top-width:0px;border-bottom-width:0px;border-color:#eae9e9;border-top-style:solid;border-bottom-style:solid;'><div class=\"fusion-builder-row fusion-row \"><div  class=\"fusion-layout-column fusion_builder_column fusion_builder_column_1_2  fusion-one-half fusion-column-first fusion-blend-mode 1_2\"  style='margin-top:0px;margin-bottom:0px;'>\n\t\t\t\t\t<div class=\"fusion-column-wrapper\" style=\"background-color:#c5a570;padding: 10% 10% 10% 10%;background-position:left top;background-repeat:no-repeat;-webkit-background-size:cover;-moz-background-size:cover;-o-background-size:cover;background-size:cover;\"  data-bg-url=\"\">\n\t\t\t\t\t\t<div class=\"fusion-text\"><p><span style=\"color: #ffffff;\">Pour nous, l\u2019alimentation est bien plus que la simple satisfaction des besoins des animaux, c\u2019est la recherche d\u2019un haut degr\u00e9 de bien-\u00eatre animal.<\/span><\/p>\n<p><span style=\"color: #ffffff;\">Avec des c\u00e9r\u00e9ales de haute qualit\u00e9 utilis\u00e9es, nous obtenons une alimentation au profil nutritionnel riche. Nous effectuons un contr\u00f4le exhaustif de la nutrition, gr\u00e2ce \u00e0 un contr\u00f4le rigoureux de l&rsquo;apport de mati\u00e8res premi\u00e8res et avec une collaboration \u00e9troite et constante avec des experts en nutrition, pour concevoir l&rsquo;aliment appropri\u00e9 en fonction des besoins des animaux. Le contr\u00f4le de la tra\u00e7abilit\u00e9 de nos aliments s&rsquo;\u00e9tend \u00e0 leur stockage et \u00e0 leur distribution.<\/span><\/p>\n<\/div><div class=\"fusion-clearfix\"><\/div>\n\n\t\t\t\t\t<\/div>\n\t\t\t\t<\/div><div  class=\"fusion-layout-column fusion_builder_column fusion_builder_column_1_2  fusion-one-half fusion-column-last fusion-blend-mode fusion-column-inner-bg-wrapper 1_2\"  style='margin-top:0px;margin-bottom:0px;'>\n\t\t\t\t\t<div class=\"fusion-column-wrapper\" style=\"padding: 7% 10% 10% 10%;\" data-bg-url=\"\">\n\t\t\t\t\t\t<div class=\"fusion-column-content-centered\"><div class=\"fusion-column-content\"><div class=\"fusion-testimonials clean fusion-testimonials-1\" data-random=\"0\"><style type=\"text\/css\" scoped=\"scoped\">#fusion-testimonials-1 a{border-color:#ffffff;}#fusion-testimonials-1 a:hover, #fusion-testimonials-1 .activeSlide{background-color: #ffffff;}.fusion-testimonials.clean.fusion-testimonials-1 .author:after{border-top-color:rgba(246,246,246,0) !important;}<\/style><div class=\"reviews\"><div class=\"review no-avatar\"><blockquote style=\"margin: -25px;background-color:rgba(246,246,246,0);\"><q style=\"background-color:rgba(246,246,246,0);color:#ffffff;\" class=\"fusion-clearfix\">\n<h4 style=\"text-align: left;\">Notre flux est con\u00e7u sur la base des pr\u00e9misses suivantes :<\/h4>\n<ul>\n<li style=\"text-align: left;\">Mati\u00e8re premi\u00e8re de 1\u00e8re qualit\u00e9<\/li>\n<li style=\"text-align: left;\">Compl\u00e9ments nutritionnels naturels<\/li>\n<li style=\"text-align: left;\">Atteindre un \u00e9quilibre de nutriments et de vitamines<\/li>\n<li style=\"text-align: left;\">Fabriquer un aliment stable qui conserve sa qualit\u00e9 dans le temps<\/li>\n<\/ul>\n<\/q><\/blockquote><div class=\"author\" style=\"color:#ffffff;\"><span class=\"company-name\"><\/span><\/div><\/div><\/div><div class=\"testimonial-pagination\" id=\"fusion-testimonials-1\"><\/div><\/div><\/div><\/div><div class=\"fusion-clearfix\"><\/div>\n\t\t\t\t\t<\/div>\n\t\t\t\t\t<span class=\"fusion-column-inner-bg hover-type-zoomin\">\n\t\t\t\t\t\t<a  aria-label=\"\">\n\t\t\t\t\t\t\t<span class=\"fusion-column-inner-bg-image\" style=\"background-color:#728ed8;background-position:center center;background-repeat:no-repeat;-webkit-background-size:cover;-moz-background-size:cover;-o-background-size:cover;background-size:cover;\"><\/span><\/a>\n\t\t\t\t\t<\/span>\n\t\t\t\t<\/div><\/div><\/div><\/p>\n","protected":false},"excerpt":{"rendered":"","protected":false},"author":2,"featured_media":0,"parent":0,"menu_order":0,"comment_status":"closed","ping_status":"closed","template":"100-width.php","meta":{"inline_featured_image":false,"footnotes":""},"class_list":["post-2538","page","type-page","status-publish","hentry"],"yoast_head":"<!-- This site is optimized with the Yoast SEO plugin v26.0 - https:\/\/yoast.com\/wordpress\/plugins\/seo\/ -->\n<title>Usine d\u2019aliments compos\u00e9s - Groupe Alca\u00f1iz<\/title>\n<meta name=\"description\" content=\"Notre objectif principal est la conception et la fabrication d\u2019aliments sains \u00e9labor\u00e9s avec des mati\u00e8res premi\u00e8res de premi\u00e8re qualit\u00e9 et des compl\u00e9ments naturels.\" \/>\n<meta name=\"robots\" content=\"index, follow, max-snippet:-1, max-image-preview:large, max-video-preview:-1\" \/>\n<link rel=\"canonical\" href=\"https:\/\/grupoalcaniz.com\/fr\/usine-daliments-composes\/\" \/>\n<meta property=\"og:locale\" content=\"fr_FR\" \/>\n<meta property=\"og:type\" content=\"article\" \/>\n<meta property=\"og:title\" content=\"Usine d\u2019aliments compos\u00e9s - Groupe Alca\u00f1iz\" \/>\n<meta property=\"og:description\" content=\"Notre objectif principal est la conception et la fabrication d\u2019aliments sains \u00e9labor\u00e9s avec des mati\u00e8res premi\u00e8res de premi\u00e8re qualit\u00e9 et des compl\u00e9ments naturels.\" \/>\n<meta property=\"og:url\" content=\"https:\/\/grupoalcaniz.com\/fr\/usine-daliments-composes\/\" \/>\n<meta property=\"og:site_name\" content=\"Groupe Alca\u00f1iz\" \/>\n<meta name=\"twitter:card\" content=\"summary_large_image\" \/>\n<meta name=\"twitter:label1\" content=\"Dur\u00e9e de lecture estim\u00e9e\" \/>\n\t<meta name=\"twitter:data1\" content=\"5 minutes\" \/>\n<script type=\"application\/ld+json\" class=\"yoast-schema-graph\">{\"@context\":\"https:\/\/schema.org\",\"@graph\":[{\"@type\":\"WebPage\",\"@id\":\"https:\/\/grupoalcaniz.com\/fr\/usine-daliments-composes\/\",\"url\":\"https:\/\/grupoalcaniz.com\/fr\/usine-daliments-composes\/\",\"name\":\"Usine d\u2019aliments compos\u00e9s - Groupe Alca\u00f1iz\",\"isPartOf\":{\"@id\":\"https:\/\/grupoalcaniz.com\/es\/#website\"},\"datePublished\":\"2023-09-28T13:37:09+00:00\",\"description\":\"Notre objectif principal est la conception et la fabrication d\u2019aliments sains \u00e9labor\u00e9s avec des mati\u00e8res premi\u00e8res de premi\u00e8re qualit\u00e9 et des compl\u00e9ments naturels.\",\"breadcrumb\":{\"@id\":\"https:\/\/grupoalcaniz.com\/fr\/usine-daliments-composes\/#breadcrumb\"},\"inLanguage\":\"fr-FR\",\"potentialAction\":[{\"@type\":\"ReadAction\",\"target\":[\"https:\/\/grupoalcaniz.com\/fr\/usine-daliments-composes\/\"]}]},{\"@type\":\"BreadcrumbList\",\"@id\":\"https:\/\/grupoalcaniz.com\/fr\/usine-daliments-composes\/#breadcrumb\",\"itemListElement\":[{\"@type\":\"ListItem\",\"position\":1,\"name\":\"Portada\",\"item\":\"https:\/\/grupoalcaniz.com\/fr\/\"},{\"@type\":\"ListItem\",\"position\":2,\"name\":\"Usine d\u2019aliments compos\u00e9s\"}]},{\"@type\":\"WebSite\",\"@id\":\"https:\/\/grupoalcaniz.com\/es\/#website\",\"url\":\"https:\/\/grupoalcaniz.com\/es\/\",\"name\":\"Groupe Alca\u00f1iz\",\"description\":\"Agricultura, transporte y veterinaria para producir la carne de m\u00e1s alta calidad.\",\"publisher\":{\"@id\":\"https:\/\/grupoalcaniz.com\/es\/#organization\"},\"potentialAction\":[{\"@type\":\"SearchAction\",\"target\":{\"@type\":\"EntryPoint\",\"urlTemplate\":\"https:\/\/grupoalcaniz.com\/es\/?s={search_term_string}\"},\"query-input\":{\"@type\":\"PropertyValueSpecification\",\"valueRequired\":true,\"valueName\":\"search_term_string\"}}],\"inLanguage\":\"fr-FR\"},{\"@type\":\"Organization\",\"@id\":\"https:\/\/grupoalcaniz.com\/es\/#organization\",\"name\":\"Agroganadera Germ\u00e1n S.L.\",\"url\":\"https:\/\/grupoalcaniz.com\/es\/\",\"logo\":{\"@type\":\"ImageObject\",\"inLanguage\":\"fr-FR\",\"@id\":\"https:\/\/grupoalcaniz.com\/es\/#\/schema\/logo\/image\/\",\"url\":\"https:\/\/grupoalcaniz.com\/wp-content\/uploads\/2018\/07\/logo-grupo-alca\u00a4iz.png\",\"contentUrl\":\"https:\/\/grupoalcaniz.com\/wp-content\/uploads\/2018\/07\/logo-grupo-alca\u00a4iz.png\",\"width\":232,\"height\":231,\"caption\":\"Agroganadera Germ\u00e1n S.L.\"},\"image\":{\"@id\":\"https:\/\/grupoalcaniz.com\/es\/#\/schema\/logo\/image\/\"}}]}<\/script>\n<!-- \/ Yoast SEO plugin. -->","yoast_head_json":{"title":"Usine d\u2019aliments compos\u00e9s - Groupe Alca\u00f1iz","description":"Notre objectif principal est la conception et la fabrication d\u2019aliments sains \u00e9labor\u00e9s avec des mati\u00e8res premi\u00e8res de premi\u00e8re qualit\u00e9 et des compl\u00e9ments naturels.","robots":{"index":"index","follow":"follow","max-snippet":"max-snippet:-1","max-image-preview":"max-image-preview:large","max-video-preview":"max-video-preview:-1"},"canonical":"https:\/\/grupoalcaniz.com\/fr\/usine-daliments-composes\/","og_locale":"fr_FR","og_type":"article","og_title":"Usine d\u2019aliments compos\u00e9s - Groupe Alca\u00f1iz","og_description":"Notre objectif principal est la conception et la fabrication d\u2019aliments sains \u00e9labor\u00e9s avec des mati\u00e8res premi\u00e8res de premi\u00e8re qualit\u00e9 et des compl\u00e9ments naturels.","og_url":"https:\/\/grupoalcaniz.com\/fr\/usine-daliments-composes\/","og_site_name":"Groupe Alca\u00f1iz","twitter_card":"summary_large_image","twitter_misc":{"Dur\u00e9e de lecture estim\u00e9e":"5 minutes"},"schema":{"@context":"https:\/\/schema.org","@graph":[{"@type":"WebPage","@id":"https:\/\/grupoalcaniz.com\/fr\/usine-daliments-composes\/","url":"https:\/\/grupoalcaniz.com\/fr\/usine-daliments-composes\/","name":"Usine d\u2019aliments compos\u00e9s - Groupe Alca\u00f1iz","isPartOf":{"@id":"https:\/\/grupoalcaniz.com\/es\/#website"},"datePublished":"2023-09-28T13:37:09+00:00","description":"Notre objectif principal est la conception et la fabrication d\u2019aliments sains \u00e9labor\u00e9s avec des mati\u00e8res premi\u00e8res de premi\u00e8re qualit\u00e9 et des compl\u00e9ments naturels.","breadcrumb":{"@id":"https:\/\/grupoalcaniz.com\/fr\/usine-daliments-composes\/#breadcrumb"},"inLanguage":"fr-FR","potentialAction":[{"@type":"ReadAction","target":["https:\/\/grupoalcaniz.com\/fr\/usine-daliments-composes\/"]}]},{"@type":"BreadcrumbList","@id":"https:\/\/grupoalcaniz.com\/fr\/usine-daliments-composes\/#breadcrumb","itemListElement":[{"@type":"ListItem","position":1,"name":"Portada","item":"https:\/\/grupoalcaniz.com\/fr\/"},{"@type":"ListItem","position":2,"name":"Usine d\u2019aliments compos\u00e9s"}]},{"@type":"WebSite","@id":"https:\/\/grupoalcaniz.com\/es\/#website","url":"https:\/\/grupoalcaniz.com\/es\/","name":"Groupe Alca\u00f1iz","description":"Agricultura, transporte y veterinaria para producir la carne de m\u00e1s alta calidad.","publisher":{"@id":"https:\/\/grupoalcaniz.com\/es\/#organization"},"potentialAction":[{"@type":"SearchAction","target":{"@type":"EntryPoint","urlTemplate":"https:\/\/grupoalcaniz.com\/es\/?s={search_term_string}"},"query-input":{"@type":"PropertyValueSpecification","valueRequired":true,"valueName":"search_term_string"}}],"inLanguage":"fr-FR"},{"@type":"Organization","@id":"https:\/\/grupoalcaniz.com\/es\/#organization","name":"Agroganadera Germ\u00e1n S.L.","url":"https:\/\/grupoalcaniz.com\/es\/","logo":{"@type":"ImageObject","inLanguage":"fr-FR","@id":"https:\/\/grupoalcaniz.com\/es\/#\/schema\/logo\/image\/","url":"https:\/\/grupoalcaniz.com\/wp-content\/uploads\/2018\/07\/logo-grupo-alca\u00a4iz.png","contentUrl":"https:\/\/grupoalcaniz.com\/wp-content\/uploads\/2018\/07\/logo-grupo-alca\u00a4iz.png","width":232,"height":231,"caption":"Agroganadera Germ\u00e1n S.L."},"image":{"@id":"https:\/\/grupoalcaniz.com\/es\/#\/schema\/logo\/image\/"}}]}},"_links":{"self":[{"href":"https:\/\/grupoalcaniz.com\/fr\/wp-json\/wp\/v2\/pages\/2538","targetHints":{"allow":["GET"]}}],"collection":[{"href":"https:\/\/grupoalcaniz.com\/fr\/wp-json\/wp\/v2\/pages"}],"about":[{"href":"https:\/\/grupoalcaniz.com\/fr\/wp-json\/wp\/v2\/types\/page"}],"author":[{"embeddable":true,"href":"https:\/\/grupoalcaniz.com\/fr\/wp-json\/wp\/v2\/users\/2"}],"replies":[{"embeddable":true,"href":"https:\/\/grupoalcaniz.com\/fr\/wp-json\/wp\/v2\/comments?post=2538"}],"version-history":[{"count":2,"href":"https:\/\/grupoalcaniz.com\/fr\/wp-json\/wp\/v2\/pages\/2538\/revisions"}],"predecessor-version":[{"id":2540,"href":"https:\/\/grupoalcaniz.com\/fr\/wp-json\/wp\/v2\/pages\/2538\/revisions\/2540"}],"wp:attachment":[{"href":"https:\/\/grupoalcaniz.com\/fr\/wp-json\/wp\/v2\/media?parent=2538"}],"curies":[{"name":"wp","href":"https:\/\/api.w.org\/{rel}","templated":true}]}}