{"id":2531,"date":"2023-09-28T15:28:40","date_gmt":"2023-09-28T13:28:40","guid":{"rendered":"https:\/\/grupoalcaniz.com\/qualite\/"},"modified":"2023-09-28T15:28:41","modified_gmt":"2023-09-28T13:28:41","slug":"qualite","status":"publish","type":"page","link":"https:\/\/grupoalcaniz.com\/fr\/qualite\/","title":{"rendered":"Qualit\u00e9"},"content":{"rendered":"<div id=\"primer-bloque\" class=\"fusion-fullwidth fullwidth-box hundred-percent-fullwidth non-hundred-percent-height-scrolling fusion-equal-height-columns\"  style='background-color: #fcfaf2;background-position: left top;background-repeat: no-repeat;padding-top:0px;padding-right:0px;padding-bottom:0px;padding-left:0px;border-top-width:0px;border-bottom-width:0px;border-color:#eae9e9;border-top-style:solid;border-bottom-style:solid;'><div class=\"fusion-builder-row fusion-row \"><div  class=\"fusion-layout-column fusion_builder_column fusion_builder_column_1_2  fusion-one-half fusion-column-first fusion-blend-mode 1_2\"  style='margin-top:0px;margin-bottom:0px;'>\n\t\t\t\t\t<div class=\"fusion-column-wrapper\" style=\"background-color:#b3d5b6;padding: 0px 0px 0px 0px;background-position:left top;background-repeat:no-repeat;-webkit-background-size:cover;-moz-background-size:cover;-o-background-size:cover;background-size:cover;\"  data-bg-url=\"\">\n\t\t\t\t\t\t<div class=\"fusion-column-content-centered\"><div class=\"fusion-column-content\"><div class=\"imageframe-align-center\"><span class=\"fusion-imageframe imageframe-none imageframe-1 hover-type-none\"><img loading=\"lazy\" decoding=\"async\" src=\"https:\/\/grupoalcaniz.com\/wp-content\/uploads\/2018\/07\/ico-grupo-alca\u00a4iz-blanco.png\" width=\"372\" height=\"346\" alt=\"\" title=\"ico-grupo-alca\u00a4iz-blanco\" class=\"img-responsive wp-image-2299\" srcset=\"https:\/\/grupoalcaniz.com\/wp-content\/uploads\/2018\/07\/ico-grupo-alca\u00a4iz-blanco-200x186.png 200w, https:\/\/grupoalcaniz.com\/wp-content\/uploads\/2018\/07\/ico-grupo-alca\u00a4iz-blanco.png 372w\" sizes=\"auto, (max-width: 800px) 100vw, 372px\" \/><\/span><\/div><\/div><\/div><div class=\"fusion-clearfix\"><\/div>\n\n\t\t\t\t\t<\/div>\n\t\t\t\t<\/div><div  class=\"fusion-layout-column fusion_builder_column fusion_builder_column_1_2  fusion-one-half fusion-column-last fusion-column-inner-bg-wrapper 1_2\"  style='margin-top:0px;margin-bottom:0px;'>\n\t\t\t\t\t<div class=\"fusion-column-wrapper\" style=\"padding: 10% 10% 10% 10%;\" data-bg-url=\"\">\n\t\t\t\t\t\t<div class=\"fusion-column-content-centered\"><div class=\"fusion-column-content\"><div class=\"fusion-title title fusion-title-size-three h3-calidad\" style=\"margin-top:0px;margin-bottom:31px;\"><h3 class=\"title-heading-left\"><strong><em>La qualit\u00e9, c&rsquo;est bien faire les choses m\u00eame quand personne ne nous regarde<\/em><\/strong><\/h3><div class=\"title-sep-container\"><div class=\"title-sep sep-double sep-solid\" style=\"border-color:#e0dede;\"><\/div><\/div><\/div><div class=\"fusion-text\"><p>Nous pensons que la <strong>qualit\u00e9<\/strong> est un pilier fondamental pour parvenir \u00e0 un avenir durable, tant au niveau commercial qu&rsquo;environnemental.<\/p>\n<p>Nous obtenons la <strong>qualit\u00e9<\/strong> gr\u00e2ce \u00e0 un contr\u00f4le <strong>complet de tous les processus<\/strong> (alimentation, manipulation, assainissement, transport).<\/p>\n<p>Pour garantir la <strong>s\u00e9curit\u00e9 alimentaire<\/strong>, nous int\u00e9grons le <strong>syst\u00e8me de gestion APPC<\/strong> (Hazard and Critical Point Analysis) dans nos processus.<\/p>\n<p>Pour certifier ce syst\u00e8me de tra\u00e7abilit\u00e9, nous disposons de la <strong>certification officielle \u00ab\u00a0CALITAX\u00a0\u00bb.<\/strong><\/p>\n<p>Nous pensons que ce n&rsquo;est que gr\u00e2ce \u00e0 une <strong>am\u00e9lioration continue<\/strong> et \u00e0 une innovation constante dans le d\u00e9veloppement des produits et dans les processus que nous pourrons obtenir un produit <strong>unique d&rsquo;une qualit\u00e9 \u00e9prouv\u00e9e<\/strong>.<\/p>\n<p><strong>Nous nous soucions de l&rsquo;environnement<\/strong> et pour cela nous concevons de nouvelles fermes visant \u00e0 r\u00e9aliser une <strong>production durable<\/strong>, gr\u00e2ce \u00e0 l&rsquo;utilisation d&rsquo;\u00e9nergies renouvelables.<\/p>\n<\/div><\/div><\/div><div class=\"fusion-clearfix\"><\/div>\n\t\t\t\t\t<\/div>\n\t\t\t\t\t<span class=\"fusion-column-inner-bg hover-type-zoomin\">\n\t\t\t\t\t\t<a  aria-label=\"\">\n\t\t\t\t\t\t\t<span class=\"fusion-column-inner-bg-image\" style=\"background-position:center center;background-repeat:no-repeat;-webkit-background-size:cover;-moz-background-size:cover;-o-background-size:cover;background-size:cover;\"><\/span><\/a>\n\t\t\t\t\t<\/span>\n\t\t\t\t<\/div><\/div><\/div>\n","protected":false},"excerpt":{"rendered":"","protected":false},"author":2,"featured_media":0,"parent":0,"menu_order":0,"comment_status":"closed","ping_status":"closed","template":"100-width.php","meta":{"inline_featured_image":false,"footnotes":""},"class_list":["post-2531","page","type-page","status-publish","hentry"],"yoast_head":"<!-- This site is optimized with the Yoast SEO plugin v26.0 - https:\/\/yoast.com\/wordpress\/plugins\/seo\/ -->\n<title>Qualit\u00e9 - Groupe Alca\u00f1iz<\/title>\n<meta name=\"description\" content=\"Nous pensons que la qualit\u00e9 est un pilier fondamental pour parvenir \u00e0 un avenir durable, tant au niveau commercial qu&#039;environnemental.\" \/>\n<meta name=\"robots\" content=\"index, follow, max-snippet:-1, max-image-preview:large, max-video-preview:-1\" \/>\n<link rel=\"canonical\" href=\"https:\/\/grupoalcaniz.com\/fr\/qualite\/\" \/>\n<meta property=\"og:locale\" content=\"fr_FR\" \/>\n<meta property=\"og:type\" content=\"article\" \/>\n<meta property=\"og:title\" content=\"Qualit\u00e9 - Groupe Alca\u00f1iz\" \/>\n<meta property=\"og:description\" content=\"Nous pensons que la qualit\u00e9 est un pilier fondamental pour parvenir \u00e0 un avenir durable, tant au niveau commercial qu&#039;environnemental.\" \/>\n<meta property=\"og:url\" content=\"https:\/\/grupoalcaniz.com\/fr\/qualite\/\" \/>\n<meta property=\"og:site_name\" content=\"Groupe Alca\u00f1iz\" \/>\n<meta property=\"article:modified_time\" content=\"2023-09-28T13:28:41+00:00\" \/>\n<meta name=\"twitter:card\" content=\"summary_large_image\" \/>\n<meta name=\"twitter:label1\" content=\"Dur\u00e9e de lecture estim\u00e9e\" \/>\n\t<meta name=\"twitter:data1\" content=\"3 minutes\" \/>\n<script type=\"application\/ld+json\" class=\"yoast-schema-graph\">{\"@context\":\"https:\/\/schema.org\",\"@graph\":[{\"@type\":\"WebPage\",\"@id\":\"https:\/\/grupoalcaniz.com\/fr\/qualite\/\",\"url\":\"https:\/\/grupoalcaniz.com\/fr\/qualite\/\",\"name\":\"Qualit\u00e9 - Groupe Alca\u00f1iz\",\"isPartOf\":{\"@id\":\"https:\/\/grupoalcaniz.com\/es\/#website\"},\"datePublished\":\"2023-09-28T13:28:40+00:00\",\"dateModified\":\"2023-09-28T13:28:41+00:00\",\"description\":\"Nous pensons que la qualit\u00e9 est un pilier fondamental pour parvenir \u00e0 un avenir durable, tant au niveau commercial qu'environnemental.\",\"breadcrumb\":{\"@id\":\"https:\/\/grupoalcaniz.com\/fr\/qualite\/#breadcrumb\"},\"inLanguage\":\"fr-FR\",\"potentialAction\":[{\"@type\":\"ReadAction\",\"target\":[\"https:\/\/grupoalcaniz.com\/fr\/qualite\/\"]}]},{\"@type\":\"BreadcrumbList\",\"@id\":\"https:\/\/grupoalcaniz.com\/fr\/qualite\/#breadcrumb\",\"itemListElement\":[{\"@type\":\"ListItem\",\"position\":1,\"name\":\"Portada\",\"item\":\"https:\/\/grupoalcaniz.com\/fr\/\"},{\"@type\":\"ListItem\",\"position\":2,\"name\":\"Qualit\u00e9\"}]},{\"@type\":\"WebSite\",\"@id\":\"https:\/\/grupoalcaniz.com\/es\/#website\",\"url\":\"https:\/\/grupoalcaniz.com\/es\/\",\"name\":\"Groupe Alca\u00f1iz\",\"description\":\"Agricultura, transporte y veterinaria para producir la carne de m\u00e1s alta calidad.\",\"publisher\":{\"@id\":\"https:\/\/grupoalcaniz.com\/es\/#organization\"},\"potentialAction\":[{\"@type\":\"SearchAction\",\"target\":{\"@type\":\"EntryPoint\",\"urlTemplate\":\"https:\/\/grupoalcaniz.com\/es\/?s={search_term_string}\"},\"query-input\":{\"@type\":\"PropertyValueSpecification\",\"valueRequired\":true,\"valueName\":\"search_term_string\"}}],\"inLanguage\":\"fr-FR\"},{\"@type\":\"Organization\",\"@id\":\"https:\/\/grupoalcaniz.com\/es\/#organization\",\"name\":\"Agroganadera Germ\u00e1n S.L.\",\"url\":\"https:\/\/grupoalcaniz.com\/es\/\",\"logo\":{\"@type\":\"ImageObject\",\"inLanguage\":\"fr-FR\",\"@id\":\"https:\/\/grupoalcaniz.com\/es\/#\/schema\/logo\/image\/\",\"url\":\"https:\/\/grupoalcaniz.com\/wp-content\/uploads\/2018\/07\/logo-grupo-alca\u00a4iz.png\",\"contentUrl\":\"https:\/\/grupoalcaniz.com\/wp-content\/uploads\/2018\/07\/logo-grupo-alca\u00a4iz.png\",\"width\":232,\"height\":231,\"caption\":\"Agroganadera Germ\u00e1n S.L.\"},\"image\":{\"@id\":\"https:\/\/grupoalcaniz.com\/es\/#\/schema\/logo\/image\/\"}}]}<\/script>\n<!-- \/ Yoast SEO plugin. -->","yoast_head_json":{"title":"Qualit\u00e9 - Groupe Alca\u00f1iz","description":"Nous pensons que la qualit\u00e9 est un pilier fondamental pour parvenir \u00e0 un avenir durable, tant au niveau commercial qu'environnemental.","robots":{"index":"index","follow":"follow","max-snippet":"max-snippet:-1","max-image-preview":"max-image-preview:large","max-video-preview":"max-video-preview:-1"},"canonical":"https:\/\/grupoalcaniz.com\/fr\/qualite\/","og_locale":"fr_FR","og_type":"article","og_title":"Qualit\u00e9 - Groupe Alca\u00f1iz","og_description":"Nous pensons que la qualit\u00e9 est un pilier fondamental pour parvenir \u00e0 un avenir durable, tant au niveau commercial qu'environnemental.","og_url":"https:\/\/grupoalcaniz.com\/fr\/qualite\/","og_site_name":"Groupe Alca\u00f1iz","article_modified_time":"2023-09-28T13:28:41+00:00","twitter_card":"summary_large_image","twitter_misc":{"Dur\u00e9e de lecture estim\u00e9e":"3 minutes"},"schema":{"@context":"https:\/\/schema.org","@graph":[{"@type":"WebPage","@id":"https:\/\/grupoalcaniz.com\/fr\/qualite\/","url":"https:\/\/grupoalcaniz.com\/fr\/qualite\/","name":"Qualit\u00e9 - Groupe Alca\u00f1iz","isPartOf":{"@id":"https:\/\/grupoalcaniz.com\/es\/#website"},"datePublished":"2023-09-28T13:28:40+00:00","dateModified":"2023-09-28T13:28:41+00:00","description":"Nous pensons que la qualit\u00e9 est un pilier fondamental pour parvenir \u00e0 un avenir durable, tant au niveau commercial qu'environnemental.","breadcrumb":{"@id":"https:\/\/grupoalcaniz.com\/fr\/qualite\/#breadcrumb"},"inLanguage":"fr-FR","potentialAction":[{"@type":"ReadAction","target":["https:\/\/grupoalcaniz.com\/fr\/qualite\/"]}]},{"@type":"BreadcrumbList","@id":"https:\/\/grupoalcaniz.com\/fr\/qualite\/#breadcrumb","itemListElement":[{"@type":"ListItem","position":1,"name":"Portada","item":"https:\/\/grupoalcaniz.com\/fr\/"},{"@type":"ListItem","position":2,"name":"Qualit\u00e9"}]},{"@type":"WebSite","@id":"https:\/\/grupoalcaniz.com\/es\/#website","url":"https:\/\/grupoalcaniz.com\/es\/","name":"Groupe Alca\u00f1iz","description":"Agricultura, transporte y veterinaria para producir la carne de m\u00e1s alta calidad.","publisher":{"@id":"https:\/\/grupoalcaniz.com\/es\/#organization"},"potentialAction":[{"@type":"SearchAction","target":{"@type":"EntryPoint","urlTemplate":"https:\/\/grupoalcaniz.com\/es\/?s={search_term_string}"},"query-input":{"@type":"PropertyValueSpecification","valueRequired":true,"valueName":"search_term_string"}}],"inLanguage":"fr-FR"},{"@type":"Organization","@id":"https:\/\/grupoalcaniz.com\/es\/#organization","name":"Agroganadera Germ\u00e1n S.L.","url":"https:\/\/grupoalcaniz.com\/es\/","logo":{"@type":"ImageObject","inLanguage":"fr-FR","@id":"https:\/\/grupoalcaniz.com\/es\/#\/schema\/logo\/image\/","url":"https:\/\/grupoalcaniz.com\/wp-content\/uploads\/2018\/07\/logo-grupo-alca\u00a4iz.png","contentUrl":"https:\/\/grupoalcaniz.com\/wp-content\/uploads\/2018\/07\/logo-grupo-alca\u00a4iz.png","width":232,"height":231,"caption":"Agroganadera Germ\u00e1n S.L."},"image":{"@id":"https:\/\/grupoalcaniz.com\/es\/#\/schema\/logo\/image\/"}}]}},"_links":{"self":[{"href":"https:\/\/grupoalcaniz.com\/fr\/wp-json\/wp\/v2\/pages\/2531","targetHints":{"allow":["GET"]}}],"collection":[{"href":"https:\/\/grupoalcaniz.com\/fr\/wp-json\/wp\/v2\/pages"}],"about":[{"href":"https:\/\/grupoalcaniz.com\/fr\/wp-json\/wp\/v2\/types\/page"}],"author":[{"embeddable":true,"href":"https:\/\/grupoalcaniz.com\/fr\/wp-json\/wp\/v2\/users\/2"}],"replies":[{"embeddable":true,"href":"https:\/\/grupoalcaniz.com\/fr\/wp-json\/wp\/v2\/comments?post=2531"}],"version-history":[{"count":3,"href":"https:\/\/grupoalcaniz.com\/fr\/wp-json\/wp\/v2\/pages\/2531\/revisions"}],"predecessor-version":[{"id":2534,"href":"https:\/\/grupoalcaniz.com\/fr\/wp-json\/wp\/v2\/pages\/2531\/revisions\/2534"}],"wp:attachment":[{"href":"https:\/\/grupoalcaniz.com\/fr\/wp-json\/wp\/v2\/media?parent=2531"}],"curies":[{"name":"wp","href":"https:\/\/api.w.org\/{rel}","templated":true}]}}