{"id":2516,"date":"2023-09-28T15:22:23","date_gmt":"2023-09-28T13:22:23","guid":{"rendered":"https:\/\/grupoalcaniz.com\/accueil\/"},"modified":"2023-09-28T16:46:53","modified_gmt":"2023-09-28T14:46:53","slug":"accueil","status":"publish","type":"page","link":"https:\/\/grupoalcaniz.com\/fr\/","title":{"rendered":"Accueil"},"content":{"rendered":"<p><div id=\"primer-bloque\" class=\"fusion-fullwidth fullwidth-box nonhundred-percent-fullwidth non-hundred-percent-height-scrolling fusion-equal-height-columns\"  style='background-color: #FCFAF2;background-position: right center;background-repeat: no-repeat;padding-top:90px;padding-right:0px;padding-bottom:90px;padding-left:0px;border-top-width:0px;border-bottom-width:0px;border-color:rgba(234,233,233,0);border-top-style:solid;border-bottom-style:solid;'><div class=\"fusion-builder-row fusion-row \"><div  class=\"fusion-layout-column fusion_builder_column fusion_builder_column_1_6  fusion-one-sixth fusion-column-first fusion-no-small-visibility 1_6\"  style='margin-top:0px;margin-bottom:20px;width:13.3333%; margin-right: 4%;'>\n\t\t\t\t\t<div class=\"fusion-column-wrapper\" style=\"padding: 0px 0px 0px 0px;background-position:left top;background-repeat:no-repeat;-webkit-background-size:cover;-moz-background-size:cover;-o-background-size:cover;background-size:cover;\"  data-bg-url=\"\">\n\t\t\t\t\t\t<div class=\"fusion-clearfix\"><\/div>\n\n\t\t\t\t\t<\/div>\n\t\t\t\t<\/div><div  class=\"fusion-layout-column fusion_builder_column fusion_builder_column_2_3  fusion-two-third 2_3\"  style='margin-top:0px;margin-bottom:20px;width:65.3333%; margin-right: 4%;'>\n\t\t\t\t\t<div class=\"fusion-column-wrapper\" style=\"padding: 0px 0px 0px 0px;background-position:left top;background-repeat:no-repeat;-webkit-background-size:cover;-moz-background-size:cover;-o-background-size:cover;background-size:cover;\"  data-bg-url=\"\">\n\t\t\t\t\t\t<div class=\"fusion-text descripcion-portada\"><p style=\"text-align: center;\"><strong>Engag\u00e9<\/strong> envers les g\u00e9n\u00e9rations futures et <strong>l\u2019environnement<\/strong>.<\/p>\n<p style=\"text-align: center;\">Nous cr\u00e9ons des <strong>saveurs\/exp\u00e9riences<\/strong>, avec de grandes qualit\u00e9s organoleptiques et un profil nutritionnel riche.<\/p>\n<p style=\"text-align: center;\">Nous nourrissons les gens de mani\u00e8re <strong>durable<\/strong>.<\/p>\n<\/div><div class=\"fusion-clearfix\"><\/div>\n\n\t\t\t\t\t<\/div>\n\t\t\t\t<\/div><div  class=\"fusion-layout-column fusion_builder_column fusion_builder_column_1_6  fusion-one-sixth fusion-column-last fusion-no-small-visibility 1_6\"  style='margin-top:0px;margin-bottom:20px;width:13.3333%'>\n\t\t\t\t\t<div class=\"fusion-column-wrapper\" style=\"padding: 0px 0px 0px 0px;background-position:left top;background-repeat:no-repeat;-webkit-background-size:cover;-moz-background-size:cover;-o-background-size:cover;background-size:cover;\"  data-bg-url=\"\">\n\t\t\t\t\t\t<div class=\"fusion-clearfix\"><\/div>\n\n\t\t\t\t\t<\/div>\n\t\t\t\t<\/div><\/div><\/div><div class=\"fusion-fullwidth fullwidth-box three-sections hundred-percent-fullwidth non-hundred-percent-height-scrolling fusion-equal-height-columns\"  style='background-color: #ffffff;background-position: left top;background-repeat: no-repeat;padding-right:0px;padding-left:0px;border-top-width:0px;border-bottom-width:0px;border-color:#eae9e9;border-top-style:solid;border-bottom-style:solid;'><div class=\"fusion-builder-row fusion-row \"><div  class=\"fusion-layout-column fusion_builder_column fusion_builder_column_1_3  fusion-one-third fusion-column-first fusion-spacing-no black-text fusion-column-inner-bg-wrapper fusion-column-no-min-height 1_3\"  style='margin-top:0px;margin-bottom:0px;width:33.33%;width:calc(33.33% - ( ( 0px + 0px ) * 0.3333 ) );margin-right: 0px;'>\n\t\t\t\t\t<div class=\"fusion-column-wrapper\" style=\"padding: 50% 0px 45% 0px;\" data-bg-url=\"https:\/\/grupoalcaniz.com\/wp-content\/uploads\/2018\/09\/bovino-1200x800.jpg\">\n\t\t\t\t\t\t<div class=\"fusion-column-content-centered\"><div class=\"fusion-column-content\"><div class=\"fusion-text\"><h2 style=\"text-align: center;\"><span style=\"color: #fff;\">Bovine.<\/span><\/h2>\n<\/div><\/div><\/div><div class=\"fusion-clearfix\"><\/div>\n\t\t\t\t\t<\/div>\n\t\t\t\t\t<span class=\"fusion-column-inner-bg hover-type-zoomout\">\n\t\t\t\t\t\t<a href=\"https:\/\/grupoalcaniz.com\/fr\/lelevage-du-betail\/\" aria-label=\"bovino\">\n\t\t\t\t\t\t\t<span class=\"fusion-column-inner-bg-image\" style=\"background-image: url('https:\/\/grupoalcaniz.com\/wp-content\/uploads\/2018\/09\/bovino-1200x800.jpg');background-position:center center;background-repeat:no-repeat;-webkit-background-size:cover;-moz-background-size:cover;-o-background-size:cover;background-size:cover;\"><\/span><\/a>\n\t\t\t\t\t<\/span>\n\t\t\t\t<\/div><div  class=\"fusion-layout-column fusion_builder_column fusion_builder_column_1_3  fusion-one-third fusion-spacing-no black-text fusion-column-inner-bg-wrapper fusion-column-no-min-height 1_3\"  style='margin-top:0px;margin-bottom:0px;width:33.33%;width:calc(33.33% - ( ( 0px + 0px ) * 0.3333 ) );margin-right: 0px;'>\n\t\t\t\t\t<div class=\"fusion-column-wrapper\" style=\"padding: 50% 0px 45% 0px;\" data-bg-url=\"https:\/\/grupoalcaniz.com\/wp-content\/uploads\/2018\/09\/porcino-1200x800.jpg\">\n\t\t\t\t\t\t<div class=\"fusion-column-content-centered\"><div class=\"fusion-column-content\"><div class=\"fusion-text\"><h2 style=\"text-align: center;\"><span style=\"color: #fff;\">Porcin.<\/span><\/h2>\n<\/div><\/div><\/div><div class=\"fusion-clearfix\"><\/div>\n\t\t\t\t\t<\/div>\n\t\t\t\t\t<span class=\"fusion-column-inner-bg hover-type-zoomout\">\n\t\t\t\t\t\t<a href=\"https:\/\/grupoalcaniz.com\/fr\/lelevage-du-betail\/\" aria-label=\"porcino\">\n\t\t\t\t\t\t\t<span class=\"fusion-column-inner-bg-image\" style=\"background-image: url('https:\/\/grupoalcaniz.com\/wp-content\/uploads\/2018\/09\/porcino-1200x800.jpg');background-position:center top;background-repeat:no-repeat;-webkit-background-size:cover;-moz-background-size:cover;-o-background-size:cover;background-size:cover;\"><\/span><\/a>\n\t\t\t\t\t<\/span>\n\t\t\t\t<\/div><div  class=\"fusion-layout-column fusion_builder_column fusion_builder_column_1_3  fusion-one-third fusion-column-last fusion-spacing-no black-text fusion-column-inner-bg-wrapper fusion-column-no-min-height 1_3\"  style='margin-top:0px;margin-bottom:0px;width:33.33%;width:calc(33.33% - ( ( 0px + 0px ) * 0.3333 ) );'>\n\t\t\t\t\t<div class=\"fusion-column-wrapper\" style=\"padding: 50% 0px 45% 0px;\" data-bg-url=\"https:\/\/grupoalcaniz.com\/wp-content\/uploads\/2017\/10\/piensos-1200x675.jpg\">\n\t\t\t\t\t\t<div class=\"fusion-column-content-centered\"><div class=\"fusion-column-content\"><div class=\"fusion-text\"><h2 style=\"text-align: center;\"><span style=\"color: #fff;\">L&rsquo;alimentation animale.<\/span><\/h2>\n<\/div><\/div><\/div><div class=\"fusion-clearfix\"><\/div>\n\t\t\t\t\t<\/div>\n\t\t\t\t\t<span class=\"fusion-column-inner-bg hover-type-zoomout\">\n\t\t\t\t\t\t<a href=\"https:\/\/grupoalcaniz.com\/fr\/usine-daliments-composes\/\" aria-label=\"piensos\">\n\t\t\t\t\t\t\t<span class=\"fusion-column-inner-bg-image\" style=\"background-image: url('https:\/\/grupoalcaniz.com\/wp-content\/uploads\/2017\/10\/piensos-1200x675.jpg');background-position:center top;background-repeat:no-repeat;-webkit-background-size:cover;-moz-background-size:cover;-o-background-size:cover;background-size:cover;\"><\/span><\/a>\n\t\t\t\t\t<\/span>\n\t\t\t\t<\/div><\/div><\/div><div class=\"fusion-fullwidth fullwidth-box hundred-percent-fullwidth non-hundred-percent-height-scrolling fusion-equal-height-columns\"  style='background-color: #ffffff;background-position: center center;background-repeat: no-repeat;padding-top:0px;padding-right:0px;padding-bottom:0px;padding-left:0px;'><div class=\"fusion-builder-row fusion-row \"><div  class=\"fusion-layout-column fusion_builder_column fusion_builder_column_1_1  fusion-one-full fusion-column-first fusion-column-last 1_1\"  style='margin-top:0px;margin-bottom:0px;'>\n\t\t\t\t\t<div class=\"fusion-column-wrapper\" style=\"padding: 0px 0px 0px 0px;background-position:left top;background-repeat:no-repeat;-webkit-background-size:cover;-moz-background-size:cover;-o-background-size:cover;background-size:cover;\"  data-bg-url=\"\">\n\t\t\t\t\t\t<div class=\"fusion-blog-shortcode fusion-blog-shortcode-1 fusion-blog-archive fusion-blog-layout-grid-wrapper fusion-blog-no fusion-blog-layout-left home-blog fusion-no-col-space\"><style type=\"text\/css\">.fusion-blog-shortcode-1 .fusion-blog-layout-grid .fusion-post-grid{padding:0px;}.fusion-blog-shortcode-1 .fusion-posts-container{margin-left: -0px !important; margin-right:-0px !important;}<\/style><div class=\"fusion-posts-container fusion-posts-container-no fusion-blog-rollover fusion-blog-layout-grid fusion-blog-layout-grid-3 isotope fusion-blog-equal-heights\" data-pages=\"1\" data-grid-col-space=\"0.0\" style=\"margin: -0px -0px 0;min-height:500px;\"><article id=\"blog-1-post-2543\" class=\"fusion-post-grid post-2543 post type-post status-publish format-standard has-post-thumbnail hentry category-nouveautes\">\n<div class=\"fusion-post-wrapper\" style=\"background-color:rgba(255,255,255,0);border:1px solid #ebeaea;border-bottom-width:3px;\">\n\n\t\t\t<div class=\"fusion-flexslider flexslider fusion-flexslider-loading fusion-post-slideshow\" style=&quot;border-color:#ebeaea&quot;>\n\t\t<ul class=\"slides\">\n\t\t\t\n\t\t\t\t\t\t\t\t\t\t\t\t\t\t<li>\n\n<div  class=\"fusion-image-wrapper\" aria-haspopup=\"true\">\n\t\n\t\n\t\t\n\t\t\t\t\t<img loading=\"lazy\" decoding=\"async\" width=\"1920\" height=\"1000\" src=\"https:\/\/grupoalcaniz.com\/wp-content\/uploads\/2018\/10\/alca\u00f1iz-noticia-web-600x313.jpeg\" class=\"attachment-full size-full wp-post-image\" alt=\"\" srcset=\"https:\/\/grupoalcaniz.com\/wp-content\/uploads\/2018\/10\/alca\u00f1iz-noticia-web-200x104.jpeg 200w, https:\/\/grupoalcaniz.com\/wp-content\/uploads\/2018\/10\/alca\u00f1iz-noticia-web-400x208.jpeg 400w, https:\/\/grupoalcaniz.com\/wp-content\/uploads\/2018\/10\/alca\u00f1iz-noticia-web-600x313.jpeg 600w, https:\/\/grupoalcaniz.com\/wp-content\/uploads\/2018\/10\/alca\u00f1iz-noticia-web-800x417.jpeg 800w, https:\/\/grupoalcaniz.com\/wp-content\/uploads\/2018\/10\/alca\u00f1iz-noticia-web-1200x625.jpeg 1200w, https:\/\/grupoalcaniz.com\/wp-content\/uploads\/2018\/10\/alca\u00f1iz-noticia-web.jpeg 1920w\" sizes=\"auto, (min-width: 2200px) 100vw, (min-width: 784px) 640px, (min-width: 712px) 784px, (min-width: 640px) 712px, \" \/>\n\t\n\n\t\t<div class=\"fusion-rollover\">\n\t<div class=\"fusion-rollover-content\">\n\n\t\t\t\t\n\t\t\t\t\n\t\t\t\t\t\t\t\t\t\t\t\t<h4 class=\"fusion-rollover-title\">\n\t\t\t\t\t<a href=\"https:\/\/grupoalcaniz.com\/fr\/nous-lancons-notre-site-internet\/\">\n\t\t\t\t\t\tNous lan\u00e7ons notre site Internet\t\t\t\t\t<\/a>\n\t\t\t\t<\/h4>\n\t\t\t\n\t\t\t\t\t\t\t\t\n\t\t\n\t\t\t\t<a class=\"fusion-link-wrapper\" href=\"https:\/\/grupoalcaniz.com\/fr\/nous-lancons-notre-site-internet\/\" aria-label=\"Nous lan\u00e7ons notre site Internet\"><\/a>\n\t<\/div>\n<\/div>\n\n\t\n<\/div>\n<\/li>\n\t\t\t\n\t\t\t\n\t\t\t\t\t\t\t\t\t\t\t\t\t\t\t\t\t\t\t\t\t\t\t\t\t\t\t\t\t\t\t\t\t\t\t\t\t\t\t\t\t\t\t\t\t\t\t\t\t\t\t\t\t\t\t\t\t\t\t\t\t\t\t\t\t\t\t\t<\/ul>\n\t<\/div>\n\t<div class=\"fusion-post-content-wrapper\" style=\"padding:30px 25px 20px 25px;\"><div class=\"fusion-post-content post-content\"><h2 class=\"blog-shortcode-post-title entry-title\">Nous lan\u00e7ons notre site Internet<\/h2><p class=\"fusion-single-line-meta\"><span class=\"vcard\" style=\"display: none;\"><span class=\"fn\"><a href=\"https:\/\/grupoalcaniz.com\/fr\/author\/e-tecnia\/\" title=\"Articles par e-tecnia\" rel=\"author\">e-tecnia<\/a><\/span><\/span><span class=\"updated\" style=\"display:none;\">2023-09-28T15:39:43+02:00<\/span><span>septembre 28th, 2023<\/span><span class=\"fusion-inline-sep\">|<\/span><\/p><div class=\"fusion-content-sep sep-double sep-solid\" style=\"border-color:#e0dede;\"><\/div><div class=\"fusion-post-content-container\"><p>Apr\u00e8s 50 ans d'exp\u00e9rience dans le secteur primaire, le moment est venu de donner de la visibilit\u00e9 \u00e0 notre travail.<\/p><\/div><\/div><div class=\"fusion-meta-info\"><div class=\"fusion-alignleft\"><a class=\"fusion-read-more\" href=\"https:\/\/grupoalcaniz.com\/fr\/nous-lancons-notre-site-internet\/\">Read More<\/a><\/div><\/div><\/div><div class=\"fusion-clearfix\"><\/div><\/div>\n<\/article>\n<article id=\"blog-1-post-2542\" class=\"fusion-post-grid post-2542 post type-post status-publish format-standard has-post-thumbnail hentry category-non-classifiee\">\n<div class=\"fusion-post-wrapper\" style=\"background-color:rgba(255,255,255,0);border:1px solid #ebeaea;border-bottom-width:3px;\">\n\n\t\t\t<div class=\"fusion-flexslider flexslider fusion-flexslider-loading fusion-post-slideshow\" style=&quot;border-color:#ebeaea&quot;>\n\t\t<ul class=\"slides\">\n\t\t\t\n\t\t\t\t\t\t\t\t\t\t\t\t\t\t<li>\n\n<div  class=\"fusion-image-wrapper\" aria-haspopup=\"true\">\n\t\n\t\n\t\t\n\t\t\t\t\t<img loading=\"lazy\" decoding=\"async\" width=\"1280\" height=\"1271\" src=\"https:\/\/grupoalcaniz.com\/wp-content\/uploads\/2021\/04\/stars-38740_1280-600x596.png\" class=\"attachment-full size-full wp-post-image\" alt=\"\" srcset=\"https:\/\/grupoalcaniz.com\/wp-content\/uploads\/2021\/04\/stars-38740_1280-200x199.png 200w, https:\/\/grupoalcaniz.com\/wp-content\/uploads\/2021\/04\/stars-38740_1280-400x397.png 400w, https:\/\/grupoalcaniz.com\/wp-content\/uploads\/2021\/04\/stars-38740_1280-600x596.png 600w, https:\/\/grupoalcaniz.com\/wp-content\/uploads\/2021\/04\/stars-38740_1280-800x794.png 800w, https:\/\/grupoalcaniz.com\/wp-content\/uploads\/2021\/04\/stars-38740_1280-1200x1192.png 1200w, https:\/\/grupoalcaniz.com\/wp-content\/uploads\/2021\/04\/stars-38740_1280.png 1280w\" sizes=\"auto, (min-width: 2200px) 100vw, (min-width: 784px) 640px, (min-width: 712px) 784px, (min-width: 640px) 712px, \" \/>\n\t\n\n\t\t<div class=\"fusion-rollover\">\n\t<div class=\"fusion-rollover-content\">\n\n\t\t\t\t\n\t\t\t\t\n\t\t\t\t\t\t\t\t\t\t\t\t<h4 class=\"fusion-rollover-title\">\n\t\t\t\t\t<a href=\"https:\/\/grupoalcaniz.com\/fr\/programme-paip\/\">\n\t\t\t\t\t\tprogramme \u00ab PAIP \u00bb\t\t\t\t\t<\/a>\n\t\t\t\t<\/h4>\n\t\t\t\n\t\t\t\t\t\t\t\t\n\t\t\n\t\t\t\t<a class=\"fusion-link-wrapper\" href=\"https:\/\/grupoalcaniz.com\/fr\/programme-paip\/\" aria-label=\"programme \u00ab PAIP \u00bb\"><\/a>\n\t<\/div>\n<\/div>\n\n\t\n<\/div>\n<\/li>\n\t\t\t\n\t\t\t\n\t\t\t\t\t\t\t\t\t\t\t\t\t\t\t\t\t\t\t\t\t\t\t\t\t\t\t\t\t\t\t\t\t\t\t\t\t\t\t\t\t\t\t\t\t\t\t\t\t\t\t\t\t\t\t\t\t\t\t\t\t\t\t\t\t\t\t\t<\/ul>\n\t<\/div>\n\t<div class=\"fusion-post-content-wrapper\" style=\"padding:30px 25px 20px 25px;\"><div class=\"fusion-post-content post-content\"><h2 class=\"blog-shortcode-post-title entry-title\">programme \u00ab PAIP \u00bb<\/h2><p class=\"fusion-single-line-meta\"><span class=\"vcard\" style=\"display: none;\"><span class=\"fn\"><a href=\"https:\/\/grupoalcaniz.com\/fr\/author\/ricard\/\" title=\"Articles par ricard\" rel=\"author\">ricard<\/a><\/span><\/span><span class=\"updated\" style=\"display:none;\">2023-09-28T15:38:17+02:00<\/span><span>septembre 28th, 2023<\/span><span class=\"fusion-inline-sep\">|<\/span><\/p><div class=\"fusion-content-sep sep-double sep-solid\" style=\"border-color:#e0dede;\"><\/div><div class=\"fusion-post-content-container\"><p>Participation au programme \u00ab PAIP \u00bb<\/p><\/div><\/div><div class=\"fusion-meta-info\"><div class=\"fusion-alignleft\"><a class=\"fusion-read-more\" href=\"https:\/\/grupoalcaniz.com\/fr\/programme-paip\/\">Read More<\/a><\/div><\/div><\/div><div class=\"fusion-clearfix\"><\/div><\/div>\n<\/article>\n<article id=\"blog-1-post-2541\" class=\"fusion-post-grid post-2541 post type-post status-publish format-standard has-post-thumbnail hentry category-non-classifiee\">\n<div class=\"fusion-post-wrapper\" style=\"background-color:rgba(255,255,255,0);border:1px solid #ebeaea;border-bottom-width:3px;\">\n\n\t\t\t<div class=\"fusion-flexslider flexslider fusion-flexslider-loading fusion-post-slideshow\" style=&quot;border-color:#ebeaea&quot;>\n\t\t<ul class=\"slides\">\n\t\t\t\n\t\t\t\t\t\t\t\t\t\t\t\t\t\t<li>\n\n<div  class=\"fusion-image-wrapper\" aria-haspopup=\"true\">\n\t\n\t\n\t\t\n\t\t\t\t\t<img loading=\"lazy\" decoding=\"async\" width=\"1280\" height=\"1271\" src=\"https:\/\/grupoalcaniz.com\/wp-content\/uploads\/2021\/04\/stars-38740_1280-600x596.png\" class=\"attachment-full size-full wp-post-image\" alt=\"\" srcset=\"https:\/\/grupoalcaniz.com\/wp-content\/uploads\/2021\/04\/stars-38740_1280-200x199.png 200w, https:\/\/grupoalcaniz.com\/wp-content\/uploads\/2021\/04\/stars-38740_1280-400x397.png 400w, https:\/\/grupoalcaniz.com\/wp-content\/uploads\/2021\/04\/stars-38740_1280-600x596.png 600w, https:\/\/grupoalcaniz.com\/wp-content\/uploads\/2021\/04\/stars-38740_1280-800x794.png 800w, https:\/\/grupoalcaniz.com\/wp-content\/uploads\/2021\/04\/stars-38740_1280-1200x1192.png 1200w, https:\/\/grupoalcaniz.com\/wp-content\/uploads\/2021\/04\/stars-38740_1280.png 1280w\" sizes=\"auto, (min-width: 2200px) 100vw, (min-width: 784px) 640px, (min-width: 712px) 784px, (min-width: 640px) 712px, \" \/>\n\t\n\n\t\t<div class=\"fusion-rollover\">\n\t<div class=\"fusion-rollover-content\">\n\n\t\t\t\t\n\t\t\t\t\n\t\t\t\t\t\t\t\t\t\t\t\t<h4 class=\"fusion-rollover-title\">\n\t\t\t\t\t<a href=\"https:\/\/grupoalcaniz.com\/fr\/idis-react-2022\/\">\n\t\t\t\t\t\tIDIS REACT 2022\t\t\t\t\t<\/a>\n\t\t\t\t<\/h4>\n\t\t\t\n\t\t\t\t\t\t\t\t\n\t\t\n\t\t\t\t<a class=\"fusion-link-wrapper\" href=\"https:\/\/grupoalcaniz.com\/fr\/idis-react-2022\/\" aria-label=\"IDIS REACT 2022\"><\/a>\n\t<\/div>\n<\/div>\n\n\t\n<\/div>\n<\/li>\n\t\t\t\n\t\t\t\n\t\t\t\t\t\t\t\t\t\t\t\t\t\t\t\t\t\t\t\t\t\t\t\t\t\t\t\t\t\t\t\t\t\t\t\t\t\t\t\t\t\t\t\t\t\t\t\t\t\t\t\t\t\t\t\t\t\t\t\t\t\t\t\t\t\t\t\t<\/ul>\n\t<\/div>\n\t<div class=\"fusion-post-content-wrapper\" style=\"padding:30px 25px 20px 25px;\"><div class=\"fusion-post-content post-content\"><h2 class=\"blog-shortcode-post-title entry-title\">IDIS REACT 2022<\/h2><p class=\"fusion-single-line-meta\"><span class=\"vcard\" style=\"display: none;\"><span class=\"fn\"><a href=\"https:\/\/grupoalcaniz.com\/fr\/author\/e-tecnia\/\" title=\"Articles par e-tecnia\" rel=\"author\">e-tecnia<\/a><\/span><\/span><span class=\"updated\" style=\"display:none;\">2023-09-28T15:37:45+02:00<\/span><span>septembre 28th, 2023<\/span><span class=\"fusion-inline-sep\">|<\/span><\/p><div class=\"fusion-content-sep sep-double sep-solid\" style=\"border-color:#e0dede;\"><\/div><div class=\"fusion-post-content-container\"><p>Participation au programme \u00ab IDIS REACT 2022 \u00bb<\/p><\/div><\/div><div class=\"fusion-meta-info\"><div class=\"fusion-alignleft\"><a class=\"fusion-read-more\" href=\"https:\/\/grupoalcaniz.com\/fr\/idis-react-2022\/\">Read More<\/a><\/div><\/div><\/div><div class=\"fusion-clearfix\"><\/div><\/div>\n<\/article>\n<div class=\"fusion-clearfix\"><\/div><\/div><\/div><div class=\"fusion-clearfix\"><\/div>\n\n\t\t\t\t\t<\/div>\n\t\t\t\t<\/div><\/div><\/div><\/p>\n","protected":false},"excerpt":{"rendered":"","protected":false},"author":2,"featured_media":0,"parent":0,"menu_order":0,"comment_status":"closed","ping_status":"closed","template":"100-width.php","meta":{"inline_featured_image":false,"footnotes":""},"class_list":["post-2516","page","type-page","status-publish","hentry"],"yoast_head":"<!-- This site is optimized with the Yoast SEO plugin v26.0 - https:\/\/yoast.com\/wordpress\/plugins\/seo\/ -->\n<title>Accueil - Groupe Alca\u00f1iz<\/title>\n<meta name=\"description\" content=\"Nos plus de 50 ans d&#039;exp\u00e9rience dans le secteur nous ont fourni les outils n\u00e9cessaires pour produire une viande de qualit\u00e9.\" \/>\n<meta name=\"robots\" content=\"index, follow, max-snippet:-1, max-image-preview:large, max-video-preview:-1\" \/>\n<link rel=\"canonical\" href=\"https:\/\/grupoalcaniz.com\/fr\/\" \/>\n<meta property=\"og:locale\" content=\"fr_FR\" \/>\n<meta property=\"og:type\" content=\"article\" \/>\n<meta property=\"og:title\" content=\"Accueil - Groupe Alca\u00f1iz\" \/>\n<meta property=\"og:description\" content=\"Nos plus de 50 ans d&#039;exp\u00e9rience dans le secteur nous ont fourni les outils n\u00e9cessaires pour produire une viande de qualit\u00e9.\" \/>\n<meta property=\"og:url\" content=\"https:\/\/grupoalcaniz.com\/fr\/\" \/>\n<meta property=\"og:site_name\" content=\"Groupe Alca\u00f1iz\" \/>\n<meta property=\"article:modified_time\" content=\"2023-09-28T14:46:53+00:00\" \/>\n<meta name=\"twitter:card\" content=\"summary_large_image\" \/>\n<meta name=\"twitter:label1\" content=\"Dur\u00e9e de lecture estim\u00e9e\" \/>\n\t<meta name=\"twitter:data1\" content=\"6 minutes\" \/>\n<script type=\"application\/ld+json\" class=\"yoast-schema-graph\">{\"@context\":\"https:\/\/schema.org\",\"@graph\":[{\"@type\":\"WebPage\",\"@id\":\"https:\/\/grupoalcaniz.com\/fr\/\",\"url\":\"https:\/\/grupoalcaniz.com\/fr\/\",\"name\":\"Accueil - Groupe Alca\u00f1iz\",\"isPartOf\":{\"@id\":\"https:\/\/grupoalcaniz.com\/es\/#website\"},\"datePublished\":\"2023-09-28T13:22:23+00:00\",\"dateModified\":\"2023-09-28T14:46:53+00:00\",\"description\":\"Nos plus de 50 ans d'exp\u00e9rience dans le secteur nous ont fourni les outils n\u00e9cessaires pour produire une viande de qualit\u00e9.\",\"breadcrumb\":{\"@id\":\"https:\/\/grupoalcaniz.com\/fr\/#breadcrumb\"},\"inLanguage\":\"fr-FR\",\"potentialAction\":[{\"@type\":\"ReadAction\",\"target\":[\"https:\/\/grupoalcaniz.com\/fr\/\"]}]},{\"@type\":\"BreadcrumbList\",\"@id\":\"https:\/\/grupoalcaniz.com\/fr\/#breadcrumb\",\"itemListElement\":[{\"@type\":\"ListItem\",\"position\":1,\"name\":\"Portada\",\"item\":\"https:\/\/grupoalcaniz.com\/fr\/\"},{\"@type\":\"ListItem\",\"position\":2,\"name\":\"Accueil\"}]},{\"@type\":\"WebSite\",\"@id\":\"https:\/\/grupoalcaniz.com\/es\/#website\",\"url\":\"https:\/\/grupoalcaniz.com\/es\/\",\"name\":\"Groupe Alca\u00f1iz\",\"description\":\"Agricultura, transporte y veterinaria para producir la carne de m\u00e1s alta calidad.\",\"publisher\":{\"@id\":\"https:\/\/grupoalcaniz.com\/es\/#organization\"},\"potentialAction\":[{\"@type\":\"SearchAction\",\"target\":{\"@type\":\"EntryPoint\",\"urlTemplate\":\"https:\/\/grupoalcaniz.com\/es\/?s={search_term_string}\"},\"query-input\":{\"@type\":\"PropertyValueSpecification\",\"valueRequired\":true,\"valueName\":\"search_term_string\"}}],\"inLanguage\":\"fr-FR\"},{\"@type\":\"Organization\",\"@id\":\"https:\/\/grupoalcaniz.com\/es\/#organization\",\"name\":\"Agroganadera Germ\u00e1n S.L.\",\"url\":\"https:\/\/grupoalcaniz.com\/es\/\",\"logo\":{\"@type\":\"ImageObject\",\"inLanguage\":\"fr-FR\",\"@id\":\"https:\/\/grupoalcaniz.com\/es\/#\/schema\/logo\/image\/\",\"url\":\"https:\/\/grupoalcaniz.com\/wp-content\/uploads\/2018\/07\/logo-grupo-alca\u00a4iz.png\",\"contentUrl\":\"https:\/\/grupoalcaniz.com\/wp-content\/uploads\/2018\/07\/logo-grupo-alca\u00a4iz.png\",\"width\":232,\"height\":231,\"caption\":\"Agroganadera Germ\u00e1n S.L.\"},\"image\":{\"@id\":\"https:\/\/grupoalcaniz.com\/es\/#\/schema\/logo\/image\/\"}}]}<\/script>\n<!-- \/ Yoast SEO plugin. -->","yoast_head_json":{"title":"Accueil - Groupe Alca\u00f1iz","description":"Nos plus de 50 ans d'exp\u00e9rience dans le secteur nous ont fourni les outils n\u00e9cessaires pour produire une viande de qualit\u00e9.","robots":{"index":"index","follow":"follow","max-snippet":"max-snippet:-1","max-image-preview":"max-image-preview:large","max-video-preview":"max-video-preview:-1"},"canonical":"https:\/\/grupoalcaniz.com\/fr\/","og_locale":"fr_FR","og_type":"article","og_title":"Accueil - Groupe Alca\u00f1iz","og_description":"Nos plus de 50 ans d'exp\u00e9rience dans le secteur nous ont fourni les outils n\u00e9cessaires pour produire une viande de qualit\u00e9.","og_url":"https:\/\/grupoalcaniz.com\/fr\/","og_site_name":"Groupe Alca\u00f1iz","article_modified_time":"2023-09-28T14:46:53+00:00","twitter_card":"summary_large_image","twitter_misc":{"Dur\u00e9e de lecture estim\u00e9e":"6 minutes"},"schema":{"@context":"https:\/\/schema.org","@graph":[{"@type":"WebPage","@id":"https:\/\/grupoalcaniz.com\/fr\/","url":"https:\/\/grupoalcaniz.com\/fr\/","name":"Accueil - Groupe Alca\u00f1iz","isPartOf":{"@id":"https:\/\/grupoalcaniz.com\/es\/#website"},"datePublished":"2023-09-28T13:22:23+00:00","dateModified":"2023-09-28T14:46:53+00:00","description":"Nos plus de 50 ans d'exp\u00e9rience dans le secteur nous ont fourni les outils n\u00e9cessaires pour produire une viande de qualit\u00e9.","breadcrumb":{"@id":"https:\/\/grupoalcaniz.com\/fr\/#breadcrumb"},"inLanguage":"fr-FR","potentialAction":[{"@type":"ReadAction","target":["https:\/\/grupoalcaniz.com\/fr\/"]}]},{"@type":"BreadcrumbList","@id":"https:\/\/grupoalcaniz.com\/fr\/#breadcrumb","itemListElement":[{"@type":"ListItem","position":1,"name":"Portada","item":"https:\/\/grupoalcaniz.com\/fr\/"},{"@type":"ListItem","position":2,"name":"Accueil"}]},{"@type":"WebSite","@id":"https:\/\/grupoalcaniz.com\/es\/#website","url":"https:\/\/grupoalcaniz.com\/es\/","name":"Groupe Alca\u00f1iz","description":"Agricultura, transporte y veterinaria para producir la carne de m\u00e1s alta calidad.","publisher":{"@id":"https:\/\/grupoalcaniz.com\/es\/#organization"},"potentialAction":[{"@type":"SearchAction","target":{"@type":"EntryPoint","urlTemplate":"https:\/\/grupoalcaniz.com\/es\/?s={search_term_string}"},"query-input":{"@type":"PropertyValueSpecification","valueRequired":true,"valueName":"search_term_string"}}],"inLanguage":"fr-FR"},{"@type":"Organization","@id":"https:\/\/grupoalcaniz.com\/es\/#organization","name":"Agroganadera Germ\u00e1n S.L.","url":"https:\/\/grupoalcaniz.com\/es\/","logo":{"@type":"ImageObject","inLanguage":"fr-FR","@id":"https:\/\/grupoalcaniz.com\/es\/#\/schema\/logo\/image\/","url":"https:\/\/grupoalcaniz.com\/wp-content\/uploads\/2018\/07\/logo-grupo-alca\u00a4iz.png","contentUrl":"https:\/\/grupoalcaniz.com\/wp-content\/uploads\/2018\/07\/logo-grupo-alca\u00a4iz.png","width":232,"height":231,"caption":"Agroganadera Germ\u00e1n S.L."},"image":{"@id":"https:\/\/grupoalcaniz.com\/es\/#\/schema\/logo\/image\/"}}]}},"_links":{"self":[{"href":"https:\/\/grupoalcaniz.com\/fr\/wp-json\/wp\/v2\/pages\/2516","targetHints":{"allow":["GET"]}}],"collection":[{"href":"https:\/\/grupoalcaniz.com\/fr\/wp-json\/wp\/v2\/pages"}],"about":[{"href":"https:\/\/grupoalcaniz.com\/fr\/wp-json\/wp\/v2\/types\/page"}],"author":[{"embeddable":true,"href":"https:\/\/grupoalcaniz.com\/fr\/wp-json\/wp\/v2\/users\/2"}],"replies":[{"embeddable":true,"href":"https:\/\/grupoalcaniz.com\/fr\/wp-json\/wp\/v2\/comments?post=2516"}],"version-history":[{"count":6,"href":"https:\/\/grupoalcaniz.com\/fr\/wp-json\/wp\/v2\/pages\/2516\/revisions"}],"predecessor-version":[{"id":2596,"href":"https:\/\/grupoalcaniz.com\/fr\/wp-json\/wp\/v2\/pages\/2516\/revisions\/2596"}],"wp:attachment":[{"href":"https:\/\/grupoalcaniz.com\/fr\/wp-json\/wp\/v2\/media?parent=2516"}],"curies":[{"name":"wp","href":"https:\/\/api.w.org\/{rel}","templated":true}]}}