{"id":8,"date":"2016-07-14T12:00:56","date_gmt":"2016-07-14T12:00:56","guid":{"rendered":"https:\/\/grupoalcaniz.com\/?page_id=8"},"modified":"2023-09-28T16:46:09","modified_gmt":"2023-09-28T14:46:09","slug":"inicio","status":"publish","type":"page","link":"https:\/\/grupoalcaniz.com\/es\/","title":{"rendered":"Inicio"},"content":{"rendered":"<p><div id=\"primer-bloque\" class=\"fusion-fullwidth fullwidth-box nonhundred-percent-fullwidth non-hundred-percent-height-scrolling fusion-equal-height-columns\"  style='background-color: #FCFAF2;background-position: right center;background-repeat: no-repeat;padding-top:90px;padding-right:0px;padding-bottom:90px;padding-left:0px;border-top-width:0px;border-bottom-width:0px;border-color:rgba(234,233,233,0);border-top-style:solid;border-bottom-style:solid;'><div class=\"fusion-builder-row fusion-row \"><div  class=\"fusion-layout-column fusion_builder_column fusion_builder_column_1_6  fusion-one-sixth fusion-column-first fusion-no-small-visibility 1_6\"  style='margin-top:0px;margin-bottom:20px;width:13.3333%; margin-right: 4%;'>\n\t\t\t\t\t<div class=\"fusion-column-wrapper\" style=\"padding: 0px 0px 0px 0px;background-position:left top;background-repeat:no-repeat;-webkit-background-size:cover;-moz-background-size:cover;-o-background-size:cover;background-size:cover;\"  data-bg-url=\"\">\n\t\t\t\t\t\t<div class=\"fusion-clearfix\"><\/div>\n\n\t\t\t\t\t<\/div>\n\t\t\t\t<\/div><div  class=\"fusion-layout-column fusion_builder_column fusion_builder_column_2_3  fusion-two-third 2_3\"  style='margin-top:0px;margin-bottom:20px;width:65.3333%; margin-right: 4%;'>\n\t\t\t\t\t<div class=\"fusion-column-wrapper\" style=\"padding: 0px 0px 0px 0px;background-position:left top;background-repeat:no-repeat;-webkit-background-size:cover;-moz-background-size:cover;-o-background-size:cover;background-size:cover;\"  data-bg-url=\"\">\n\t\t\t\t\t\t<div class=\"fusion-text descripcion-portada\"><p style=\"text-align: center;\"><strong>Comprometidos<\/strong> con las futuras generaciones y el <strong>medio ambiente.<\/strong><\/p>\n<p style=\"text-align: center;\">Creamos sabores\/experiencias, con <strong>grandes cualidades organol\u00e9pticas<\/strong> y con un rico perfil nutricional.<\/p>\n<p style=\"text-align: center;\">Alimentamos personas de forma <strong>sostenible.<\/strong><\/p>\n<\/div><div class=\"fusion-clearfix\"><\/div>\n\n\t\t\t\t\t<\/div>\n\t\t\t\t<\/div><div  class=\"fusion-layout-column fusion_builder_column fusion_builder_column_1_6  fusion-one-sixth fusion-column-last fusion-no-small-visibility 1_6\"  style='margin-top:0px;margin-bottom:20px;width:13.3333%'>\n\t\t\t\t\t<div class=\"fusion-column-wrapper\" style=\"padding: 0px 0px 0px 0px;background-position:left top;background-repeat:no-repeat;-webkit-background-size:cover;-moz-background-size:cover;-o-background-size:cover;background-size:cover;\"  data-bg-url=\"\">\n\t\t\t\t\t\t<div class=\"fusion-clearfix\"><\/div>\n\n\t\t\t\t\t<\/div>\n\t\t\t\t<\/div><\/div><\/div><div class=\"fusion-fullwidth fullwidth-box three-sections hundred-percent-fullwidth non-hundred-percent-height-scrolling fusion-equal-height-columns\"  style='background-color: #ffffff;background-position: left top;background-repeat: no-repeat;padding-right:0px;padding-left:0px;border-top-width:0px;border-bottom-width:0px;border-color:#eae9e9;border-top-style:solid;border-bottom-style:solid;'><div class=\"fusion-builder-row fusion-row \"><div  class=\"fusion-layout-column fusion_builder_column fusion_builder_column_1_3  fusion-one-third fusion-column-first fusion-spacing-no black-text fusion-column-inner-bg-wrapper fusion-column-no-min-height 1_3\"  style='margin-top:0px;margin-bottom:0px;width:33.33%;width:calc(33.33% - ( ( 0px + 0px ) * 0.3333 ) );margin-right: 0px;'>\n\t\t\t\t\t<div class=\"fusion-column-wrapper\" style=\"padding: 50% 0px 45% 0px;\" data-bg-url=\"https:\/\/grupoalcaniz.com\/wp-content\/uploads\/2018\/09\/bovino-1200x800.jpg\">\n\t\t\t\t\t\t<div class=\"fusion-column-content-centered\"><div class=\"fusion-column-content\"><div class=\"fusion-text\"><h2 style=\"text-align: center;\"><span style=\"color: #fff;\">Bovino.<\/span><\/h2>\n<\/div><\/div><\/div><div class=\"fusion-clearfix\"><\/div>\n\t\t\t\t\t<\/div>\n\t\t\t\t\t<span class=\"fusion-column-inner-bg hover-type-zoomout\">\n\t\t\t\t\t\t<a href=\"https:\/\/grupoalcaniz.com\/ganaderia\/\" aria-label=\"bovino\">\n\t\t\t\t\t\t\t<span class=\"fusion-column-inner-bg-image\" style=\"background-image: url('https:\/\/grupoalcaniz.com\/wp-content\/uploads\/2018\/09\/bovino-1200x800.jpg');background-position:center center;background-repeat:no-repeat;-webkit-background-size:cover;-moz-background-size:cover;-o-background-size:cover;background-size:cover;\"><\/span><\/a>\n\t\t\t\t\t<\/span>\n\t\t\t\t<\/div><div  class=\"fusion-layout-column fusion_builder_column fusion_builder_column_1_3  fusion-one-third fusion-spacing-no black-text fusion-column-inner-bg-wrapper fusion-column-no-min-height 1_3\"  style='margin-top:0px;margin-bottom:0px;width:33.33%;width:calc(33.33% - ( ( 0px + 0px ) * 0.3333 ) );margin-right: 0px;'>\n\t\t\t\t\t<div class=\"fusion-column-wrapper\" style=\"padding: 50% 0px 45% 0px;\" data-bg-url=\"https:\/\/grupoalcaniz.com\/wp-content\/uploads\/2018\/09\/porcino-1200x800.jpg\">\n\t\t\t\t\t\t<div class=\"fusion-column-content-centered\"><div class=\"fusion-column-content\"><div class=\"fusion-text\"><h2 style=\"text-align: center;\"><span style=\"color: #fff;\">Porcino.<\/span><\/h2>\n<\/div><\/div><\/div><div class=\"fusion-clearfix\"><\/div>\n\t\t\t\t\t<\/div>\n\t\t\t\t\t<span class=\"fusion-column-inner-bg hover-type-zoomout\">\n\t\t\t\t\t\t<a href=\"https:\/\/grupoalcaniz.com\/ganaderia\/\" aria-label=\"porcino\">\n\t\t\t\t\t\t\t<span class=\"fusion-column-inner-bg-image\" style=\"background-image: url('https:\/\/grupoalcaniz.com\/wp-content\/uploads\/2018\/09\/porcino-1200x800.jpg');background-position:center top;background-repeat:no-repeat;-webkit-background-size:cover;-moz-background-size:cover;-o-background-size:cover;background-size:cover;\"><\/span><\/a>\n\t\t\t\t\t<\/span>\n\t\t\t\t<\/div><div  class=\"fusion-layout-column fusion_builder_column fusion_builder_column_1_3  fusion-one-third fusion-column-last fusion-spacing-no black-text fusion-column-inner-bg-wrapper fusion-column-no-min-height 1_3\"  style='margin-top:0px;margin-bottom:0px;width:33.33%;width:calc(33.33% - ( ( 0px + 0px ) * 0.3333 ) );'>\n\t\t\t\t\t<div class=\"fusion-column-wrapper\" style=\"padding: 50% 0px 45% 0px;\" data-bg-url=\"https:\/\/grupoalcaniz.com\/wp-content\/uploads\/2017\/10\/piensos-1200x675.jpg\">\n\t\t\t\t\t\t<div class=\"fusion-column-content-centered\"><div class=\"fusion-column-content\"><div class=\"fusion-text\"><h2 style=\"text-align: center;\"><span style=\"color: #fff;\">Pienso.<\/span><\/h2>\n<\/div><\/div><\/div><div class=\"fusion-clearfix\"><\/div>\n\t\t\t\t\t<\/div>\n\t\t\t\t\t<span class=\"fusion-column-inner-bg hover-type-zoomout\">\n\t\t\t\t\t\t<a href=\"https:\/\/grupoalcaniz.com\/fabrica-pienso-compuesto\/\" aria-label=\"piensos\">\n\t\t\t\t\t\t\t<span class=\"fusion-column-inner-bg-image\" style=\"background-image: url('https:\/\/grupoalcaniz.com\/wp-content\/uploads\/2017\/10\/piensos-1200x675.jpg');background-position:center top;background-repeat:no-repeat;-webkit-background-size:cover;-moz-background-size:cover;-o-background-size:cover;background-size:cover;\"><\/span><\/a>\n\t\t\t\t\t<\/span>\n\t\t\t\t<\/div><\/div><\/div><div class=\"fusion-fullwidth fullwidth-box hundred-percent-fullwidth non-hundred-percent-height-scrolling fusion-equal-height-columns\"  style='background-color: #ffffff;background-position: center center;background-repeat: no-repeat;padding-top:0px;padding-right:0px;padding-bottom:0px;padding-left:0px;'><div class=\"fusion-builder-row fusion-row \"><div  class=\"fusion-layout-column fusion_builder_column fusion_builder_column_1_1  fusion-one-full fusion-column-first fusion-column-last 1_1\"  style='margin-top:0px;margin-bottom:0px;'>\n\t\t\t\t\t<div class=\"fusion-column-wrapper\" style=\"padding: 0px 0px 0px 0px;background-position:left top;background-repeat:no-repeat;-webkit-background-size:cover;-moz-background-size:cover;-o-background-size:cover;background-size:cover;\"  data-bg-url=\"\">\n\t\t\t\t\t\t<div class=\"fusion-blog-shortcode fusion-blog-shortcode-1 fusion-blog-archive fusion-blog-layout-grid-wrapper fusion-blog-no fusion-blog-layout-left home-blog fusion-no-col-space\"><style type=\"text\/css\">.fusion-blog-shortcode-1 .fusion-blog-layout-grid .fusion-post-grid{padding:0px;}.fusion-blog-shortcode-1 .fusion-posts-container{margin-left: -0px !important; margin-right:-0px !important;}<\/style><div class=\"fusion-posts-container fusion-posts-container-no fusion-blog-rollover fusion-blog-layout-grid fusion-blog-layout-grid-3 isotope fusion-blog-equal-heights\" data-pages=\"2\" data-grid-col-space=\"0.0\" style=\"margin: -0px -0px 0;min-height:500px;\"><article id=\"blog-1-post-2640\" class=\"fusion-post-grid post-2640 post type-post status-publish format-standard has-post-thumbnail hentry category-sin-categorizar\">\n<div class=\"fusion-post-wrapper\" style=\"background-color:rgba(255,255,255,0);border:1px solid #ebeaea;border-bottom-width:3px;\">\n\n\t\t\t<div class=\"fusion-flexslider flexslider fusion-flexslider-loading fusion-post-slideshow\" style=&quot;border-color:#ebeaea&quot;>\n\t\t<ul class=\"slides\">\n\t\t\t\n\t\t\t\t\t\t\t\t\t\t\t\t\t\t<li>\n\n<div  class=\"fusion-image-wrapper\" aria-haspopup=\"true\">\n\t\n\t\n\t\t\n\t\t\t\t\t<img loading=\"lazy\" decoding=\"async\" width=\"1280\" height=\"1271\" src=\"https:\/\/grupoalcaniz.com\/wp-content\/uploads\/2021\/04\/stars-38740_1280-600x596.png\" class=\"attachment-full size-full wp-post-image\" alt=\"\" srcset=\"https:\/\/grupoalcaniz.com\/wp-content\/uploads\/2021\/04\/stars-38740_1280-200x199.png 200w, https:\/\/grupoalcaniz.com\/wp-content\/uploads\/2021\/04\/stars-38740_1280-400x397.png 400w, https:\/\/grupoalcaniz.com\/wp-content\/uploads\/2021\/04\/stars-38740_1280-600x596.png 600w, https:\/\/grupoalcaniz.com\/wp-content\/uploads\/2021\/04\/stars-38740_1280-800x794.png 800w, https:\/\/grupoalcaniz.com\/wp-content\/uploads\/2021\/04\/stars-38740_1280-1200x1192.png 1200w, https:\/\/grupoalcaniz.com\/wp-content\/uploads\/2021\/04\/stars-38740_1280.png 1280w\" sizes=\"auto, (min-width: 2200px) 100vw, (min-width: 784px) 640px, (min-width: 712px) 784px, (min-width: 640px) 712px, \" \/>\n\t\n\n\t\t<div class=\"fusion-rollover\">\n\t<div class=\"fusion-rollover-content\">\n\n\t\t\t\t\n\t\t\t\t\n\t\t\t\t\t\t\t\t\t\t\t\t<h4 class=\"fusion-rollover-title\">\n\t\t\t\t\t<a href=\"https:\/\/grupoalcaniz.com\/es\/fondos-next-generation-eu\/\">\n\t\t\t\t\t\tFondos Next Generation EU\t\t\t\t\t<\/a>\n\t\t\t\t<\/h4>\n\t\t\t\n\t\t\t\t\t\t\t\t\n\t\t\n\t\t\t\t<a class=\"fusion-link-wrapper\" href=\"https:\/\/grupoalcaniz.com\/es\/fondos-next-generation-eu\/\" aria-label=\"Fondos Next Generation EU\"><\/a>\n\t<\/div>\n<\/div>\n\n\t\n<\/div>\n<\/li>\n\t\t\t\n\t\t\t\n\t\t\t\t\t\t\t\t\t\t\t\t\t\t\t\t\t\t\t\t\t\t\t\t\t\t\t\t\t\t\t\t\t\t\t\t\t\t\t\t\t\t\t\t\t\t\t\t\t\t\t\t\t\t\t\t\t\t\t\t\t\t\t\t\t\t\t\t<\/ul>\n\t<\/div>\n\t<div class=\"fusion-post-content-wrapper\" style=\"padding:30px 25px 20px 25px;\"><div class=\"fusion-post-content post-content\"><h2 class=\"blog-shortcode-post-title entry-title\">Fondos Next Generation EU<\/h2><p class=\"fusion-single-line-meta\"><span class=\"vcard\" style=\"display: none;\"><span class=\"fn\"><a href=\"https:\/\/grupoalcaniz.com\/es\/author\/e-tecnia\/\" title=\"Entradas de e-tecnia\" rel=\"author\">e-tecnia<\/a><\/span><\/span><span class=\"updated\" style=\"display:none;\">2025-02-11T09:20:15+01:00<\/span><span>11\/06\/2024<\/span><span class=\"fusion-inline-sep\">|<\/span><\/p><div class=\"fusion-content-sep sep-double sep-solid\" style=\"border-color:#e0dede;\"><\/div><div class=\"fusion-post-content-container\"><p>Agropecuaria Alca\u00f1iz Abadia SC participa en el Plan de Transformaci\u00f3n [...]<\/p><\/div><\/div><div class=\"fusion-meta-info\"><div class=\"fusion-alignleft\"><a class=\"fusion-read-more\" href=\"https:\/\/grupoalcaniz.com\/es\/fondos-next-generation-eu\/\">+<\/a><\/div><\/div><\/div><div class=\"fusion-clearfix\"><\/div><\/div>\n<\/article>\n<article id=\"blog-1-post-2024\" class=\"fusion-post-grid post-2024 post type-post status-publish format-standard has-post-thumbnail hentry category-sin-categorizar\">\n<div class=\"fusion-post-wrapper\" style=\"background-color:rgba(255,255,255,0);border:1px solid #ebeaea;border-bottom-width:3px;\">\n\n\t\t\t<div class=\"fusion-flexslider flexslider fusion-flexslider-loading fusion-post-slideshow\" style=&quot;border-color:#ebeaea&quot;>\n\t\t<ul class=\"slides\">\n\t\t\t\n\t\t\t\t\t\t\t\t\t\t\t\t\t\t<li>\n\n<div  class=\"fusion-image-wrapper\" aria-haspopup=\"true\">\n\t\n\t\n\t\t\n\t\t\t\t\t<img loading=\"lazy\" decoding=\"async\" width=\"1280\" height=\"1271\" src=\"https:\/\/grupoalcaniz.com\/wp-content\/uploads\/2021\/04\/stars-38740_1280-600x596.png\" class=\"attachment-full size-full wp-post-image\" alt=\"\" srcset=\"https:\/\/grupoalcaniz.com\/wp-content\/uploads\/2021\/04\/stars-38740_1280-200x199.png 200w, https:\/\/grupoalcaniz.com\/wp-content\/uploads\/2021\/04\/stars-38740_1280-400x397.png 400w, https:\/\/grupoalcaniz.com\/wp-content\/uploads\/2021\/04\/stars-38740_1280-600x596.png 600w, https:\/\/grupoalcaniz.com\/wp-content\/uploads\/2021\/04\/stars-38740_1280-800x794.png 800w, https:\/\/grupoalcaniz.com\/wp-content\/uploads\/2021\/04\/stars-38740_1280-1200x1192.png 1200w, https:\/\/grupoalcaniz.com\/wp-content\/uploads\/2021\/04\/stars-38740_1280.png 1280w\" sizes=\"auto, (min-width: 2200px) 100vw, (min-width: 784px) 640px, (min-width: 712px) 784px, (min-width: 640px) 712px, \" \/>\n\t\n\n\t\t<div class=\"fusion-rollover\">\n\t<div class=\"fusion-rollover-content\">\n\n\t\t\t\t\n\t\t\t\t\n\t\t\t\t\t\t\t\t\t\t\t\t<h4 class=\"fusion-rollover-title\">\n\t\t\t\t\t<a href=\"https:\/\/grupoalcaniz.com\/es\/idis-react-2022\/\">\n\t\t\t\t\t\tIDIS REACT 2022\t\t\t\t\t<\/a>\n\t\t\t\t<\/h4>\n\t\t\t\n\t\t\t\t\t\t\t\t\n\t\t\n\t\t\t\t<a class=\"fusion-link-wrapper\" href=\"https:\/\/grupoalcaniz.com\/es\/idis-react-2022\/\" aria-label=\"IDIS REACT 2022\"><\/a>\n\t<\/div>\n<\/div>\n\n\t\n<\/div>\n<\/li>\n\t\t\t\n\t\t\t\n\t\t\t\t\t\t\t\t\t\t\t\t\t\t\t\t\t\t\t\t\t\t\t\t\t\t\t\t\t\t\t\t\t\t\t\t\t\t\t\t\t\t\t\t\t\t\t\t\t\t\t\t\t\t\t\t\t\t\t\t\t\t\t\t\t\t\t\t<\/ul>\n\t<\/div>\n\t<div class=\"fusion-post-content-wrapper\" style=\"padding:30px 25px 20px 25px;\"><div class=\"fusion-post-content post-content\"><h2 class=\"blog-shortcode-post-title entry-title\">IDIS REACT 2022<\/h2><p class=\"fusion-single-line-meta\"><span class=\"vcard\" style=\"display: none;\"><span class=\"fn\"><a href=\"https:\/\/grupoalcaniz.com\/es\/author\/e-tecnia\/\" title=\"Entradas de e-tecnia\" rel=\"author\">e-tecnia<\/a><\/span><\/span><span class=\"updated\" style=\"display:none;\">2023-01-17T15:25:58+01:00<\/span><span>17\/01\/2023<\/span><span class=\"fusion-inline-sep\">|<\/span><\/p><div class=\"fusion-content-sep sep-double sep-solid\" style=\"border-color:#e0dede;\"><\/div><div class=\"fusion-post-content-container\"><p>Participaci\u00f3n en el programa \u201cIDIS REACT 2022\u201d<\/p><\/div><\/div><div class=\"fusion-meta-info\"><div class=\"fusion-alignleft\"><a class=\"fusion-read-more\" href=\"https:\/\/grupoalcaniz.com\/es\/idis-react-2022\/\">+<\/a><\/div><\/div><\/div><div class=\"fusion-clearfix\"><\/div><\/div>\n<\/article>\n<article id=\"blog-1-post-2005\" class=\"fusion-post-grid post-2005 post type-post status-publish format-standard has-post-thumbnail hentry category-sin-categorizar\">\n<div class=\"fusion-post-wrapper\" style=\"background-color:rgba(255,255,255,0);border:1px solid #ebeaea;border-bottom-width:3px;\">\n\n\t\t\t<div class=\"fusion-flexslider flexslider fusion-flexslider-loading fusion-post-slideshow\" style=&quot;border-color:#ebeaea&quot;>\n\t\t<ul class=\"slides\">\n\t\t\t\n\t\t\t\t\t\t\t\t\t\t\t\t\t\t<li>\n\n<div  class=\"fusion-image-wrapper\" aria-haspopup=\"true\">\n\t\n\t\n\t\t\n\t\t\t\t\t<img loading=\"lazy\" decoding=\"async\" width=\"1280\" height=\"1271\" src=\"https:\/\/grupoalcaniz.com\/wp-content\/uploads\/2021\/04\/stars-38740_1280-600x596.png\" class=\"attachment-full size-full wp-post-image\" alt=\"\" srcset=\"https:\/\/grupoalcaniz.com\/wp-content\/uploads\/2021\/04\/stars-38740_1280-200x199.png 200w, https:\/\/grupoalcaniz.com\/wp-content\/uploads\/2021\/04\/stars-38740_1280-400x397.png 400w, https:\/\/grupoalcaniz.com\/wp-content\/uploads\/2021\/04\/stars-38740_1280-600x596.png 600w, https:\/\/grupoalcaniz.com\/wp-content\/uploads\/2021\/04\/stars-38740_1280-800x794.png 800w, https:\/\/grupoalcaniz.com\/wp-content\/uploads\/2021\/04\/stars-38740_1280-1200x1192.png 1200w, https:\/\/grupoalcaniz.com\/wp-content\/uploads\/2021\/04\/stars-38740_1280.png 1280w\" sizes=\"auto, (min-width: 2200px) 100vw, (min-width: 784px) 640px, (min-width: 712px) 784px, (min-width: 640px) 712px, \" \/>\n\t\n\n\t\t<div class=\"fusion-rollover\">\n\t<div class=\"fusion-rollover-content\">\n\n\t\t\t\t\n\t\t\t\t\n\t\t\t\t\t\t\t\t\t\t\t\t<h4 class=\"fusion-rollover-title\">\n\t\t\t\t\t<a href=\"https:\/\/grupoalcaniz.com\/es\/fondos-feder\/\">\n\t\t\t\t\t\tFondos FEDER\t\t\t\t\t<\/a>\n\t\t\t\t<\/h4>\n\t\t\t\n\t\t\t\t\t\t\t\t\n\t\t\n\t\t\t\t<a class=\"fusion-link-wrapper\" href=\"https:\/\/grupoalcaniz.com\/es\/fondos-feder\/\" aria-label=\"Fondos FEDER\"><\/a>\n\t<\/div>\n<\/div>\n\n\t\n<\/div>\n<\/li>\n\t\t\t\n\t\t\t\n\t\t\t\t\t\t\t\t\t\t\t\t\t\t\t\t\t\t\t\t\t\t\t\t\t\t\t\t\t\t\t\t\t\t\t\t\t\t\t\t\t\t\t\t\t\t\t\t\t\t\t\t\t\t\t\t\t\t\t\t\t\t\t\t\t\t\t\t<\/ul>\n\t<\/div>\n\t<div class=\"fusion-post-content-wrapper\" style=\"padding:30px 25px 20px 25px;\"><div class=\"fusion-post-content post-content\"><h2 class=\"blog-shortcode-post-title entry-title\">Fondos FEDER<\/h2><p class=\"fusion-single-line-meta\"><span class=\"vcard\" style=\"display: none;\"><span class=\"fn\"><a href=\"https:\/\/grupoalcaniz.com\/es\/author\/ricard\/\" title=\"Entradas de ricard\" rel=\"author\">ricard<\/a><\/span><\/span><span class=\"updated\" style=\"display:none;\">2023-01-17T15:11:26+01:00<\/span><span>12\/04\/2021<\/span><span class=\"fusion-inline-sep\">|<\/span><\/p><div class=\"fusion-content-sep sep-double sep-solid\" style=\"border-color:#e0dede;\"><\/div><div class=\"fusion-post-content-container\"><p>Participaci\u00f3n en el programa \u201cPAIP\u201d<\/p><\/div><\/div><div class=\"fusion-meta-info\"><div class=\"fusion-alignleft\"><a class=\"fusion-read-more\" href=\"https:\/\/grupoalcaniz.com\/es\/fondos-feder\/\">+<\/a><\/div><\/div><\/div><div class=\"fusion-clearfix\"><\/div><\/div>\n<\/article>\n<div class=\"fusion-clearfix\"><\/div><\/div><\/div><div class=\"fusion-clearfix\"><\/div>\n\n\t\t\t\t\t<\/div>\n\t\t\t\t<\/div><\/div><\/div><\/p>\n","protected":false},"excerpt":{"rendered":"","protected":false},"author":2,"featured_media":0,"parent":0,"menu_order":0,"comment_status":"closed","ping_status":"closed","template":"100-width.php","meta":{"inline_featured_image":false,"footnotes":""},"class_list":["post-8","page","type-page","status-publish","hentry"],"yoast_head":"<!-- This site is optimized with the Yoast SEO plugin v26.0 - https:\/\/yoast.com\/wordpress\/plugins\/seo\/ -->\n<title>Inicio - Grupo Alca\u00f1iz<\/title>\n<meta name=\"description\" content=\"Nuestros m\u00e1s de 50 a\u00f1os de experiencia en el sector, nos han proporcionado las herramientas necesarias para realizar una carne de calidad\" \/>\n<meta name=\"robots\" content=\"index, follow, max-snippet:-1, max-image-preview:large, max-video-preview:-1\" \/>\n<link rel=\"canonical\" href=\"https:\/\/grupoalcaniz.com\/es\/\" \/>\n<meta property=\"og:locale\" content=\"es_ES\" \/>\n<meta property=\"og:type\" content=\"article\" \/>\n<meta property=\"og:title\" content=\"Inicio - Grupo Alca\u00f1iz\" \/>\n<meta property=\"og:description\" content=\"Nuestros m\u00e1s de 50 a\u00f1os de experiencia en el sector, nos han proporcionado las herramientas necesarias para realizar una carne de calidad\" \/>\n<meta property=\"og:url\" content=\"https:\/\/grupoalcaniz.com\/es\/\" \/>\n<meta property=\"og:site_name\" content=\"Grupo Alca\u00f1iz\" \/>\n<meta property=\"article:modified_time\" content=\"2023-09-28T14:46:09+00:00\" \/>\n<meta name=\"twitter:card\" content=\"summary_large_image\" \/>\n<meta name=\"twitter:label1\" content=\"Tiempo de lectura\" \/>\n\t<meta name=\"twitter:data1\" content=\"2 minutos\" \/>\n<script type=\"application\/ld+json\" class=\"yoast-schema-graph\">{\"@context\":\"https:\/\/schema.org\",\"@graph\":[{\"@type\":\"WebPage\",\"@id\":\"https:\/\/grupoalcaniz.com\/es\/\",\"url\":\"https:\/\/grupoalcaniz.com\/es\/\",\"name\":\"Inicio - Grupo Alca\u00f1iz\",\"isPartOf\":{\"@id\":\"https:\/\/grupoalcaniz.com\/es\/#website\"},\"datePublished\":\"2016-07-14T12:00:56+00:00\",\"dateModified\":\"2023-09-28T14:46:09+00:00\",\"description\":\"Nuestros m\u00e1s de 50 a\u00f1os de experiencia en el sector, nos han proporcionado las herramientas necesarias para realizar una carne de calidad\",\"breadcrumb\":{\"@id\":\"https:\/\/grupoalcaniz.com\/es\/#breadcrumb\"},\"inLanguage\":\"es\",\"potentialAction\":[{\"@type\":\"ReadAction\",\"target\":[\"https:\/\/grupoalcaniz.com\/es\/\"]}]},{\"@type\":\"BreadcrumbList\",\"@id\":\"https:\/\/grupoalcaniz.com\/es\/#breadcrumb\",\"itemListElement\":[{\"@type\":\"ListItem\",\"position\":1,\"name\":\"Portada\",\"item\":\"https:\/\/grupoalcaniz.com\/es\/\"},{\"@type\":\"ListItem\",\"position\":2,\"name\":\"Inicio\"}]},{\"@type\":\"WebSite\",\"@id\":\"https:\/\/grupoalcaniz.com\/es\/#website\",\"url\":\"https:\/\/grupoalcaniz.com\/es\/\",\"name\":\"Grupo Alca\u00f1iz\",\"description\":\"Agricultura, transporte y veterinaria para producir la carne de m\u00e1s alta calidad.\",\"publisher\":{\"@id\":\"https:\/\/grupoalcaniz.com\/es\/#organization\"},\"potentialAction\":[{\"@type\":\"SearchAction\",\"target\":{\"@type\":\"EntryPoint\",\"urlTemplate\":\"https:\/\/grupoalcaniz.com\/es\/?s={search_term_string}\"},\"query-input\":{\"@type\":\"PropertyValueSpecification\",\"valueRequired\":true,\"valueName\":\"search_term_string\"}}],\"inLanguage\":\"es\"},{\"@type\":\"Organization\",\"@id\":\"https:\/\/grupoalcaniz.com\/es\/#organization\",\"name\":\"Agroganadera Germ\u00e1n S.L.\",\"url\":\"https:\/\/grupoalcaniz.com\/es\/\",\"logo\":{\"@type\":\"ImageObject\",\"inLanguage\":\"es\",\"@id\":\"https:\/\/grupoalcaniz.com\/es\/#\/schema\/logo\/image\/\",\"url\":\"https:\/\/grupoalcaniz.com\/wp-content\/uploads\/2018\/07\/logo-grupo-alca\u00a4iz.png\",\"contentUrl\":\"https:\/\/grupoalcaniz.com\/wp-content\/uploads\/2018\/07\/logo-grupo-alca\u00a4iz.png\",\"width\":232,\"height\":231,\"caption\":\"Agroganadera Germ\u00e1n S.L.\"},\"image\":{\"@id\":\"https:\/\/grupoalcaniz.com\/es\/#\/schema\/logo\/image\/\"}}]}<\/script>\n<!-- \/ Yoast SEO plugin. -->","yoast_head_json":{"title":"Inicio - Grupo Alca\u00f1iz","description":"Nuestros m\u00e1s de 50 a\u00f1os de experiencia en el sector, nos han proporcionado las herramientas necesarias para realizar una carne de calidad","robots":{"index":"index","follow":"follow","max-snippet":"max-snippet:-1","max-image-preview":"max-image-preview:large","max-video-preview":"max-video-preview:-1"},"canonical":"https:\/\/grupoalcaniz.com\/es\/","og_locale":"es_ES","og_type":"article","og_title":"Inicio - Grupo Alca\u00f1iz","og_description":"Nuestros m\u00e1s de 50 a\u00f1os de experiencia en el sector, nos han proporcionado las herramientas necesarias para realizar una carne de calidad","og_url":"https:\/\/grupoalcaniz.com\/es\/","og_site_name":"Grupo Alca\u00f1iz","article_modified_time":"2023-09-28T14:46:09+00:00","twitter_card":"summary_large_image","twitter_misc":{"Tiempo de lectura":"2 minutos"},"schema":{"@context":"https:\/\/schema.org","@graph":[{"@type":"WebPage","@id":"https:\/\/grupoalcaniz.com\/es\/","url":"https:\/\/grupoalcaniz.com\/es\/","name":"Inicio - Grupo Alca\u00f1iz","isPartOf":{"@id":"https:\/\/grupoalcaniz.com\/es\/#website"},"datePublished":"2016-07-14T12:00:56+00:00","dateModified":"2023-09-28T14:46:09+00:00","description":"Nuestros m\u00e1s de 50 a\u00f1os de experiencia en el sector, nos han proporcionado las herramientas necesarias para realizar una carne de calidad","breadcrumb":{"@id":"https:\/\/grupoalcaniz.com\/es\/#breadcrumb"},"inLanguage":"es","potentialAction":[{"@type":"ReadAction","target":["https:\/\/grupoalcaniz.com\/es\/"]}]},{"@type":"BreadcrumbList","@id":"https:\/\/grupoalcaniz.com\/es\/#breadcrumb","itemListElement":[{"@type":"ListItem","position":1,"name":"Portada","item":"https:\/\/grupoalcaniz.com\/es\/"},{"@type":"ListItem","position":2,"name":"Inicio"}]},{"@type":"WebSite","@id":"https:\/\/grupoalcaniz.com\/es\/#website","url":"https:\/\/grupoalcaniz.com\/es\/","name":"Grupo Alca\u00f1iz","description":"Agricultura, transporte y veterinaria para producir la carne de m\u00e1s alta calidad.","publisher":{"@id":"https:\/\/grupoalcaniz.com\/es\/#organization"},"potentialAction":[{"@type":"SearchAction","target":{"@type":"EntryPoint","urlTemplate":"https:\/\/grupoalcaniz.com\/es\/?s={search_term_string}"},"query-input":{"@type":"PropertyValueSpecification","valueRequired":true,"valueName":"search_term_string"}}],"inLanguage":"es"},{"@type":"Organization","@id":"https:\/\/grupoalcaniz.com\/es\/#organization","name":"Agroganadera Germ\u00e1n S.L.","url":"https:\/\/grupoalcaniz.com\/es\/","logo":{"@type":"ImageObject","inLanguage":"es","@id":"https:\/\/grupoalcaniz.com\/es\/#\/schema\/logo\/image\/","url":"https:\/\/grupoalcaniz.com\/wp-content\/uploads\/2018\/07\/logo-grupo-alca\u00a4iz.png","contentUrl":"https:\/\/grupoalcaniz.com\/wp-content\/uploads\/2018\/07\/logo-grupo-alca\u00a4iz.png","width":232,"height":231,"caption":"Agroganadera Germ\u00e1n S.L."},"image":{"@id":"https:\/\/grupoalcaniz.com\/es\/#\/schema\/logo\/image\/"}}]}},"_links":{"self":[{"href":"https:\/\/grupoalcaniz.com\/es\/wp-json\/wp\/v2\/pages\/8","targetHints":{"allow":["GET"]}}],"collection":[{"href":"https:\/\/grupoalcaniz.com\/es\/wp-json\/wp\/v2\/pages"}],"about":[{"href":"https:\/\/grupoalcaniz.com\/es\/wp-json\/wp\/v2\/types\/page"}],"author":[{"embeddable":true,"href":"https:\/\/grupoalcaniz.com\/es\/wp-json\/wp\/v2\/users\/2"}],"replies":[{"embeddable":true,"href":"https:\/\/grupoalcaniz.com\/es\/wp-json\/wp\/v2\/comments?post=8"}],"version-history":[{"count":4,"href":"https:\/\/grupoalcaniz.com\/es\/wp-json\/wp\/v2\/pages\/8\/revisions"}],"predecessor-version":[{"id":2592,"href":"https:\/\/grupoalcaniz.com\/es\/wp-json\/wp\/v2\/pages\/8\/revisions\/2592"}],"wp:attachment":[{"href":"https:\/\/grupoalcaniz.com\/es\/wp-json\/wp\/v2\/media?parent=8"}],"curies":[{"name":"wp","href":"https:\/\/api.w.org\/{rel}","templated":true}]}}