{"id":1469,"date":"2017-10-05T11:04:35","date_gmt":"2017-10-05T11:04:35","guid":{"rendered":"https:\/\/grupoalcaniz.com\/?page_id=1469"},"modified":"2024-02-20T14:59:01","modified_gmt":"2024-02-20T13:59:01","slug":"ganaderia","status":"publish","type":"page","link":"https:\/\/grupoalcaniz.com\/es\/ganaderia\/","title":{"rendered":"Ganader\u00eda"},"content":{"rendered":"<p><div id=\"primer-bloque\" class=\"fusion-fullwidth fullwidth-box nonhundred-percent-fullwidth non-hundred-percent-height-scrolling\"  style='background-color: #fcfaf2;background-position: center center;background-repeat: no-repeat;padding-top:5%;padding-right:0px;padding-bottom:5%;padding-left:0px;'><div class=\"fusion-builder-row fusion-row \"><div  class=\"fusion-layout-column fusion_builder_column fusion_builder_column_1_5  fusion-one-fifth fusion-column-first 1_5\"  style='margin-top:0px;margin-bottom:20px;width:20%;width:calc(20% - ( ( 4% + 4% ) * 0.2 ) );margin-right: 4%;'>\n\t\t\t\t\t<div class=\"fusion-column-wrapper\" style=\"padding: 0px 0px 0px 0px;background-position:left top;background-repeat:no-repeat;-webkit-background-size:cover;-moz-background-size:cover;-o-background-size:cover;background-size:cover;\"  data-bg-url=\"\">\n\t\t\t\t\t\t<div class=\"fusion-clearfix\"><\/div>\n\n\t\t\t\t\t<\/div>\n\t\t\t\t<\/div><div  class=\"fusion-layout-column fusion_builder_column fusion_builder_column_1_5  fusion-one-fifth 1_5\"  style='margin-top:0px;margin-bottom:20px;width:20%;width:calc(20% - ( ( 4% + 4% ) * 0.2 ) );margin-right: 4%;'>\n\t\t\t\t\t<div class=\"fusion-column-wrapper\" style=\"padding: 0px 0px 0px 0px;background-position:left top;background-repeat:no-repeat;-webkit-background-size:cover;-moz-background-size:cover;-o-background-size:cover;background-size:cover;\"  data-bg-url=\"\">\n\t\t\t\t\t\t<div class=\"fusion-text\"><p><b>Nuestra principal actividad y en la que nos hemos especializado en los \u00faltimos a\u00f1os. Nuestro objetivo es lograr un ganado con alto grado de bienestar, animales sanos y bien alimentados, y esto lo logramos con la sinergia\u00a0de los siguientes factores:<\/b><\/p>\n<\/div><div class=\"fusion-clearfix\"><\/div>\n\n\t\t\t\t\t<\/div>\n\t\t\t\t<\/div><div  class=\"fusion-layout-column fusion_builder_column fusion_builder_column_1_2  fusion-one-half fusion-column-last 1_2\"  style='margin-top:0px;margin-bottom:20px;width:50%;width:calc(50% - ( ( 4% + 4% ) * 0.5 ) );'>\n\t\t\t\t\t<div class=\"fusion-column-wrapper\" style=\"padding: 0px 0px 0px 0px;background-position:left top;background-repeat:no-repeat;-webkit-background-size:cover;-moz-background-size:cover;-o-background-size:cover;background-size:cover;\"  data-bg-url=\"\">\n\t\t\t\t\t\t<div class=\"fusion-text slim-text\"><p>Feedback continuo con nuestros proveedores de ganado<\/p>\n<p>Reducimos las fases de estr\u00e9s del animal, ya que trabajamos con ganaderos en el origen, y realizamos el cuidado y engorde de los animales desde sus primeros d\u00edas de vida<\/p>\n<p>Dise\u00f1amos y fabricamos una dieta personalizada, en funci\u00f3n de las necesidades espec\u00edficas de cada animal (raza, sexo, edad, \u00e9poca del a\u00f1o,\u2026)<\/p>\n<p>No usamos antibi\u00f3ticos de s\u00edntesis de forma sistem\u00e1tica<\/p>\n<p>Contamos con un continuo asesoramiento veterinario, farmac\u00e9utico y nutricional<\/p>\n<p>El equipo humano que est\u00e1 en contacto directo con los animales posee una gran experiencia y formaci\u00f3n en este campo<\/p>\n<p>Mediante el control de la mayor\u00eda de los factores que influyen sobre los animales, podemos garantizar la calidad de carne deseada y la m\u00e1xima seguridad alimentaria.<\/p>\n<\/div><div class=\"fusion-clearfix\"><\/div>\n\n\t\t\t\t\t<\/div>\n\t\t\t\t<\/div><\/div><\/div><div class=\"fusion-fullwidth fullwidth-box three-sections hundred-percent-fullwidth non-hundred-percent-height-scrolling fusion-equal-height-columns\"  style='background-color: #ffffff;background-position: center center;background-repeat: no-repeat;'><div class=\"fusion-builder-row fusion-row \"><div  class=\"fusion-layout-column fusion_builder_column fusion_builder_column_1_2  fusion-one-half fusion-column-first fusion-spacing-no inferior 1_2\"  style='margin-top:0px;margin-bottom:0px;width:50%;width:calc(50% - ( ( 0 ) * 0.5 ) );margin-right: 0px;'>\n\t\t\t\t\t<div class=\"fusion-column-wrapper\" style=\"padding: 20% 20% 20% 20%;background-image: url('https:\/\/grupoalcaniz.com\/wp-content\/uploads\/2018\/09\/bovino.jpg');background-position:center top;background-repeat:no-repeat;-webkit-background-size:cover;-moz-background-size:cover;-o-background-size:cover;background-size:cover;\"  data-bg-url=\"https:\/\/grupoalcaniz.com\/wp-content\/uploads\/2018\/09\/bovino.jpg\">\n\t\t\t\t\t\t<div class=\"fusion-column-content-centered\"><div class=\"fusion-column-content\"><div class=\"fusion-content-boxes content-boxes columns row fusion-columns-1 fusion-columns-total-1 fusion-content-boxes-1 content-boxes-icon-with-title content-left\" data-animationOffset=\"100%\" style=\"margin-top:0px;margin-bottom:60px;\"><style type=\"text\/css\" scoped=\"scoped\">.fusion-content-boxes-1 .heading .content-box-heading {color:#ffffff;}\n\t\t\t\t\t.fusion-content-boxes-1 .fusion-content-box-hover .link-area-link-icon-hover .heading .content-box-heading,\n\t\t\t\t\t.fusion-content-boxes-1 .fusion-content-box-hover .link-area-link-icon-hover .heading .heading-link .content-box-heading,\n\t\t\t\t\t.fusion-content-boxes-1 .fusion-content-box-hover .link-area-box-hover .heading .content-box-heading,\n\t\t\t\t\t.fusion-content-boxes-1 .fusion-content-box-hover .link-area-box-hover .heading .heading-link .content-box-heading,\n\t\t\t\t\t.fusion-content-boxes-1 .fusion-content-box-hover .link-area-link-icon-hover.link-area-box .fusion-read-more,\n\t\t\t\t\t.fusion-content-boxes-1 .fusion-content-box-hover .link-area-link-icon-hover.link-area-box .fusion-read-more::after,\n\t\t\t\t\t.fusion-content-boxes-1 .fusion-content-box-hover .link-area-link-icon-hover.link-area-box .fusion-read-more::before,\n\t\t\t\t\t.fusion-content-boxes-1 .fusion-content-box-hover .fusion-read-more:hover:after,\n\t\t\t\t\t.fusion-content-boxes-1 .fusion-content-box-hover .fusion-read-more:hover:before,\n\t\t\t\t\t.fusion-content-boxes-1 .fusion-content-box-hover .fusion-read-more:hover,\n\t\t\t\t\t.fusion-content-boxes-1 .fusion-content-box-hover .link-area-box-hover.link-area-box .fusion-read-more,\n\t\t\t\t\t.fusion-content-boxes-1 .fusion-content-box-hover .link-area-box-hover.link-area-box .fusion-read-more::after,\n\t\t\t\t\t.fusion-content-boxes-1 .fusion-content-box-hover .link-area-box-hover.link-area-box .fusion-read-more::before,\n\t\t\t\t\t.fusion-content-boxes-1 .fusion-content-box-hover .link-area-link-icon-hover .icon .circle-no,\n\t\t\t\t\t.fusion-content-boxes-1 .heading .heading-link:hover .content-box-heading {\n\t\t\t\t\t\tcolor: #ffffff;\n\t\t\t\t\t}\n\t\t\t\t\t.fusion-content-boxes-1 .fusion-content-box-hover .link-area-box-hover .icon .circle-no {\n\t\t\t\t\t\tcolor: #ffffff !important;\n\t\t\t\t\t}.fusion-content-boxes-1 .fusion-content-box-hover .link-area-box.link-area-box-hover .fusion-content-box-button {background: #ec4858;color: #ffffff;}.fusion-content-boxes-1 .fusion-content-box-hover .link-area-box.link-area-box-hover .fusion-content-box-button .fusion-button-text {color: #ffffff;}\n\t\t\t\t\t.fusion-content-boxes-1 .fusion-content-box-hover .link-area-link-icon-hover .heading .icon > span {\n\t\t\t\t\t\tbackground-color: #ffffff !important;\n\t\t\t\t\t}\n\t\t\t\t\t.fusion-content-boxes-1 .fusion-content-box-hover .link-area-box-hover .heading .icon > span {\n\t\t\t\t\t\tborder-color: #ffffff !important;\n\t\t\t\t\t}<\/style><div class=\"fusion-column content-box-column content-box-column content-box-column-1 col-lg-12 col-md-12 col-sm-12 fusion-content-box-hover  content-box-column-last\"><div class=\"col content-wrapper link-area-link-icon icon-hover-animation-fade\" style=\"background-color:transparent;\" data-animationOffset=\"100%\"><div class=\"heading icon-left\"><h2 class=\"content-box-heading\" style=\"font-size:120px;line-height:125px;\">Bovino.<\/h2><\/div><div class=\"fusion-clearfix\"><\/div><div class=\"content-container\" style=\"color:#ffffff;\">\n<p>Disponemos de granjas propias e integradas para el cuidado de los terneros, desde el nacimiento hasta el sacrificio.<\/p>\n<\/div><\/div><\/div><style type=\"text\/css\" scoped=\"scoped\">\n\t\t\t\t\t\t.fusion-content-boxes-1 .fusion-content-box-hover .heading-link:hover .icon i.circle-yes,\n\t\t\t\t\t\t.fusion-content-boxes-1 .fusion-content-box-hover .link-area-box:hover .heading-link .icon i.circle-yes,\n\t\t\t\t\t\t.fusion-content-boxes-1 .fusion-content-box-hover .link-area-link-icon-hover .heading .icon i.circle-yes,\n\t\t\t\t\t\t.fusion-content-boxes-1 .fusion-content-box-hover .link-area-box-hover .heading .icon i.circle-yes {\n\t\t\t\t\t\t\tbackground-color: #ffffff !important;\n\t\t\t\t\t\t\tborder-color: #ffffff !important;\n\t\t\t\t\t\t}<\/style><div class=\"fusion-clearfix\"><\/div><\/div><\/div><\/div><div class=\"fusion-clearfix\"><\/div>\n\n\t\t\t\t\t<\/div>\n\t\t\t\t<\/div><div  class=\"fusion-layout-column fusion_builder_column fusion_builder_column_1_2  fusion-one-half fusion-column-last inferior 1_2\"  style='margin-top:0px;margin-bottom:0px;width:50%;width:calc(50% - ( ( 0 ) * 0.5 ) );'>\n\t\t\t\t\t<div class=\"fusion-column-wrapper\" style=\"padding: 20% 20% 20% 20%;background-image: url('https:\/\/grupoalcaniz.com\/wp-content\/uploads\/2024\/02\/ovino.jpg');background-position:right top;background-repeat:no-repeat;-webkit-background-size:cover;-moz-background-size:cover;-o-background-size:cover;background-size:cover;\"  data-bg-url=\"https:\/\/grupoalcaniz.com\/wp-content\/uploads\/2024\/02\/ovino.jpg\">\n\t\t\t\t\t\t<div class=\"fusion-column-content-centered\"><div class=\"fusion-column-content\"><div class=\"fusion-content-boxes content-boxes columns row fusion-columns-1 fusion-columns-total-1 fusion-content-boxes-2 content-boxes-icon-with-title content-left\" data-animationOffset=\"100%\" style=\"margin-top:0px;margin-bottom:60px;\"><style type=\"text\/css\" scoped=\"scoped\">.fusion-content-boxes-2 .heading .content-box-heading {color:#ffffff;}\n\t\t\t\t\t.fusion-content-boxes-2 .fusion-content-box-hover .link-area-link-icon-hover .heading .content-box-heading,\n\t\t\t\t\t.fusion-content-boxes-2 .fusion-content-box-hover .link-area-link-icon-hover .heading .heading-link .content-box-heading,\n\t\t\t\t\t.fusion-content-boxes-2 .fusion-content-box-hover .link-area-box-hover .heading .content-box-heading,\n\t\t\t\t\t.fusion-content-boxes-2 .fusion-content-box-hover .link-area-box-hover .heading .heading-link .content-box-heading,\n\t\t\t\t\t.fusion-content-boxes-2 .fusion-content-box-hover .link-area-link-icon-hover.link-area-box .fusion-read-more,\n\t\t\t\t\t.fusion-content-boxes-2 .fusion-content-box-hover .link-area-link-icon-hover.link-area-box .fusion-read-more::after,\n\t\t\t\t\t.fusion-content-boxes-2 .fusion-content-box-hover .link-area-link-icon-hover.link-area-box .fusion-read-more::before,\n\t\t\t\t\t.fusion-content-boxes-2 .fusion-content-box-hover .fusion-read-more:hover:after,\n\t\t\t\t\t.fusion-content-boxes-2 .fusion-content-box-hover .fusion-read-more:hover:before,\n\t\t\t\t\t.fusion-content-boxes-2 .fusion-content-box-hover .fusion-read-more:hover,\n\t\t\t\t\t.fusion-content-boxes-2 .fusion-content-box-hover .link-area-box-hover.link-area-box .fusion-read-more,\n\t\t\t\t\t.fusion-content-boxes-2 .fusion-content-box-hover .link-area-box-hover.link-area-box .fusion-read-more::after,\n\t\t\t\t\t.fusion-content-boxes-2 .fusion-content-box-hover .link-area-box-hover.link-area-box .fusion-read-more::before,\n\t\t\t\t\t.fusion-content-boxes-2 .fusion-content-box-hover .link-area-link-icon-hover .icon .circle-no,\n\t\t\t\t\t.fusion-content-boxes-2 .heading .heading-link:hover .content-box-heading {\n\t\t\t\t\t\tcolor: #ffffff;\n\t\t\t\t\t}\n\t\t\t\t\t.fusion-content-boxes-2 .fusion-content-box-hover .link-area-box-hover .icon .circle-no {\n\t\t\t\t\t\tcolor: #ffffff !important;\n\t\t\t\t\t}.fusion-content-boxes-2 .fusion-content-box-hover .link-area-box.link-area-box-hover .fusion-content-box-button {background: #ec4858;color: #ffffff;}.fusion-content-boxes-2 .fusion-content-box-hover .link-area-box.link-area-box-hover .fusion-content-box-button .fusion-button-text {color: #ffffff;}\n\t\t\t\t\t.fusion-content-boxes-2 .fusion-content-box-hover .link-area-link-icon-hover .heading .icon > span {\n\t\t\t\t\t\tbackground-color: #ffffff !important;\n\t\t\t\t\t}\n\t\t\t\t\t.fusion-content-boxes-2 .fusion-content-box-hover .link-area-box-hover .heading .icon > span {\n\t\t\t\t\t\tborder-color: #ffffff !important;\n\t\t\t\t\t}<\/style><div class=\"fusion-column content-box-column content-box-column content-box-column-1 col-lg-12 col-md-12 col-sm-12 fusion-content-box-hover  content-box-column-last\"><div class=\"col content-wrapper link-area-link-icon icon-hover-animation-fade\" style=\"background-color:transparent;\" data-animationOffset=\"100%\"><div class=\"heading icon-left\"><h2 class=\"content-box-heading\" style=\"font-size:120px;line-height:125px;\">Ovino.<\/h2><\/div><div class=\"fusion-clearfix\"><\/div><div class=\"content-container\" style=\"color:#ffffff;\">Colaboraci\u00f3n directa con ganaderos que cr\u00edan y engordan Rasa Aragonesa<\/div><\/div><\/div><style type=\"text\/css\" scoped=\"scoped\">\n\t\t\t\t\t\t.fusion-content-boxes-2 .fusion-content-box-hover .heading-link:hover .icon i.circle-yes,\n\t\t\t\t\t\t.fusion-content-boxes-2 .fusion-content-box-hover .link-area-box:hover .heading-link .icon i.circle-yes,\n\t\t\t\t\t\t.fusion-content-boxes-2 .fusion-content-box-hover .link-area-link-icon-hover .heading .icon i.circle-yes,\n\t\t\t\t\t\t.fusion-content-boxes-2 .fusion-content-box-hover .link-area-box-hover .heading .icon i.circle-yes {\n\t\t\t\t\t\t\tbackground-color: #ffffff !important;\n\t\t\t\t\t\t\tborder-color: #ffffff !important;\n\t\t\t\t\t\t}<\/style><div class=\"fusion-clearfix\"><\/div><\/div><\/div><\/div><div class=\"fusion-clearfix\"><\/div>\n\n\t\t\t\t\t<\/div>\n\t\t\t\t<\/div><\/div><\/div><\/p>\n","protected":false},"excerpt":{"rendered":"","protected":false},"author":2,"featured_media":0,"parent":0,"menu_order":0,"comment_status":"closed","ping_status":"closed","template":"100-width.php","meta":{"inline_featured_image":false,"footnotes":""},"class_list":["post-1469","page","type-page","status-publish","hentry"],"yoast_head":"<!-- This site is optimized with the Yoast SEO plugin v26.0 - https:\/\/yoast.com\/wordpress\/plugins\/seo\/ -->\n<title>Ganader\u00eda - Grupo Alca\u00f1iz<\/title>\n<meta name=\"description\" content=\"Nuestro objetivo es conseguir un ganado con alto grado de bienestar, con animales sanos y bien alimentados, y esto lo logramos con la sinerg\u00eda de los...\" \/>\n<meta name=\"robots\" content=\"index, follow, max-snippet:-1, max-image-preview:large, max-video-preview:-1\" \/>\n<link rel=\"canonical\" href=\"https:\/\/grupoalcaniz.com\/es\/ganaderia\/\" \/>\n<meta property=\"og:locale\" content=\"es_ES\" \/>\n<meta property=\"og:type\" content=\"article\" \/>\n<meta property=\"og:title\" content=\"Ganader\u00eda - Grupo Alca\u00f1iz\" \/>\n<meta property=\"og:description\" content=\"Nuestro objetivo es conseguir un ganado con alto grado de bienestar, con animales sanos y bien alimentados, y esto lo logramos con la sinerg\u00eda de los...\" \/>\n<meta property=\"og:url\" content=\"https:\/\/grupoalcaniz.com\/es\/ganaderia\/\" \/>\n<meta property=\"og:site_name\" content=\"Grupo Alca\u00f1iz\" \/>\n<meta property=\"article:modified_time\" content=\"2024-02-20T13:59:01+00:00\" \/>\n<meta name=\"twitter:card\" content=\"summary_large_image\" \/>\n<meta name=\"twitter:label1\" content=\"Tiempo de lectura\" \/>\n\t<meta name=\"twitter:data1\" content=\"3 minutos\" \/>\n<script type=\"application\/ld+json\" class=\"yoast-schema-graph\">{\"@context\":\"https:\/\/schema.org\",\"@graph\":[{\"@type\":\"WebPage\",\"@id\":\"https:\/\/grupoalcaniz.com\/es\/ganaderia\/\",\"url\":\"https:\/\/grupoalcaniz.com\/es\/ganaderia\/\",\"name\":\"Ganader\u00eda - Grupo Alca\u00f1iz\",\"isPartOf\":{\"@id\":\"https:\/\/grupoalcaniz.com\/es\/#website\"},\"datePublished\":\"2017-10-05T11:04:35+00:00\",\"dateModified\":\"2024-02-20T13:59:01+00:00\",\"description\":\"Nuestro objetivo es conseguir un ganado con alto grado de bienestar, con animales sanos y bien alimentados, y esto lo logramos con la sinerg\u00eda de los...\",\"breadcrumb\":{\"@id\":\"https:\/\/grupoalcaniz.com\/es\/ganaderia\/#breadcrumb\"},\"inLanguage\":\"es\",\"potentialAction\":[{\"@type\":\"ReadAction\",\"target\":[\"https:\/\/grupoalcaniz.com\/es\/ganaderia\/\"]}]},{\"@type\":\"BreadcrumbList\",\"@id\":\"https:\/\/grupoalcaniz.com\/es\/ganaderia\/#breadcrumb\",\"itemListElement\":[{\"@type\":\"ListItem\",\"position\":1,\"name\":\"Portada\",\"item\":\"https:\/\/grupoalcaniz.com\/es\/\"},{\"@type\":\"ListItem\",\"position\":2,\"name\":\"Ganader\u00eda\"}]},{\"@type\":\"WebSite\",\"@id\":\"https:\/\/grupoalcaniz.com\/es\/#website\",\"url\":\"https:\/\/grupoalcaniz.com\/es\/\",\"name\":\"Grupo Alca\u00f1iz\",\"description\":\"Agricultura, transporte y veterinaria para producir la carne de m\u00e1s alta calidad.\",\"publisher\":{\"@id\":\"https:\/\/grupoalcaniz.com\/es\/#organization\"},\"potentialAction\":[{\"@type\":\"SearchAction\",\"target\":{\"@type\":\"EntryPoint\",\"urlTemplate\":\"https:\/\/grupoalcaniz.com\/es\/?s={search_term_string}\"},\"query-input\":{\"@type\":\"PropertyValueSpecification\",\"valueRequired\":true,\"valueName\":\"search_term_string\"}}],\"inLanguage\":\"es\"},{\"@type\":\"Organization\",\"@id\":\"https:\/\/grupoalcaniz.com\/es\/#organization\",\"name\":\"Agroganadera Germ\u00e1n S.L.\",\"url\":\"https:\/\/grupoalcaniz.com\/es\/\",\"logo\":{\"@type\":\"ImageObject\",\"inLanguage\":\"es\",\"@id\":\"https:\/\/grupoalcaniz.com\/es\/#\/schema\/logo\/image\/\",\"url\":\"https:\/\/grupoalcaniz.com\/wp-content\/uploads\/2018\/07\/logo-grupo-alca\u00a4iz.png\",\"contentUrl\":\"https:\/\/grupoalcaniz.com\/wp-content\/uploads\/2018\/07\/logo-grupo-alca\u00a4iz.png\",\"width\":232,\"height\":231,\"caption\":\"Agroganadera Germ\u00e1n S.L.\"},\"image\":{\"@id\":\"https:\/\/grupoalcaniz.com\/es\/#\/schema\/logo\/image\/\"}}]}<\/script>\n<!-- \/ Yoast SEO plugin. -->","yoast_head_json":{"title":"Ganader\u00eda - Grupo Alca\u00f1iz","description":"Nuestro objetivo es conseguir un ganado con alto grado de bienestar, con animales sanos y bien alimentados, y esto lo logramos con la sinerg\u00eda de los...","robots":{"index":"index","follow":"follow","max-snippet":"max-snippet:-1","max-image-preview":"max-image-preview:large","max-video-preview":"max-video-preview:-1"},"canonical":"https:\/\/grupoalcaniz.com\/es\/ganaderia\/","og_locale":"es_ES","og_type":"article","og_title":"Ganader\u00eda - Grupo Alca\u00f1iz","og_description":"Nuestro objetivo es conseguir un ganado con alto grado de bienestar, con animales sanos y bien alimentados, y esto lo logramos con la sinerg\u00eda de los...","og_url":"https:\/\/grupoalcaniz.com\/es\/ganaderia\/","og_site_name":"Grupo Alca\u00f1iz","article_modified_time":"2024-02-20T13:59:01+00:00","twitter_card":"summary_large_image","twitter_misc":{"Tiempo de lectura":"3 minutos"},"schema":{"@context":"https:\/\/schema.org","@graph":[{"@type":"WebPage","@id":"https:\/\/grupoalcaniz.com\/es\/ganaderia\/","url":"https:\/\/grupoalcaniz.com\/es\/ganaderia\/","name":"Ganader\u00eda - Grupo Alca\u00f1iz","isPartOf":{"@id":"https:\/\/grupoalcaniz.com\/es\/#website"},"datePublished":"2017-10-05T11:04:35+00:00","dateModified":"2024-02-20T13:59:01+00:00","description":"Nuestro objetivo es conseguir un ganado con alto grado de bienestar, con animales sanos y bien alimentados, y esto lo logramos con la sinerg\u00eda de los...","breadcrumb":{"@id":"https:\/\/grupoalcaniz.com\/es\/ganaderia\/#breadcrumb"},"inLanguage":"es","potentialAction":[{"@type":"ReadAction","target":["https:\/\/grupoalcaniz.com\/es\/ganaderia\/"]}]},{"@type":"BreadcrumbList","@id":"https:\/\/grupoalcaniz.com\/es\/ganaderia\/#breadcrumb","itemListElement":[{"@type":"ListItem","position":1,"name":"Portada","item":"https:\/\/grupoalcaniz.com\/es\/"},{"@type":"ListItem","position":2,"name":"Ganader\u00eda"}]},{"@type":"WebSite","@id":"https:\/\/grupoalcaniz.com\/es\/#website","url":"https:\/\/grupoalcaniz.com\/es\/","name":"Grupo Alca\u00f1iz","description":"Agricultura, transporte y veterinaria para producir la carne de m\u00e1s alta calidad.","publisher":{"@id":"https:\/\/grupoalcaniz.com\/es\/#organization"},"potentialAction":[{"@type":"SearchAction","target":{"@type":"EntryPoint","urlTemplate":"https:\/\/grupoalcaniz.com\/es\/?s={search_term_string}"},"query-input":{"@type":"PropertyValueSpecification","valueRequired":true,"valueName":"search_term_string"}}],"inLanguage":"es"},{"@type":"Organization","@id":"https:\/\/grupoalcaniz.com\/es\/#organization","name":"Agroganadera Germ\u00e1n S.L.","url":"https:\/\/grupoalcaniz.com\/es\/","logo":{"@type":"ImageObject","inLanguage":"es","@id":"https:\/\/grupoalcaniz.com\/es\/#\/schema\/logo\/image\/","url":"https:\/\/grupoalcaniz.com\/wp-content\/uploads\/2018\/07\/logo-grupo-alca\u00a4iz.png","contentUrl":"https:\/\/grupoalcaniz.com\/wp-content\/uploads\/2018\/07\/logo-grupo-alca\u00a4iz.png","width":232,"height":231,"caption":"Agroganadera Germ\u00e1n S.L."},"image":{"@id":"https:\/\/grupoalcaniz.com\/es\/#\/schema\/logo\/image\/"}}]}},"_links":{"self":[{"href":"https:\/\/grupoalcaniz.com\/es\/wp-json\/wp\/v2\/pages\/1469","targetHints":{"allow":["GET"]}}],"collection":[{"href":"https:\/\/grupoalcaniz.com\/es\/wp-json\/wp\/v2\/pages"}],"about":[{"href":"https:\/\/grupoalcaniz.com\/es\/wp-json\/wp\/v2\/types\/page"}],"author":[{"embeddable":true,"href":"https:\/\/grupoalcaniz.com\/es\/wp-json\/wp\/v2\/users\/2"}],"replies":[{"embeddable":true,"href":"https:\/\/grupoalcaniz.com\/es\/wp-json\/wp\/v2\/comments?post=1469"}],"version-history":[{"count":2,"href":"https:\/\/grupoalcaniz.com\/es\/wp-json\/wp\/v2\/pages\/1469\/revisions"}],"predecessor-version":[{"id":2624,"href":"https:\/\/grupoalcaniz.com\/es\/wp-json\/wp\/v2\/pages\/1469\/revisions\/2624"}],"wp:attachment":[{"href":"https:\/\/grupoalcaniz.com\/es\/wp-json\/wp\/v2\/media?parent=1469"}],"curies":[{"name":"wp","href":"https:\/\/api.w.org\/{rel}","templated":true}]}}