{"id":1462,"date":"2017-10-05T10:30:21","date_gmt":"2017-10-05T10:30:21","guid":{"rendered":"https:\/\/grupoalcaniz.com\/?page_id=1462"},"modified":"2022-11-21T14:59:21","modified_gmt":"2022-11-21T13:59:21","slug":"fabrica-pienso-compuesto","status":"publish","type":"page","link":"https:\/\/grupoalcaniz.com\/es\/fabrica-pienso-compuesto\/","title":{"rendered":"F\u00e1brica Pienso Compuesto"},"content":{"rendered":"<p><div id=\"primer-bloque\" class=\"fusion-fullwidth fullwidth-box bg-contain nonhundred-percent-fullwidth non-hundred-percent-height-scrolling\"  style='background-color: #efdeb3;background-position: right top;background-repeat: no-repeat;padding-top:100px;padding-right:10%;padding-bottom:70px;padding-left:10%;border-top-width:0px;border-bottom-width:0px;border-color:1e1f22;border-top-style:solid;border-bottom-style:solid;'><div class=\"fusion-builder-row fusion-row \"><div  class=\"fusion-layout-column fusion_builder_column fusion_builder_column_1_4  fusion-one-fourth fusion-column-first fusion-no-small-visibility 1_4\"  style='margin-top:0px;margin-bottom:20px;width:22%; margin-right: 4%;'>\n\t\t\t\t\t<div class=\"fusion-column-wrapper\" style=\"padding: 0px 0px 0px 0px;background-position:left top;background-repeat:no-repeat;-webkit-background-size:cover;-moz-background-size:cover;-o-background-size:cover;background-size:cover;\"  data-bg-url=\"\">\n\t\t\t\t\t\t<div class=\"fusion-clearfix\"><\/div>\n\n\t\t\t\t\t<\/div>\n\t\t\t\t<\/div><div  class=\"fusion-layout-column fusion_builder_column fusion_builder_column_1_2  fusion-one-half 1_2\"  style='margin-top:0px;margin-bottom:20px;width:48%; margin-right: 4%;'>\n\t\t\t\t\t<div class=\"fusion-column-wrapper\" style=\"padding: 0px 0px 0px 0px;background-position:left top;background-repeat:no-repeat;-webkit-background-size:cover;-moz-background-size:cover;-o-background-size:cover;background-size:cover;\"  data-bg-url=\"\">\n\t\t\t\t\t\t<div class=\"fusion-title title fusion-sep-none fusion-title-size-two\" style=\"margin-top:0px;margin-bottom:31px;\"><h2 class=\"title-heading-left\">F\u00e1brica Piensos Compuestos<\/h2><\/div><div class=\"fusion-sep-clear\"><\/div><div class=\"fusion-separator sep-none\" style=\"margin-left: auto;margin-right: auto;margin-top:;margin-bottom:20px;width:100%;max-width:300px;\"><\/div><div class=\"fusion-text\"><p>Nuestro principal objetivo es el dise\u00f1o y fabricaci\u00f3n de un pienso saludable realizado con materias primas de 1\u00aa calidad y complementos naturales que nos ayuden a mejorar el sistema inmunitario de los animales y con ello, prevenir la aparici\u00f3n de enfermedades.<\/p>\n<p style=\"text-align: center;\">Agropecuaria Alca\u00f1iz Abad\u00eda, SC :\u00a0 ESP22009002<\/p>\n<p style=\"text-align: center;\">Agroganadera Germ\u00e1n, SL :\u00a0 ESP22009007<\/p>\n<\/div><div class=\"fusion-clearfix\"><\/div>\n\n\t\t\t\t\t<\/div>\n\t\t\t\t<\/div><div  class=\"fusion-layout-column fusion_builder_column fusion_builder_column_1_4  fusion-one-fourth fusion-column-last fusion-no-small-visibility 1_4\"  style='margin-top:0px;margin-bottom:20px;width:22%'>\n\t\t\t\t\t<div class=\"fusion-column-wrapper\" style=\"padding: 0px 0px 0px 0px;background-position:left top;background-repeat:no-repeat;-webkit-background-size:cover;-moz-background-size:cover;-o-background-size:cover;background-size:cover;\"  data-bg-url=\"\">\n\t\t\t\t\t\t<div class=\"fusion-clearfix\"><\/div>\n\n\t\t\t\t\t<\/div>\n\t\t\t\t<\/div><\/div><\/div><div class=\"fusion-fullwidth fullwidth-box hundred-percent-fullwidth non-hundred-percent-height-scrolling fusion-equal-height-columns\"  style='background-color: #FFFFFF;background-position: left top;background-repeat: no-repeat;padding-top:0px;padding-right:0px;padding-bottom:0px;padding-left:0px;border-top-width:0px;border-bottom-width:0px;border-color:#eae9e9;border-top-style:solid;border-bottom-style:solid;'><div class=\"fusion-builder-row fusion-row \"><div  class=\"fusion-layout-column fusion_builder_column fusion_builder_column_1_2  fusion-one-half fusion-column-first fusion-blend-mode 1_2\"  style='margin-top:0px;margin-bottom:0px;'>\n\t\t\t\t\t<div class=\"fusion-column-wrapper\" style=\"background-color:#c5a570;padding: 10% 10% 10% 10%;background-position:left top;background-repeat:no-repeat;-webkit-background-size:cover;-moz-background-size:cover;-o-background-size:cover;background-size:cover;\"  data-bg-url=\"\">\n\t\t\t\t\t\t<div class=\"fusion-text\"><p><span style=\"color: #ffffff;\">La alimentaci\u00f3n para nosotros, es algo m\u00e1s que cubrir las necesidades de los animales, es la b\u00fasqueda de un alto grado de bienestar animal.<\/span><\/p>\n<p><span style=\"color: #ffffff;\">Con una gran calidad en los cereales utilizados, logramos una dieta con un rico perfil nutricional. Realizamos un control exhaustivo de la nutrici\u00f3n, mediante un riguroso control en la entrada de materias primas y con una estrecha y constante colaboraci\u00f3n con expertos nutricionales, para dise\u00f1ar el pienso adecuado en funci\u00f3n de las necesidades de los animales. El control de la trazabilidad de nuestros piensos se extiende al almacenamiento y reparto de los mismos.<\/span><\/p>\n<\/div><div class=\"fusion-clearfix\"><\/div>\n\n\t\t\t\t\t<\/div>\n\t\t\t\t<\/div><div  class=\"fusion-layout-column fusion_builder_column fusion_builder_column_1_2  fusion-one-half fusion-column-last fusion-blend-mode fusion-column-inner-bg-wrapper 1_2\"  style='margin-top:0px;margin-bottom:0px;'>\n\t\t\t\t\t<div class=\"fusion-column-wrapper\" style=\"padding: 7% 10% 10% 10%;\" data-bg-url=\"\">\n\t\t\t\t\t\t<div class=\"fusion-column-content-centered\"><div class=\"fusion-column-content\"><div class=\"fusion-testimonials clean fusion-testimonials-1\" data-random=\"0\"><style type=\"text\/css\" scoped=\"scoped\">#fusion-testimonials-1 a{border-color:#ffffff;}#fusion-testimonials-1 a:hover, #fusion-testimonials-1 .activeSlide{background-color: #ffffff;}.fusion-testimonials.clean.fusion-testimonials-1 .author:after{border-top-color:rgba(246,246,246,0) !important;}<\/style><div class=\"reviews\"><div class=\"review no-avatar\"><blockquote style=\"margin: -25px;background-color:rgba(246,246,246,0);\"><q style=\"background-color:rgba(246,246,246,0);color:#ffffff;\" class=\"fusion-clearfix\">\n<h4 style=\"text-align: left;\">Nuestro pienso est\u00e1 dise\u00f1ado en base a las siguientes premisas:<\/h4>\n<ul>\n<li style=\"text-align: left;\">Materia prima de 1\u00aa calidad<\/li>\n<li style=\"text-align: left;\">Complementos nutricionales naturales<\/li>\n<li style=\"text-align: left;\">Lograr un equilibiro de nutrientes y vitaminas<\/li>\n<li style=\"text-align: left;\">Fabricar un pienso estable que mantenga su calidad con el tiempo<\/li>\n<\/ul>\n<\/q><\/blockquote><div class=\"author\" style=\"color:#ffffff;\"><span class=\"company-name\"><\/span><\/div><\/div><\/div><div class=\"testimonial-pagination\" id=\"fusion-testimonials-1\"><\/div><\/div><\/div><\/div><div class=\"fusion-clearfix\"><\/div>\n\t\t\t\t\t<\/div>\n\t\t\t\t\t<span class=\"fusion-column-inner-bg hover-type-zoomin\">\n\t\t\t\t\t\t<a  aria-label=\"\">\n\t\t\t\t\t\t\t<span class=\"fusion-column-inner-bg-image\" style=\"background-color:#728ed8;background-position:center center;background-repeat:no-repeat;-webkit-background-size:cover;-moz-background-size:cover;-o-background-size:cover;background-size:cover;\"><\/span><\/a>\n\t\t\t\t\t<\/span>\n\t\t\t\t<\/div><\/div><\/div><\/p>\n","protected":false},"excerpt":{"rendered":"","protected":false},"author":2,"featured_media":0,"parent":0,"menu_order":0,"comment_status":"closed","ping_status":"closed","template":"100-width.php","meta":{"inline_featured_image":false,"footnotes":""},"class_list":["post-1462","page","type-page","status-publish","hentry"],"yoast_head":"<!-- This site is optimized with the Yoast SEO plugin v26.0 - https:\/\/yoast.com\/wordpress\/plugins\/seo\/ -->\n<title>F\u00e1brica Pienso Compuesto - Grupo Alca\u00f1iz<\/title>\n<meta name=\"description\" content=\"Nuestro principal objetivo es el dise\u00f1o y fabricaci\u00f3n de un pienso saludable realizado con materias primas de 1\u00aa calidad y complementos naturales.\" \/>\n<meta name=\"robots\" content=\"index, follow, max-snippet:-1, max-image-preview:large, max-video-preview:-1\" \/>\n<link rel=\"canonical\" href=\"https:\/\/grupoalcaniz.com\/es\/fabrica-pienso-compuesto\/\" \/>\n<meta property=\"og:locale\" content=\"es_ES\" \/>\n<meta property=\"og:type\" content=\"article\" \/>\n<meta property=\"og:title\" content=\"F\u00e1brica Pienso Compuesto - Grupo Alca\u00f1iz\" \/>\n<meta property=\"og:description\" content=\"Nuestro principal objetivo es el dise\u00f1o y fabricaci\u00f3n de un pienso saludable realizado con materias primas de 1\u00aa calidad y complementos naturales.\" \/>\n<meta property=\"og:url\" content=\"https:\/\/grupoalcaniz.com\/es\/fabrica-pienso-compuesto\/\" \/>\n<meta property=\"og:site_name\" content=\"Grupo Alca\u00f1iz\" \/>\n<meta property=\"article:modified_time\" content=\"2022-11-21T13:59:21+00:00\" \/>\n<meta name=\"twitter:card\" content=\"summary_large_image\" \/>\n<meta name=\"twitter:label1\" content=\"Tiempo de lectura\" \/>\n\t<meta name=\"twitter:data1\" content=\"5 minutos\" \/>\n<script type=\"application\/ld+json\" class=\"yoast-schema-graph\">{\"@context\":\"https:\/\/schema.org\",\"@graph\":[{\"@type\":\"WebPage\",\"@id\":\"https:\/\/grupoalcaniz.com\/es\/fabrica-pienso-compuesto\/\",\"url\":\"https:\/\/grupoalcaniz.com\/es\/fabrica-pienso-compuesto\/\",\"name\":\"F\u00e1brica Pienso Compuesto - Grupo Alca\u00f1iz\",\"isPartOf\":{\"@id\":\"https:\/\/grupoalcaniz.com\/es\/#website\"},\"datePublished\":\"2017-10-05T10:30:21+00:00\",\"dateModified\":\"2022-11-21T13:59:21+00:00\",\"description\":\"Nuestro principal objetivo es el dise\u00f1o y fabricaci\u00f3n de un pienso saludable realizado con materias primas de 1\u00aa calidad y complementos naturales.\",\"breadcrumb\":{\"@id\":\"https:\/\/grupoalcaniz.com\/es\/fabrica-pienso-compuesto\/#breadcrumb\"},\"inLanguage\":\"es\",\"potentialAction\":[{\"@type\":\"ReadAction\",\"target\":[\"https:\/\/grupoalcaniz.com\/es\/fabrica-pienso-compuesto\/\"]}]},{\"@type\":\"BreadcrumbList\",\"@id\":\"https:\/\/grupoalcaniz.com\/es\/fabrica-pienso-compuesto\/#breadcrumb\",\"itemListElement\":[{\"@type\":\"ListItem\",\"position\":1,\"name\":\"Portada\",\"item\":\"https:\/\/grupoalcaniz.com\/es\/\"},{\"@type\":\"ListItem\",\"position\":2,\"name\":\"F\u00e1brica Pienso Compuesto\"}]},{\"@type\":\"WebSite\",\"@id\":\"https:\/\/grupoalcaniz.com\/es\/#website\",\"url\":\"https:\/\/grupoalcaniz.com\/es\/\",\"name\":\"Grupo Alca\u00f1iz\",\"description\":\"Agricultura, transporte y veterinaria para producir la carne de m\u00e1s alta calidad.\",\"publisher\":{\"@id\":\"https:\/\/grupoalcaniz.com\/es\/#organization\"},\"potentialAction\":[{\"@type\":\"SearchAction\",\"target\":{\"@type\":\"EntryPoint\",\"urlTemplate\":\"https:\/\/grupoalcaniz.com\/es\/?s={search_term_string}\"},\"query-input\":{\"@type\":\"PropertyValueSpecification\",\"valueRequired\":true,\"valueName\":\"search_term_string\"}}],\"inLanguage\":\"es\"},{\"@type\":\"Organization\",\"@id\":\"https:\/\/grupoalcaniz.com\/es\/#organization\",\"name\":\"Agroganadera Germ\u00e1n S.L.\",\"url\":\"https:\/\/grupoalcaniz.com\/es\/\",\"logo\":{\"@type\":\"ImageObject\",\"inLanguage\":\"es\",\"@id\":\"https:\/\/grupoalcaniz.com\/es\/#\/schema\/logo\/image\/\",\"url\":\"https:\/\/grupoalcaniz.com\/wp-content\/uploads\/2018\/07\/logo-grupo-alca\u00a4iz.png\",\"contentUrl\":\"https:\/\/grupoalcaniz.com\/wp-content\/uploads\/2018\/07\/logo-grupo-alca\u00a4iz.png\",\"width\":232,\"height\":231,\"caption\":\"Agroganadera Germ\u00e1n S.L.\"},\"image\":{\"@id\":\"https:\/\/grupoalcaniz.com\/es\/#\/schema\/logo\/image\/\"}}]}<\/script>\n<!-- \/ Yoast SEO plugin. -->","yoast_head_json":{"title":"F\u00e1brica Pienso Compuesto - Grupo Alca\u00f1iz","description":"Nuestro principal objetivo es el dise\u00f1o y fabricaci\u00f3n de un pienso saludable realizado con materias primas de 1\u00aa calidad y complementos naturales.","robots":{"index":"index","follow":"follow","max-snippet":"max-snippet:-1","max-image-preview":"max-image-preview:large","max-video-preview":"max-video-preview:-1"},"canonical":"https:\/\/grupoalcaniz.com\/es\/fabrica-pienso-compuesto\/","og_locale":"es_ES","og_type":"article","og_title":"F\u00e1brica Pienso Compuesto - Grupo Alca\u00f1iz","og_description":"Nuestro principal objetivo es el dise\u00f1o y fabricaci\u00f3n de un pienso saludable realizado con materias primas de 1\u00aa calidad y complementos naturales.","og_url":"https:\/\/grupoalcaniz.com\/es\/fabrica-pienso-compuesto\/","og_site_name":"Grupo Alca\u00f1iz","article_modified_time":"2022-11-21T13:59:21+00:00","twitter_card":"summary_large_image","twitter_misc":{"Tiempo de lectura":"5 minutos"},"schema":{"@context":"https:\/\/schema.org","@graph":[{"@type":"WebPage","@id":"https:\/\/grupoalcaniz.com\/es\/fabrica-pienso-compuesto\/","url":"https:\/\/grupoalcaniz.com\/es\/fabrica-pienso-compuesto\/","name":"F\u00e1brica Pienso Compuesto - Grupo Alca\u00f1iz","isPartOf":{"@id":"https:\/\/grupoalcaniz.com\/es\/#website"},"datePublished":"2017-10-05T10:30:21+00:00","dateModified":"2022-11-21T13:59:21+00:00","description":"Nuestro principal objetivo es el dise\u00f1o y fabricaci\u00f3n de un pienso saludable realizado con materias primas de 1\u00aa calidad y complementos naturales.","breadcrumb":{"@id":"https:\/\/grupoalcaniz.com\/es\/fabrica-pienso-compuesto\/#breadcrumb"},"inLanguage":"es","potentialAction":[{"@type":"ReadAction","target":["https:\/\/grupoalcaniz.com\/es\/fabrica-pienso-compuesto\/"]}]},{"@type":"BreadcrumbList","@id":"https:\/\/grupoalcaniz.com\/es\/fabrica-pienso-compuesto\/#breadcrumb","itemListElement":[{"@type":"ListItem","position":1,"name":"Portada","item":"https:\/\/grupoalcaniz.com\/es\/"},{"@type":"ListItem","position":2,"name":"F\u00e1brica Pienso Compuesto"}]},{"@type":"WebSite","@id":"https:\/\/grupoalcaniz.com\/es\/#website","url":"https:\/\/grupoalcaniz.com\/es\/","name":"Grupo Alca\u00f1iz","description":"Agricultura, transporte y veterinaria para producir la carne de m\u00e1s alta calidad.","publisher":{"@id":"https:\/\/grupoalcaniz.com\/es\/#organization"},"potentialAction":[{"@type":"SearchAction","target":{"@type":"EntryPoint","urlTemplate":"https:\/\/grupoalcaniz.com\/es\/?s={search_term_string}"},"query-input":{"@type":"PropertyValueSpecification","valueRequired":true,"valueName":"search_term_string"}}],"inLanguage":"es"},{"@type":"Organization","@id":"https:\/\/grupoalcaniz.com\/es\/#organization","name":"Agroganadera Germ\u00e1n S.L.","url":"https:\/\/grupoalcaniz.com\/es\/","logo":{"@type":"ImageObject","inLanguage":"es","@id":"https:\/\/grupoalcaniz.com\/es\/#\/schema\/logo\/image\/","url":"https:\/\/grupoalcaniz.com\/wp-content\/uploads\/2018\/07\/logo-grupo-alca\u00a4iz.png","contentUrl":"https:\/\/grupoalcaniz.com\/wp-content\/uploads\/2018\/07\/logo-grupo-alca\u00a4iz.png","width":232,"height":231,"caption":"Agroganadera Germ\u00e1n S.L."},"image":{"@id":"https:\/\/grupoalcaniz.com\/es\/#\/schema\/logo\/image\/"}}]}},"_links":{"self":[{"href":"https:\/\/grupoalcaniz.com\/es\/wp-json\/wp\/v2\/pages\/1462","targetHints":{"allow":["GET"]}}],"collection":[{"href":"https:\/\/grupoalcaniz.com\/es\/wp-json\/wp\/v2\/pages"}],"about":[{"href":"https:\/\/grupoalcaniz.com\/es\/wp-json\/wp\/v2\/types\/page"}],"author":[{"embeddable":true,"href":"https:\/\/grupoalcaniz.com\/es\/wp-json\/wp\/v2\/users\/2"}],"replies":[{"embeddable":true,"href":"https:\/\/grupoalcaniz.com\/es\/wp-json\/wp\/v2\/comments?post=1462"}],"version-history":[{"count":2,"href":"https:\/\/grupoalcaniz.com\/es\/wp-json\/wp\/v2\/pages\/1462\/revisions"}],"predecessor-version":[{"id":2016,"href":"https:\/\/grupoalcaniz.com\/es\/wp-json\/wp\/v2\/pages\/1462\/revisions\/2016"}],"wp:attachment":[{"href":"https:\/\/grupoalcaniz.com\/es\/wp-json\/wp\/v2\/media?parent=1462"}],"curies":[{"name":"wp","href":"https:\/\/api.w.org\/{rel}","templated":true}]}}