{"id":1416,"date":"2017-08-30T09:49:06","date_gmt":"2017-08-30T09:49:06","guid":{"rendered":"https:\/\/grupoalcaniz.com\/?page_id=1416"},"modified":"2018-10-04T18:57:40","modified_gmt":"2018-10-04T16:57:40","slug":"proteccion-de-datos","status":"publish","type":"page","link":"https:\/\/grupoalcaniz.com\/es\/proteccion-de-datos\/","title":{"rendered":"Protecci\u00f3n de datos"},"content":{"rendered":"<div class=\"fusion-fullwidth fullwidth-box nonhundred-percent-fullwidth non-hundred-percent-height-scrolling\"  style='background-color: #ffffff;background-position: center center;background-repeat: no-repeat;padding-top:0px;padding-right:0px;padding-bottom:0px;padding-left:0px;'><div class=\"fusion-builder-row fusion-row \"><div  class=\"fusion-layout-column fusion_builder_column fusion_builder_column_1_1  fusion-one-full fusion-column-first fusion-column-last 1_1\"  style='margin-top:0px;margin-bottom:0px;'>\n\t\t\t\t\t<div class=\"fusion-column-wrapper\" style=\"padding: 0px 0px 0px 0px;background-position:left top;background-repeat:no-repeat;-webkit-background-size:cover;-moz-background-size:cover;-o-background-size:cover;background-size:cover;\"  data-bg-url=\"\">\n\t\t\t\t\t\t<div class=\"fusion-text\"><p>En cumplimiento de lo establecido en la Ley Org\u00e1nica 15\/1999, de 13 de diciembre, de Protecci\u00f3n de Datos de Car\u00e1cter Personal (en lo sucesivo, LOPD), Agroganadera Germ\u00e1n S.L. con CIF B22249718, pone en conocimiento de los usuarios del Portal www.grupoalcaniz.com, la siguiente informaci\u00f3n<\/p>\n<p>Los datos que los usuarios faciliten como consecuencia de la utilizaci\u00f3n y solicitud de los distintos servicios que se ofrecen a trav\u00e9s de la Web a la que se accede, entre otras, mediante la direcci\u00f3n principal www.grupoalcaniz.com, ser\u00e1n objeto de tratamiento automatizado e incorporados a los correspondientes ficheros cuyo \u00abresponsable\u00bb es la empresa Agroganadera Germ\u00e1n S.L. con domicilio en Calle torre binefar,s\/n, 22558 Albelda (Huesca).<\/p>\n<p>Cuando para la utilizaci\u00f3n o solicitud de alg\u00fan servicio sea necesario facilitar datos de car\u00e1cter personal, los usuarios garantizar\u00e1n su veracidad, exactitud, autenticidad y vigencia. En este sentido, ser\u00e1 obligaci\u00f3n de los usuarios mantener actualizados los datos de forma tal que correspondan a la realidad en cada momento.<\/p>\n<p>Al facilitar datos de car\u00e1cter personal mediante la solicitud de los servicios que se ofrecen a trav\u00e9s del presente Sitio Web o su env\u00edo mediante cualquier otro medio, los usuarios aceptan la incorporaci\u00f3n de los datos facilitados a los ficheros automatizados del Agroganadera Germ\u00e1n S.L.<\/p>\n<p>Los usuarios podr\u00e1n ejercitar, en cualquier momento, los derechos de acceso, rectificaci\u00f3n, cancelaci\u00f3n y oposici\u00f3n de sus datos recopilados y archivados. El ejercicio de estos derechos podr\u00e1 efectuarse mediante el env\u00edo de un e-mail a grupoalcaniz@grupoalcaniz.com o por comunicaci\u00f3n escrita dirigida a Agroganadera Germ\u00e1n S.L. con domicilio en Calle torre binefar,s\/n, 22558 Albelda (Huesca), indicando como referencia \u00abdatos personales\u00bb.<\/p>\n<p>Los datos registrados \u00fanicamente ser\u00e1n utilizados con la finalidad de posibilitar el normal desarrollo de los servicios e informaciones solicitados por el usuario, efectuar estad\u00edsticas, remitir informaci\u00f3n de car\u00e1cter cultural, cient\u00edfico, empresarial y dem\u00e1s finalidades derivadas de las actividades y servicios propios de la entidad responsable de los ficheros.<\/p>\n<p>La direcci\u00f3n de correo electr\u00f3nico facilitada por los usuarios durante el proceso de suscripci\u00f3n a alg\u00fan servicio ofrecido por el Portal www.grupoalcaniz.com, podr\u00e1 ser utilizada para la comunicaci\u00f3n de los boletines informativos de Agroganadera Germ\u00e1n S.L. as\u00ed como de los nuevos servicios y\/o actividades de la empresa. El usuario, en cualquier momento, podr\u00e1 revocar su consentimiento mediante el env\u00edo de un e-mail a grupoalcaniz@grupoalcaniz.com.<\/p>\n<p>Agroganadera Germ\u00e1n S.L.\u00a0se compromete a no recabar informaci\u00f3n innecesaria sobre sus usuarios, indic\u00e1ndoles en cada momento el car\u00e1cter obligatorio o facultativo de las respuestas a las preguntas que les sean planteadas, a tratar con extrema diligencia la informaci\u00f3n personal que le puedan facilitar, y a cumplir en cualquier fase del tratamiento con la obligaci\u00f3n de guardar secreto respecto de los datos facilitados por los usuarios.<br \/>\nAsimismo, se compromete a adoptar en todo momento las medidas de \u00edndole t\u00e9cnica y organizativas legalmente requeridas, para evitar la p\u00e9rdida, alteraci\u00f3n, o acceso no autorizado, implementando a dicho fin todos los medios y sistemas t\u00e9cnicos a su alcance, habida cuenta del estado de la tecnolog\u00eda, la naturaleza de los datos almacenados y los riesgos a que est\u00e1n expuestos, ya provengan de la acci\u00f3n humana o del medio f\u00edsico o natural.<\/p>\n<p>Agroganadera Germ\u00e1n S.L. se reserva el derecho a modificar la pol\u00edtica de tratamiento y seguridad de datos personales, siempre en los t\u00e9rminos permitidos por la legislaci\u00f3n vigente y previa comunicaci\u00f3n a los interesados, bien mediante publicaci\u00f3n en esta misma p\u00e1gina o en cualquier otro lugar de la Web, o por cualquier otro medio de comunicaci\u00f3n o difusi\u00f3n que se consideren oportuno.<\/p>\n<\/div><div class=\"fusion-clearfix\"><\/div>\n\n\t\t\t\t\t<\/div>\n\t\t\t\t<\/div><\/div><\/div>\n","protected":false},"excerpt":{"rendered":"","protected":false},"author":2,"featured_media":0,"parent":0,"menu_order":0,"comment_status":"closed","ping_status":"closed","template":"","meta":{"inline_featured_image":false,"footnotes":""},"class_list":["post-1416","page","type-page","status-publish","hentry"],"yoast_head":"<!-- This site is optimized with the Yoast SEO plugin v26.0 - https:\/\/yoast.com\/wordpress\/plugins\/seo\/ -->\n<title>Protecci\u00f3n de datos - Grupo Alca\u00f1iz<\/title>\n<meta name=\"robots\" content=\"noindex, follow\" \/>\n<meta property=\"og:locale\" content=\"es_ES\" \/>\n<meta property=\"og:type\" content=\"article\" \/>\n<meta property=\"og:title\" content=\"Protecci\u00f3n de datos - Grupo Alca\u00f1iz\" \/>\n<meta property=\"og:url\" content=\"https:\/\/grupoalcaniz.com\/es\/proteccion-de-datos\/\" \/>\n<meta property=\"og:site_name\" content=\"Grupo Alca\u00f1iz\" \/>\n<meta property=\"article:modified_time\" content=\"2018-10-04T16:57:40+00:00\" \/>\n<meta name=\"twitter:card\" content=\"summary_large_image\" \/>\n<meta name=\"twitter:label1\" content=\"Tiempo de lectura\" \/>\n\t<meta name=\"twitter:data1\" content=\"4 minutos\" \/>\n<script type=\"application\/ld+json\" class=\"yoast-schema-graph\">{\"@context\":\"https:\/\/schema.org\",\"@graph\":[{\"@type\":\"WebPage\",\"@id\":\"https:\/\/grupoalcaniz.com\/es\/proteccion-de-datos\/\",\"url\":\"https:\/\/grupoalcaniz.com\/es\/proteccion-de-datos\/\",\"name\":\"Protecci\u00f3n de datos - Grupo Alca\u00f1iz\",\"isPartOf\":{\"@id\":\"https:\/\/grupoalcaniz.com\/es\/#website\"},\"datePublished\":\"2017-08-30T09:49:06+00:00\",\"dateModified\":\"2018-10-04T16:57:40+00:00\",\"breadcrumb\":{\"@id\":\"https:\/\/grupoalcaniz.com\/es\/proteccion-de-datos\/#breadcrumb\"},\"inLanguage\":\"es\",\"potentialAction\":[{\"@type\":\"ReadAction\",\"target\":[\"https:\/\/grupoalcaniz.com\/es\/proteccion-de-datos\/\"]}]},{\"@type\":\"BreadcrumbList\",\"@id\":\"https:\/\/grupoalcaniz.com\/es\/proteccion-de-datos\/#breadcrumb\",\"itemListElement\":[{\"@type\":\"ListItem\",\"position\":1,\"name\":\"Portada\",\"item\":\"https:\/\/grupoalcaniz.com\/es\/\"},{\"@type\":\"ListItem\",\"position\":2,\"name\":\"Protecci\u00f3n de datos\"}]},{\"@type\":\"WebSite\",\"@id\":\"https:\/\/grupoalcaniz.com\/es\/#website\",\"url\":\"https:\/\/grupoalcaniz.com\/es\/\",\"name\":\"Grupo Alca\u00f1iz\",\"description\":\"Agricultura, transporte y veterinaria para producir la carne de m\u00e1s alta calidad.\",\"publisher\":{\"@id\":\"https:\/\/grupoalcaniz.com\/es\/#organization\"},\"potentialAction\":[{\"@type\":\"SearchAction\",\"target\":{\"@type\":\"EntryPoint\",\"urlTemplate\":\"https:\/\/grupoalcaniz.com\/es\/?s={search_term_string}\"},\"query-input\":{\"@type\":\"PropertyValueSpecification\",\"valueRequired\":true,\"valueName\":\"search_term_string\"}}],\"inLanguage\":\"es\"},{\"@type\":\"Organization\",\"@id\":\"https:\/\/grupoalcaniz.com\/es\/#organization\",\"name\":\"Agroganadera Germ\u00e1n S.L.\",\"url\":\"https:\/\/grupoalcaniz.com\/es\/\",\"logo\":{\"@type\":\"ImageObject\",\"inLanguage\":\"es\",\"@id\":\"https:\/\/grupoalcaniz.com\/es\/#\/schema\/logo\/image\/\",\"url\":\"https:\/\/grupoalcaniz.com\/wp-content\/uploads\/2018\/07\/logo-grupo-alca\u00a4iz.png\",\"contentUrl\":\"https:\/\/grupoalcaniz.com\/wp-content\/uploads\/2018\/07\/logo-grupo-alca\u00a4iz.png\",\"width\":232,\"height\":231,\"caption\":\"Agroganadera Germ\u00e1n S.L.\"},\"image\":{\"@id\":\"https:\/\/grupoalcaniz.com\/es\/#\/schema\/logo\/image\/\"}}]}<\/script>\n<!-- \/ Yoast SEO plugin. -->","yoast_head_json":{"title":"Protecci\u00f3n de datos - Grupo Alca\u00f1iz","robots":{"index":"noindex","follow":"follow"},"og_locale":"es_ES","og_type":"article","og_title":"Protecci\u00f3n de datos - Grupo Alca\u00f1iz","og_url":"https:\/\/grupoalcaniz.com\/es\/proteccion-de-datos\/","og_site_name":"Grupo Alca\u00f1iz","article_modified_time":"2018-10-04T16:57:40+00:00","twitter_card":"summary_large_image","twitter_misc":{"Tiempo de lectura":"4 minutos"},"schema":{"@context":"https:\/\/schema.org","@graph":[{"@type":"WebPage","@id":"https:\/\/grupoalcaniz.com\/es\/proteccion-de-datos\/","url":"https:\/\/grupoalcaniz.com\/es\/proteccion-de-datos\/","name":"Protecci\u00f3n de datos - Grupo Alca\u00f1iz","isPartOf":{"@id":"https:\/\/grupoalcaniz.com\/es\/#website"},"datePublished":"2017-08-30T09:49:06+00:00","dateModified":"2018-10-04T16:57:40+00:00","breadcrumb":{"@id":"https:\/\/grupoalcaniz.com\/es\/proteccion-de-datos\/#breadcrumb"},"inLanguage":"es","potentialAction":[{"@type":"ReadAction","target":["https:\/\/grupoalcaniz.com\/es\/proteccion-de-datos\/"]}]},{"@type":"BreadcrumbList","@id":"https:\/\/grupoalcaniz.com\/es\/proteccion-de-datos\/#breadcrumb","itemListElement":[{"@type":"ListItem","position":1,"name":"Portada","item":"https:\/\/grupoalcaniz.com\/es\/"},{"@type":"ListItem","position":2,"name":"Protecci\u00f3n de datos"}]},{"@type":"WebSite","@id":"https:\/\/grupoalcaniz.com\/es\/#website","url":"https:\/\/grupoalcaniz.com\/es\/","name":"Grupo Alca\u00f1iz","description":"Agricultura, transporte y veterinaria para producir la carne de m\u00e1s alta calidad.","publisher":{"@id":"https:\/\/grupoalcaniz.com\/es\/#organization"},"potentialAction":[{"@type":"SearchAction","target":{"@type":"EntryPoint","urlTemplate":"https:\/\/grupoalcaniz.com\/es\/?s={search_term_string}"},"query-input":{"@type":"PropertyValueSpecification","valueRequired":true,"valueName":"search_term_string"}}],"inLanguage":"es"},{"@type":"Organization","@id":"https:\/\/grupoalcaniz.com\/es\/#organization","name":"Agroganadera Germ\u00e1n S.L.","url":"https:\/\/grupoalcaniz.com\/es\/","logo":{"@type":"ImageObject","inLanguage":"es","@id":"https:\/\/grupoalcaniz.com\/es\/#\/schema\/logo\/image\/","url":"https:\/\/grupoalcaniz.com\/wp-content\/uploads\/2018\/07\/logo-grupo-alca\u00a4iz.png","contentUrl":"https:\/\/grupoalcaniz.com\/wp-content\/uploads\/2018\/07\/logo-grupo-alca\u00a4iz.png","width":232,"height":231,"caption":"Agroganadera Germ\u00e1n S.L."},"image":{"@id":"https:\/\/grupoalcaniz.com\/es\/#\/schema\/logo\/image\/"}}]}},"_links":{"self":[{"href":"https:\/\/grupoalcaniz.com\/es\/wp-json\/wp\/v2\/pages\/1416","targetHints":{"allow":["GET"]}}],"collection":[{"href":"https:\/\/grupoalcaniz.com\/es\/wp-json\/wp\/v2\/pages"}],"about":[{"href":"https:\/\/grupoalcaniz.com\/es\/wp-json\/wp\/v2\/types\/page"}],"author":[{"embeddable":true,"href":"https:\/\/grupoalcaniz.com\/es\/wp-json\/wp\/v2\/users\/2"}],"replies":[{"embeddable":true,"href":"https:\/\/grupoalcaniz.com\/es\/wp-json\/wp\/v2\/comments?post=1416"}],"version-history":[{"count":1,"href":"https:\/\/grupoalcaniz.com\/es\/wp-json\/wp\/v2\/pages\/1416\/revisions"}],"predecessor-version":[{"id":1977,"href":"https:\/\/grupoalcaniz.com\/es\/wp-json\/wp\/v2\/pages\/1416\/revisions\/1977"}],"wp:attachment":[{"href":"https:\/\/grupoalcaniz.com\/es\/wp-json\/wp\/v2\/media?parent=1416"}],"curies":[{"name":"wp","href":"https:\/\/api.w.org\/{rel}","templated":true}]}}