{"id":1414,"date":"2017-08-30T09:47:01","date_gmt":"2017-08-30T09:47:01","guid":{"rendered":"https:\/\/grupoalcaniz.com\/?page_id=1414"},"modified":"2018-09-28T13:20:30","modified_gmt":"2018-09-28T11:20:30","slug":"aviso-legal","status":"publish","type":"page","link":"https:\/\/grupoalcaniz.com\/es\/aviso-legal\/","title":{"rendered":"Aviso Legal"},"content":{"rendered":"<div class=\"fusion-fullwidth fullwidth-box nonhundred-percent-fullwidth non-hundred-percent-height-scrolling\"  style='background-color: #ffffff;background-position: center center;background-repeat: no-repeat;padding-top:0px;padding-right:0px;padding-bottom:0px;padding-left:0px;'><div class=\"fusion-builder-row fusion-row \"><div  class=\"fusion-layout-column fusion_builder_column fusion_builder_column_1_1  fusion-one-full fusion-column-first fusion-column-last 1_1\"  style='margin-top:0px;margin-bottom:0px;'>\n\t\t\t\t\t<div class=\"fusion-column-wrapper\" style=\"padding: 0px 0px 0px 0px;background-position:left top;background-repeat:no-repeat;-webkit-background-size:cover;-moz-background-size:cover;-o-background-size:cover;background-size:cover;\"  data-bg-url=\"\">\n\t\t\t\t\t\t<div class=\"fusion-text\"><p>Este sitio Web ha sido creado por Agroganadera Germ\u00e1n S.L. (de ahora en adelante GRUPOALCANIZ.COM) con car\u00e1cter informativo y para su uso personal.<\/p>\n<p>El hecho de acceder a este sitio Web implica el conocimiento y aceptaci\u00f3n de los siguientes t\u00e9rminos y condiciones y atribuye la condici\u00f3n del usuario del Portal y el acceso al mismo implica su aceptaci\u00f3n sin reservas.<\/p>\n<h3>1. Titularidad del sitio Web.<\/h3>\n<p>El nombre de dominio, WWW.GRUPOALCANIZ.COM, est\u00e1 registrado a favor de Agroganadera Germ\u00e1n S.L..<\/p>\n<p>El domicilio social de GRUPOALCANIZ.COM, queda establecido, a los efectos del presente Aviso Legal, en Calle torre binefar,s\/n, 22558 Albelda (Huesca).<\/p>\n<p>Ud. puede ponerse en contacto con nosotros en el siguiente n\u00famero de tel\u00e9fono:<\/p>\n<p>Tel\u00e9fono 974 420 539<\/p>\n<p>CIF B22249718<\/p>\n<h3>2. T\u00e9rminos y Condiciones.<\/h3>\n<p>Los contenidos y servicios incluidos y ofrecidos en este sitio Web, no est\u00e1n dirigidos a aquellas personas residentes en aquellas jurisdicciones donde no se encuentren autorizados. \u00danicamente se encuentran comprendidas en el presente sitio Web aquellas p\u00e1ginas que figuren dentro del mapa del sitio Web. El usuario accede voluntariamente a este sitio Web. El acceso y navegaci\u00f3n en este sitio Web implica aceptar y conocer las advertencias legales, condiciones y t\u00e9rminos de uso contenidos en ella. El mero acceso no implica el establecimiento de ning\u00fan tipo de relaci\u00f3n comercial entre GRUPOALCANIZ.COM, y el usuario del Portal.<\/p>\n<p>El Aviso Legal y\/o las Condiciones del Servicio de GRUPOALCANIZ.COM, establecidas para los servicios prestados a trav\u00e9s del presente sitio Web, podr\u00e1n sufrir modificaciones de cualquier tipo, cuando GRUPOALCANIZ.COM, lo considere oportuno o con la finalidad de adecuarse a los cambios legislativos y tecnol\u00f3gicos futuros. Estas modificaciones ser\u00e1n notificadas convenientemente, siendo v\u00e1lidas desde su publicaci\u00f3n en este sitio Web, salvo manifestaci\u00f3n en contrario. En consecuencia, el Usuario debe leer atentamente el presente Aviso Legal en cada una de las ocasiones en que se proponga utilizar el Portal, ya que aqu\u00e9l puede sufrir modificaciones.<\/p>\n<h3>3. Servicios.<\/h3>\n<p>GRUPOALCANIZ.COM, ofrece determinados servicios a los usuarios, sometidos a los t\u00e9rminos y condiciones indicados en el presente sitio Web, debiendo el usuario leer con atenci\u00f3n las condiciones que se apliquen a cada servicio, que en ning\u00fan caso eximir\u00e1n, salvo manifestaci\u00f3n expresa en contrario, del cumplimiento de lo expresado en el Aviso Legal.<\/p>\n<h3>4. Contenidos.<\/h3>\n<p>GRUPOALCANIZ.COM, realiza los m\u00e1ximos esfuerzos para evitar errores en los contenidos que se publican en el sitio Web. Todos los contenidos que se ofrecen a trav\u00e9s del sitio Web del que GRUPOALCANIZ.COM, es titular o responsable se encuentran actualizados, reserv\u00e1ndose GRUPOALCANIZ.COM, la facultad de poder modificarlos en cualquier momento.<\/p>\n<p>Asimismo queda prohibida la inclusi\u00f3n y comunicaci\u00f3n de contenidos, por parte de los usuarios, que sean falsos o inexactos y que induzcan o puedan inducir a error al resto de usuarios o al personal de GRUPOALCANIZ.COM, en particular los contenidos que se encuentren protegidos por cualesquiera derechos de propiedad intelectual o industrial, pertenecientes a terceras personas, cuando no cuenten con la autorizaci\u00f3n del titular de los derechos, menoscaben o desprestigien la fama o cr\u00e9dito de GRUPOALCANIZ.COM, o sean considerados como un caso de publicidad il\u00edcita, enga\u00f1osa o desleal.<\/p>\n<p>GRUPOALCANIZ.COM, no garantiza la veracidad, exactitud, exhaustividad y actualidad de los Contenidos. GRUPOALCANIZ.COM, excluye, con toda la extensi\u00f3n permitida por el ordenamiento jur\u00eddico, cualquier responsabilidad por los da\u00f1os y perjuicios de toda naturaleza que puedan deberse a la falta de veracidad, exactitud, exhaustividad y\/o actualidad de los contenidos.<\/p>\n<h3>5. Limitaci\u00f3n de Responsabilidad.<\/h3>\n<p>GRUPOALCANIZ.COM, no garantiza la ausencia de virus u otros elementos que pudieran causar da\u00f1os en los sistemas inform\u00e1ticos, en los documentos electr\u00f3nicos o en los ficheros de usuario de este sitio Web, por lo que no se responsabiliza de los perjuicios que se pudieran producir por estas causas.<\/p>\n<p>GRUPOALCANIZ.COM, no se responsabiliza del mal uso que Usted pueda hacer de este sitio Web.<\/p>\n<p>El presente Aviso Legal es aplicable \u00fanicamente a la informaci\u00f3n recogida a trav\u00e9s del sitio Web de GRUPOALCANIZ.COM.<\/p>\n<p>GRUPOALCANIZ.COM, no tiene obligaci\u00f3n de controlar y no controla la utilizaci\u00f3n que los Usuarios hacen del Portal, y de los Contenidos. En particular, GRUPOALCANIZ.COM no garantiza que los Usuarios utilicen el Portal y los Contenidos de conformidad con el presente Aviso Legal, ni que lo hagan de forma diligente y prudente. GRUPOALCANIZ.COM tampoco tiene la obligaci\u00f3n de verificar y no verifica la identidad de los Usuarios, ni la veracidad, vigencia, exhaustividad y\/o autenticidad de los datos que los Usuarios proporcionan sobre s\u00ed mismos.<\/p>\n<h3>6. Propiedad Intelectual e Industrial.<\/h3>\n<p>Este sitio Web y los contenidos que alberga se encuentran protegidos por la legislaci\u00f3n vigente en materia de propiedad intelectual. Se proh\u00edbe la modificaci\u00f3n, copia, reproducci\u00f3n, descarga, transmisi\u00f3n, distribuci\u00f3n o transformaci\u00f3n de los contenidos del Portal, si no se tiene la autorizaci\u00f3n del titular de los correspondientes derechos o se encuentra legalmente permitido. El acceso al sitio Web no supone en ning\u00fan caso adquisici\u00f3n por parte de los usuarios de derecho de propiedad alguno sobre los contenidos que figuran en el mismo.<\/p>\n<p>Las referencias a marcas comerciales o marcas registradas o signos distintivos titularidad de GRUPOALCANIZ.COM, llevan impl\u00edcitas la prohibici\u00f3n sobre su uso sin el consentimiento de GRUPOALCANIZ.COM. En ning\u00fan momento, salvo manifestaci\u00f3n expresa, el acceso o uso del Portal y\/o de sus contenidos, confiere al usuario derecho alguno sobre las marcas, logos, y\/o signos distintivos en \u00e9l incluidos protegidos por Ley.<\/p>\n<p>El Usuario se compromete a utilizar los contenidos puestos a disposici\u00f3n de los Usuarios en el Portal, entendiendo por \u00e9stos, sin que esta enumeraci\u00f3n tenga car\u00e1cter limitativo, los textos, fotograf\u00edas, gr\u00e1ficos, im\u00e1genes, iconos, tecnolog\u00eda, y dem\u00e1s contenidos audiovisuales o sonoros si los hubiera, as\u00ed como su dise\u00f1o gr\u00e1fico y c\u00f3digos fuente (en adelante, los \u00abContenidos\u00bb), de conformidad con la ley, el presente Aviso Legal, y dem\u00e1s avisos, reglamentos de uso e instrucciones puestos en su conocimiento, as\u00ed como con la moral y las buenas costumbres generalmente aceptadas y el orden p\u00fablico, y, en particular, se compromete a abstenerse de:<\/p>\n<p>&#8211; Reproducir, copiar, distribuir, poner a disposici\u00f3n o de cualquier otra forma comunicar p\u00fablicamente, transformar o modificar los Contenidos, a menos que se cuente con la autorizaci\u00f3n del titular de los correspondientes derechos o ello resulte legalmente permitido;<\/p>\n<p>&#8211; Suprimir, manipular o de cualquier forma alterar el \u00abcopyright\u00bb y dem\u00e1s datos identificativos de la reserva de derechos de GRUPOALCANIZ.COM o de sus titulares, de las huellas digitales o de cualesquiera otros medios t\u00e9cnicos establecidos para su reconocimiento.<\/p>\n<p>El Usuario deber\u00e1 abstenerse de obtener e incluso de intentar obtener los Contenidos empleando para ello medios o procedimientos distintos de los que, seg\u00fan los casos, se hayan puesto a su disposici\u00f3n a este efecto o se hayan indicado a este efecto en las p\u00e1ginas Web donde se encuentren los Contenidos o, en general, de los que se empleen habitualmente en Internet a este efecto siempre que no entra\u00f1en un riesgo de da\u00f1o o inutilizaci\u00f3n del Portal, de los Servicios y\/o de los Contenidos.<\/p>\n<h3>7. Navegaci\u00f3n y Seguridad.<\/h3>\n<p>GRUPOALCANIZ.COM, realiza los m\u00e1ximos esfuerzos para garantizar que la navegaci\u00f3n a trav\u00e9s de este sitio Web se realice en las mejores condiciones. Para la \u00f3ptima visualizaci\u00f3n de este sitio Web ser\u00eda conveniente disponer de una versi\u00f3n actualizada de cualquiera de los navegadores Microsoft Edge, Mozilla Firefox o Google Chrome.<\/p>\n<p>GRUPOALCANIZ.COM, no garantiza, ni se responsabiliza de que el acceso a este sitio Web sea ininterrumpido o se encuentre libre de error. En ning\u00fan caso GRUPOALCANIZ.COM ser\u00e1 responsable por los perjuicios de cualquier tipo que surjan por el acceso y el uso de este sitio Web.<\/p>\n<p>Cookies: en ocasiones es posible que la empresa utilice una tecnolog\u00eda llamada \u00abcookies\u00bb con el fin de proporcionar una serie de contenidos y\/o servicios de manera personalizada. Una \u00abcookie\u00bb es un peque\u00f1o elemento de datos que un sitio web puede enviar al programa de navegaci\u00f3n web del usuario. A su vez, este elemento puede almacenarse en el disco duro del ordenador del usuario para reconocerle cuando regrese a nuestro sitio web. En cualquier caso, siempre existe la posibilidad de que el usuario especifique, en las preferencias de su programa de navegaci\u00f3n, que desea recibir un aviso antes de aceptar cualquier \u00abcookie\u00bb. Los datos que ser\u00e1n almacenados en cada cookie son la fecha y hora de la \u00faltima vez que el usuario visit\u00f3 nuestro web, el dise\u00f1o de contenidos que el usuario escogi\u00f3 en su primera visita a nuestro web y los elementos de seguridad que intervienen en el control de acceso a las \u00e1reas restringidas.<\/p>\n<h3>8. Legislaci\u00f3n y Jurisdicci\u00f3n<\/h3>\n<p>Las partes se someten, a su elecci\u00f3n, para la resoluci\u00f3n de los conflictos y con renuncia a cualquier otro fuero, a los juzgados y tribunales del domicilio del usuario.<\/p>\n<\/div><div class=\"fusion-clearfix\"><\/div>\n\n\t\t\t\t\t<\/div>\n\t\t\t\t<\/div><\/div><\/div>\n","protected":false},"excerpt":{"rendered":"","protected":false},"author":2,"featured_media":0,"parent":0,"menu_order":0,"comment_status":"closed","ping_status":"closed","template":"","meta":{"inline_featured_image":false,"footnotes":""},"class_list":["post-1414","page","type-page","status-publish","hentry"],"yoast_head":"<!-- This site is optimized with the Yoast SEO plugin v26.0 - https:\/\/yoast.com\/wordpress\/plugins\/seo\/ -->\n<title>Aviso Legal - Grupo Alca\u00f1iz<\/title>\n<meta name=\"description\" content=\"El hecho de acceder a este sitio Web implica el conocimiento y aceptaci\u00f3n de los siguientes t\u00e9rminos y condiciones y atribuye la condici\u00f3n del...\" \/>\n<meta name=\"robots\" content=\"noindex, follow\" \/>\n<meta property=\"og:locale\" content=\"es_ES\" \/>\n<meta property=\"og:type\" content=\"article\" \/>\n<meta property=\"og:title\" content=\"Aviso Legal - Grupo Alca\u00f1iz\" \/>\n<meta property=\"og:description\" content=\"El hecho de acceder a este sitio Web implica el conocimiento y aceptaci\u00f3n de los siguientes t\u00e9rminos y condiciones y atribuye la condici\u00f3n del...\" \/>\n<meta property=\"og:url\" content=\"https:\/\/grupoalcaniz.com\/es\/aviso-legal\/\" \/>\n<meta property=\"og:site_name\" content=\"Grupo Alca\u00f1iz\" \/>\n<meta property=\"article:modified_time\" content=\"2018-09-28T11:20:30+00:00\" \/>\n<meta name=\"twitter:card\" content=\"summary_large_image\" \/>\n<meta name=\"twitter:label1\" content=\"Tiempo de lectura\" \/>\n\t<meta name=\"twitter:data1\" content=\"9 minutos\" \/>\n<script type=\"application\/ld+json\" class=\"yoast-schema-graph\">{\"@context\":\"https:\/\/schema.org\",\"@graph\":[{\"@type\":\"WebPage\",\"@id\":\"https:\/\/grupoalcaniz.com\/es\/aviso-legal\/\",\"url\":\"https:\/\/grupoalcaniz.com\/es\/aviso-legal\/\",\"name\":\"Aviso Legal - Grupo Alca\u00f1iz\",\"isPartOf\":{\"@id\":\"https:\/\/grupoalcaniz.com\/es\/#website\"},\"datePublished\":\"2017-08-30T09:47:01+00:00\",\"dateModified\":\"2018-09-28T11:20:30+00:00\",\"description\":\"El hecho de acceder a este sitio Web implica el conocimiento y aceptaci\u00f3n de los siguientes t\u00e9rminos y condiciones y atribuye la condici\u00f3n del...\",\"breadcrumb\":{\"@id\":\"https:\/\/grupoalcaniz.com\/es\/aviso-legal\/#breadcrumb\"},\"inLanguage\":\"es\",\"potentialAction\":[{\"@type\":\"ReadAction\",\"target\":[\"https:\/\/grupoalcaniz.com\/es\/aviso-legal\/\"]}]},{\"@type\":\"BreadcrumbList\",\"@id\":\"https:\/\/grupoalcaniz.com\/es\/aviso-legal\/#breadcrumb\",\"itemListElement\":[{\"@type\":\"ListItem\",\"position\":1,\"name\":\"Portada\",\"item\":\"https:\/\/grupoalcaniz.com\/es\/\"},{\"@type\":\"ListItem\",\"position\":2,\"name\":\"Aviso Legal\"}]},{\"@type\":\"WebSite\",\"@id\":\"https:\/\/grupoalcaniz.com\/es\/#website\",\"url\":\"https:\/\/grupoalcaniz.com\/es\/\",\"name\":\"Grupo Alca\u00f1iz\",\"description\":\"Agricultura, transporte y veterinaria para producir la carne de m\u00e1s alta calidad.\",\"publisher\":{\"@id\":\"https:\/\/grupoalcaniz.com\/es\/#organization\"},\"potentialAction\":[{\"@type\":\"SearchAction\",\"target\":{\"@type\":\"EntryPoint\",\"urlTemplate\":\"https:\/\/grupoalcaniz.com\/es\/?s={search_term_string}\"},\"query-input\":{\"@type\":\"PropertyValueSpecification\",\"valueRequired\":true,\"valueName\":\"search_term_string\"}}],\"inLanguage\":\"es\"},{\"@type\":\"Organization\",\"@id\":\"https:\/\/grupoalcaniz.com\/es\/#organization\",\"name\":\"Agroganadera Germ\u00e1n S.L.\",\"url\":\"https:\/\/grupoalcaniz.com\/es\/\",\"logo\":{\"@type\":\"ImageObject\",\"inLanguage\":\"es\",\"@id\":\"https:\/\/grupoalcaniz.com\/es\/#\/schema\/logo\/image\/\",\"url\":\"https:\/\/grupoalcaniz.com\/wp-content\/uploads\/2018\/07\/logo-grupo-alca\u00a4iz.png\",\"contentUrl\":\"https:\/\/grupoalcaniz.com\/wp-content\/uploads\/2018\/07\/logo-grupo-alca\u00a4iz.png\",\"width\":232,\"height\":231,\"caption\":\"Agroganadera Germ\u00e1n S.L.\"},\"image\":{\"@id\":\"https:\/\/grupoalcaniz.com\/es\/#\/schema\/logo\/image\/\"}}]}<\/script>\n<!-- \/ Yoast SEO plugin. -->","yoast_head_json":{"title":"Aviso Legal - Grupo Alca\u00f1iz","description":"El hecho de acceder a este sitio Web implica el conocimiento y aceptaci\u00f3n de los siguientes t\u00e9rminos y condiciones y atribuye la condici\u00f3n del...","robots":{"index":"noindex","follow":"follow"},"og_locale":"es_ES","og_type":"article","og_title":"Aviso Legal - Grupo Alca\u00f1iz","og_description":"El hecho de acceder a este sitio Web implica el conocimiento y aceptaci\u00f3n de los siguientes t\u00e9rminos y condiciones y atribuye la condici\u00f3n del...","og_url":"https:\/\/grupoalcaniz.com\/es\/aviso-legal\/","og_site_name":"Grupo Alca\u00f1iz","article_modified_time":"2018-09-28T11:20:30+00:00","twitter_card":"summary_large_image","twitter_misc":{"Tiempo de lectura":"9 minutos"},"schema":{"@context":"https:\/\/schema.org","@graph":[{"@type":"WebPage","@id":"https:\/\/grupoalcaniz.com\/es\/aviso-legal\/","url":"https:\/\/grupoalcaniz.com\/es\/aviso-legal\/","name":"Aviso Legal - Grupo Alca\u00f1iz","isPartOf":{"@id":"https:\/\/grupoalcaniz.com\/es\/#website"},"datePublished":"2017-08-30T09:47:01+00:00","dateModified":"2018-09-28T11:20:30+00:00","description":"El hecho de acceder a este sitio Web implica el conocimiento y aceptaci\u00f3n de los siguientes t\u00e9rminos y condiciones y atribuye la condici\u00f3n del...","breadcrumb":{"@id":"https:\/\/grupoalcaniz.com\/es\/aviso-legal\/#breadcrumb"},"inLanguage":"es","potentialAction":[{"@type":"ReadAction","target":["https:\/\/grupoalcaniz.com\/es\/aviso-legal\/"]}]},{"@type":"BreadcrumbList","@id":"https:\/\/grupoalcaniz.com\/es\/aviso-legal\/#breadcrumb","itemListElement":[{"@type":"ListItem","position":1,"name":"Portada","item":"https:\/\/grupoalcaniz.com\/es\/"},{"@type":"ListItem","position":2,"name":"Aviso Legal"}]},{"@type":"WebSite","@id":"https:\/\/grupoalcaniz.com\/es\/#website","url":"https:\/\/grupoalcaniz.com\/es\/","name":"Grupo Alca\u00f1iz","description":"Agricultura, transporte y veterinaria para producir la carne de m\u00e1s alta calidad.","publisher":{"@id":"https:\/\/grupoalcaniz.com\/es\/#organization"},"potentialAction":[{"@type":"SearchAction","target":{"@type":"EntryPoint","urlTemplate":"https:\/\/grupoalcaniz.com\/es\/?s={search_term_string}"},"query-input":{"@type":"PropertyValueSpecification","valueRequired":true,"valueName":"search_term_string"}}],"inLanguage":"es"},{"@type":"Organization","@id":"https:\/\/grupoalcaniz.com\/es\/#organization","name":"Agroganadera Germ\u00e1n S.L.","url":"https:\/\/grupoalcaniz.com\/es\/","logo":{"@type":"ImageObject","inLanguage":"es","@id":"https:\/\/grupoalcaniz.com\/es\/#\/schema\/logo\/image\/","url":"https:\/\/grupoalcaniz.com\/wp-content\/uploads\/2018\/07\/logo-grupo-alca\u00a4iz.png","contentUrl":"https:\/\/grupoalcaniz.com\/wp-content\/uploads\/2018\/07\/logo-grupo-alca\u00a4iz.png","width":232,"height":231,"caption":"Agroganadera Germ\u00e1n S.L."},"image":{"@id":"https:\/\/grupoalcaniz.com\/es\/#\/schema\/logo\/image\/"}}]}},"_links":{"self":[{"href":"https:\/\/grupoalcaniz.com\/es\/wp-json\/wp\/v2\/pages\/1414","targetHints":{"allow":["GET"]}}],"collection":[{"href":"https:\/\/grupoalcaniz.com\/es\/wp-json\/wp\/v2\/pages"}],"about":[{"href":"https:\/\/grupoalcaniz.com\/es\/wp-json\/wp\/v2\/types\/page"}],"author":[{"embeddable":true,"href":"https:\/\/grupoalcaniz.com\/es\/wp-json\/wp\/v2\/users\/2"}],"replies":[{"embeddable":true,"href":"https:\/\/grupoalcaniz.com\/es\/wp-json\/wp\/v2\/comments?post=1414"}],"version-history":[{"count":0,"href":"https:\/\/grupoalcaniz.com\/es\/wp-json\/wp\/v2\/pages\/1414\/revisions"}],"wp:attachment":[{"href":"https:\/\/grupoalcaniz.com\/es\/wp-json\/wp\/v2\/media?parent=1414"}],"curies":[{"name":"wp","href":"https:\/\/api.w.org\/{rel}","templated":true}]}}